{"id":262719,"date":"2025-11-24T15:18:08","date_gmt":"2025-11-24T14:18:08","guid":{"rendered":"https:\/\/webdesi-gn.fr\/dev_deltalabo\/?post_type=product&#038;p=262719"},"modified":"2025-11-24T15:20:42","modified_gmt":"2025-11-24T14:20:42","slug":"systeme-deau-ultrapure-evoqua-labostar-pro-twf","status":"publish","type":"product","link":"https:\/\/webdesi-gn.fr\/dev_deltalabo\/produits\/categories\/systeme-deau-ultrapure-evoqua-labostar-pro-twf\/","title":{"rendered":"Syst\u00e8me d\u2019eau ultrapure Evoqua &#8211; LaboStar\u00ae Pro TWF"},"content":{"rendered":"","protected":false},"excerpt":{"rendered":"<p><strong>Syst\u00e8me d\u2019eau ultrapure Evoqua &#8211; LaboStar\u00ae Pro TWF :<\/strong><\/p>\n<p>Les syst\u00e8mes LaboStar\u00ae PRO\u200b TWF produisent une eau ultrapure directement depuis votre r\u00e9seau d\u2019eau potable. Cet \u00e9quipement comprend une unit\u00e9 de pr\u00e9filtration et une membrane d\u2019osmose inverse.<\/p>\n<p>L\u2019eau purifi\u00e9e est accumul\u00e9e dans un r\u00e9servoir int\u00e9gr\u00e9 et une pompe de circulation finit par la faire circuler dans le module de polissage. L\u2019utilisateur peut extraire soit une eau de Type III du r\u00e9servoir de stockage int\u00e9gr\u00e9 de 7 litres, soit une eau de Type I du distributeur avec une qualit\u00e9 de 0,055 \u00b5S\/cm, \u00e9quivalent \u00e0 18,2 M\u03a9-cm, et une teneur en mati\u00e8res organiques totales situ\u00e9e entre 1 et 10 ppb, en fonction du type de syst\u00e8me.<\/p>\n<p>L\u2019eau de qualit\u00e9 d\u2019osmose inverse s\u2019affiche \u00e9galement.<\/p>\n<p>L\u2019\u00e9quipement LaboStar(R) PRO TWF peut produire de mani\u00e8re \u00e9conomique de petites quantit\u00e9s d\u2019eau de qualit\u00e9 d\u2019analyse. La qualit\u00e9 de l\u2019eau d\u00e9passe toutes les normes pertinentes, y compris ASTM Type I, CLSI et ISO 3696 Type I.<\/p>\n<p><strong>T\u00e9l\u00e9charger la brochure produit :<\/strong> <a href=\"https:\/\/www.deltalabo.fr\/wp-content\/uploads\/2025\/10\/LaboStar-PRO-TWF-fr-DL-2025-new.pdf\">Syst\u00e8me d&rsquo;eau ultrapure Evoqua &#8211; LaboStar<strong>\u00ae<\/strong> Pro TWF<\/a><\/p>\n<p>&nbsp;<\/p>\n","protected":false},"featured_media":262793,"template":"","meta":{"_acf_changed":false,"site-sidebar-layout":"default","site-content-layout":"","ast-site-content-layout":"default","site-content-style":"default","site-sidebar-style":"default","ast-global-header-display":"","ast-banner-title-visibility":"","ast-main-header-display":"","ast-hfb-above-header-display":"","ast-hfb-below-header-display":"","ast-hfb-mobile-header-display":"","site-post-title":"","ast-breadcrumbs-content":"","ast-featured-img":"","footer-sml-layout":"","ast-disable-related-posts":"","theme-transparent-header-meta":"","adv-header-id-meta":"","stick-header-meta":"","header-above-stick-meta":"","header-main-stick-meta":"","header-below-stick-meta":"","astra-migrate-meta-layouts":"default","ast-page-background-enabled":"default","ast-page-background-meta":{"desktop":{"background-color":"var(--ast-global-color-5)","background-image":"","background-repeat":"repeat","background-position":"center center","background-size":"auto","background-attachment":"scroll","background-type":"","background-media":"","overlay-type":"","overlay-color":"","overlay-opacity":"","overlay-gradient":""},"tablet":{"background-color":"","background-image":"","background-repeat":"repeat","background-position":"center center","background-size":"auto","background-attachment":"scroll","background-type":"","background-media":"","overlay-type":"","overlay-color":"","overlay-opacity":"","overlay-gradient":""},"mobile":{"background-color":"","background-image":"","background-repeat":"repeat","background-position":"center center","background-size":"auto","background-attachment":"scroll","background-type":"","background-media":"","overlay-type":"","overlay-color":"","overlay-opacity":"","overlay-gradient":""}},"ast-content-background-meta":{"desktop":{"background-color":"var(--ast-global-color-4)","background-image":"","background-repeat":"repeat","background-position":"center center","background-size":"auto","background-attachment":"scroll","background-type":"","background-media":"","overlay-type":"","overlay-color":"","overlay-opacity":"","overlay-gradient":""},"tablet":{"background-color":"var(--ast-global-color-4)","background-image":"","background-repeat":"repeat","background-position":"center center","background-size":"auto","background-attachment":"scroll","background-type":"","background-media":"","overlay-type":"","overlay-color":"","overlay-opacity":"","overlay-gradient":""},"mobile":{"background-color":"var(--ast-global-color-4)","background-image":"","background-repeat":"repeat","background-position":"center center","background-size":"auto","background-attachment":"scroll","background-type":"","background-media":"","overlay-type":"","overlay-color":"","overlay-opacity":"","overlay-gradient":""}}},"domaine":[],"normes":[],"product_brand":[],"product_cat":[17240],"product_tag":[],"class_list":{"0":"post-262719","1":"product","2":"type-product","3":"status-publish","4":"has-post-thumbnail","6":"product_cat-categories","7":"desktop-align-left","8":"tablet-align-left","9":"mobile-align-left","11":"first","12":"instock","13":"shipping-taxable","14":"product-type-simple"},"acf":[],"yoast_head":"<!-- This site is optimized with the Yoast SEO plugin v27.4 - https:\/\/yoast.com\/product\/yoast-seo-wordpress\/ -->\n<title>Syst\u00e8me d\u2019eau ultrapure Evoqua - LaboStar\u00ae Pro TWF | DeltaLabo<\/title>\n<meta name=\"robots\" content=\"noindex, follow, max-snippet:-1, max-image-preview:large, max-video-preview:-1\" \/>\n<meta property=\"og:locale\" content=\"fr_FR\" \/>\n<meta property=\"og:type\" content=\"article\" \/>\n<meta property=\"og:title\" content=\"Syst\u00e8me d\u2019eau ultrapure Evoqua - LaboStar\u00ae Pro TWF | DeltaLabo\" \/>\n<meta property=\"og:description\" content=\"Syst\u00e8me d\u2019eau ultrapure Evoqua - LaboStar\u00ae Pro TWF :  Les syst\u00e8mes LaboStar\u00ae PRO\u200b TWF produisent une eau ultrapure directement depuis votre r\u00e9seau d\u2019eau potable. Cet \u00e9quipement comprend une unit\u00e9 de pr\u00e9filtration et une membrane d\u2019osmose inverse.  L\u2019eau purifi\u00e9e est accumul\u00e9e dans un r\u00e9servoir int\u00e9gr\u00e9 et une pompe de circulation finit par la faire circuler dans le module de polissage. L\u2019utilisateur peut extraire soit une eau de Type III du r\u00e9servoir de stockage int\u00e9gr\u00e9 de 7 litres, soit une eau de Type I du distributeur avec une qualit\u00e9 de 0,055 \u00b5S\/cm, \u00e9quivalent \u00e0 18,2 M\u03a9-cm, et une teneur en mati\u00e8res organiques totales situ\u00e9e entre 1 et 10 ppb, en fonction du type de syst\u00e8me.  L\u2019eau de qualit\u00e9 d\u2019osmose inverse s\u2019affiche \u00e9galement.  L\u2019\u00e9quipement LaboStar(R) PRO TWF peut produire de mani\u00e8re \u00e9conomique de petites quantit\u00e9s d\u2019eau de qualit\u00e9 d\u2019analyse. La qualit\u00e9 de l\u2019eau d\u00e9passe toutes les normes pertinentes, y compris ASTM Type I, CLSI et ISO 3696 Type I.  T\u00e9l\u00e9charger la brochure produit : Syst\u00e8me d&#039;eau ultrapure Evoqua - LaboStar\u00ae Pro TWF  &nbsp;\" \/>\n<meta property=\"og:url\" content=\"https:\/\/webdesi-gn.fr\/dev_deltalabo\/produits\/cat-produit\/systeme-deau-ultrapure-evoqua-labostar-pro-twf\/\" \/>\n<meta property=\"og:site_name\" content=\"DeltaLabo\" \/>\n<meta property=\"article:modified_time\" content=\"2025-11-24T14:20:42+00:00\" \/>\n<meta property=\"og:image\" content=\"https:\/\/webdesi-gn.fr\/dev_deltalabo\/wp-content\/uploads\/2022\/01\/laboratory-g43d8b3442_1280.jpg\" \/>\n\t<meta property=\"og:image:width\" content=\"1280\" \/>\n\t<meta property=\"og:image:height\" content=\"853\" \/>\n\t<meta property=\"og:image:type\" content=\"image\/jpeg\" \/>\n<meta name=\"twitter:card\" content=\"summary_large_image\" \/>\n<script type=\"application\/ld+json\" class=\"yoast-schema-graph\">{\"@context\":\"https:\\\/\\\/schema.org\",\"@graph\":[{\"@type\":\"WebPage\",\"@id\":\"https:\\\/\\\/webdesi-gn.fr\\\/dev_deltalabo\\\/produits\\\/cat-produit\\\/systeme-deau-ultrapure-evoqua-labostar-pro-twf\\\/\",\"url\":\"https:\\\/\\\/webdesi-gn.fr\\\/dev_deltalabo\\\/produits\\\/cat-produit\\\/systeme-deau-ultrapure-evoqua-labostar-pro-twf\\\/\",\"name\":\"Syst\u00e8me d\u2019eau ultrapure Evoqua - LaboStar\u00ae Pro TWF | DeltaLabo\",\"isPartOf\":{\"@id\":\"https:\\\/\\\/webdesi-gn.fr\\\/dev_deltalabo\\\/#website\"},\"primaryImageOfPage\":{\"@id\":\"https:\\\/\\\/webdesi-gn.fr\\\/dev_deltalabo\\\/produits\\\/cat-produit\\\/systeme-deau-ultrapure-evoqua-labostar-pro-twf\\\/#primaryimage\"},\"image\":{\"@id\":\"https:\\\/\\\/webdesi-gn.fr\\\/dev_deltalabo\\\/produits\\\/cat-produit\\\/systeme-deau-ultrapure-evoqua-labostar-pro-twf\\\/#primaryimage\"},\"thumbnailUrl\":\"https:\\\/\\\/webdesi-gn.fr\\\/dev_deltalabo\\\/wp-content\\\/uploads\\\/2025\\\/11\\\/DELTA-LABO-LaboStar-PRO-TWF.webp\",\"datePublished\":\"2025-11-24T14:18:08+00:00\",\"dateModified\":\"2025-11-24T14:20:42+00:00\",\"breadcrumb\":{\"@id\":\"https:\\\/\\\/webdesi-gn.fr\\\/dev_deltalabo\\\/produits\\\/cat-produit\\\/systeme-deau-ultrapure-evoqua-labostar-pro-twf\\\/#breadcrumb\"},\"inLanguage\":\"fr-FR\",\"potentialAction\":[{\"@type\":\"ReadAction\",\"target\":[\"https:\\\/\\\/webdesi-gn.fr\\\/dev_deltalabo\\\/produits\\\/cat-produit\\\/systeme-deau-ultrapure-evoqua-labostar-pro-twf\\\/\"]}]},{\"@type\":\"ImageObject\",\"inLanguage\":\"fr-FR\",\"@id\":\"https:\\\/\\\/webdesi-gn.fr\\\/dev_deltalabo\\\/produits\\\/cat-produit\\\/systeme-deau-ultrapure-evoqua-labostar-pro-twf\\\/#primaryimage\",\"url\":\"https:\\\/\\\/webdesi-gn.fr\\\/dev_deltalabo\\\/wp-content\\\/uploads\\\/2025\\\/11\\\/DELTA-LABO-LaboStar-PRO-TWF.webp\",\"contentUrl\":\"https:\\\/\\\/webdesi-gn.fr\\\/dev_deltalabo\\\/wp-content\\\/uploads\\\/2025\\\/11\\\/DELTA-LABO-LaboStar-PRO-TWF.webp\",\"width\":500,\"height\":500},{\"@type\":\"BreadcrumbList\",\"@id\":\"https:\\\/\\\/webdesi-gn.fr\\\/dev_deltalabo\\\/produits\\\/cat-produit\\\/systeme-deau-ultrapure-evoqua-labostar-pro-twf\\\/#breadcrumb\",\"itemListElement\":[{\"@type\":\"ListItem\",\"position\":1,\"name\":\"Accueil\",\"item\":\"https:\\\/\\\/webdesi-gn.fr\\\/dev_deltalabo\\\/\"},{\"@type\":\"ListItem\",\"position\":2,\"name\":\"Produits\",\"item\":\"https:\\\/\\\/webdesi-gn.fr\\\/dev_deltalabo\\\/produits\\\/\"},{\"@type\":\"ListItem\",\"position\":3,\"name\":\"Syst\u00e8me d\u2019eau ultrapure Evoqua &#8211; LaboStar\u00ae Pro TWF\"}]},{\"@type\":\"WebSite\",\"@id\":\"https:\\\/\\\/webdesi-gn.fr\\\/dev_deltalabo\\\/#website\",\"url\":\"https:\\\/\\\/webdesi-gn.fr\\\/dev_deltalabo\\\/\",\"name\":\"Delta Labo\",\"description\":\"Un site utilisant WordPress\",\"publisher\":{\"@id\":\"https:\\\/\\\/webdesi-gn.fr\\\/dev_deltalabo\\\/#organization\"},\"alternateName\":\"Delta Labo\",\"potentialAction\":[{\"@type\":\"SearchAction\",\"target\":{\"@type\":\"EntryPoint\",\"urlTemplate\":\"https:\\\/\\\/webdesi-gn.fr\\\/dev_deltalabo\\\/?s={search_term_string}\"},\"query-input\":{\"@type\":\"PropertyValueSpecification\",\"valueRequired\":true,\"valueName\":\"search_term_string\"}}],\"inLanguage\":\"fr-FR\"},{\"@type\":\"Organization\",\"@id\":\"https:\\\/\\\/webdesi-gn.fr\\\/dev_deltalabo\\\/#organization\",\"name\":\"DeltaLabo\",\"url\":\"https:\\\/\\\/webdesi-gn.fr\\\/dev_deltalabo\\\/\",\"logo\":{\"@type\":\"ImageObject\",\"inLanguage\":\"fr-FR\",\"@id\":\"https:\\\/\\\/webdesi-gn.fr\\\/dev_deltalabo\\\/#\\\/schema\\\/logo\\\/image\\\/\",\"url\":\"https:\\\/\\\/webdesi-gn.fr\\\/dev_deltalabo\\\/wp-content\\\/uploads\\\/2022\\\/07\\\/logo-deltalabo.png\",\"contentUrl\":\"https:\\\/\\\/webdesi-gn.fr\\\/dev_deltalabo\\\/wp-content\\\/uploads\\\/2022\\\/07\\\/logo-deltalabo.png\",\"width\":694,\"height\":306,\"caption\":\"DeltaLabo\"},\"image\":{\"@id\":\"https:\\\/\\\/webdesi-gn.fr\\\/dev_deltalabo\\\/#\\\/schema\\\/logo\\\/image\\\/\"}}]}<\/script>\n<!-- \/ Yoast SEO plugin. -->","yoast_head_json":{"title":"Syst\u00e8me d\u2019eau ultrapure Evoqua - LaboStar\u00ae Pro TWF | DeltaLabo","robots":{"index":"noindex","follow":"follow","max-snippet":"max-snippet:-1","max-image-preview":"max-image-preview:large","max-video-preview":"max-video-preview:-1"},"og_locale":"fr_FR","og_type":"article","og_title":"Syst\u00e8me d\u2019eau ultrapure Evoqua - LaboStar\u00ae Pro TWF | DeltaLabo","og_description":"Syst\u00e8me d\u2019eau ultrapure Evoqua - LaboStar\u00ae Pro TWF :  Les syst\u00e8mes LaboStar\u00ae PRO\u200b TWF produisent une eau ultrapure directement depuis votre r\u00e9seau d\u2019eau potable. Cet \u00e9quipement comprend une unit\u00e9 de pr\u00e9filtration et une membrane d\u2019osmose inverse.  L\u2019eau purifi\u00e9e est accumul\u00e9e dans un r\u00e9servoir int\u00e9gr\u00e9 et une pompe de circulation finit par la faire circuler dans le module de polissage. L\u2019utilisateur peut extraire soit une eau de Type III du r\u00e9servoir de stockage int\u00e9gr\u00e9 de 7 litres, soit une eau de Type I du distributeur avec une qualit\u00e9 de 0,055 \u00b5S\/cm, \u00e9quivalent \u00e0 18,2 M\u03a9-cm, et une teneur en mati\u00e8res organiques totales situ\u00e9e entre 1 et 10 ppb, en fonction du type de syst\u00e8me.  L\u2019eau de qualit\u00e9 d\u2019osmose inverse s\u2019affiche \u00e9galement.  L\u2019\u00e9quipement LaboStar(R) PRO TWF peut produire de mani\u00e8re \u00e9conomique de petites quantit\u00e9s d\u2019eau de qualit\u00e9 d\u2019analyse. La qualit\u00e9 de l\u2019eau d\u00e9passe toutes les normes pertinentes, y compris ASTM Type I, CLSI et ISO 3696 Type I.  T\u00e9l\u00e9charger la brochure produit : Syst\u00e8me d'eau ultrapure Evoqua - LaboStar\u00ae Pro TWF  &nbsp;","og_url":"https:\/\/webdesi-gn.fr\/dev_deltalabo\/produits\/cat-produit\/systeme-deau-ultrapure-evoqua-labostar-pro-twf\/","og_site_name":"DeltaLabo","article_modified_time":"2025-11-24T14:20:42+00:00","og_image":[{"width":1280,"height":853,"url":"https:\/\/webdesi-gn.fr\/dev_deltalabo\/wp-content\/uploads\/2022\/01\/laboratory-g43d8b3442_1280.jpg","type":"image\/jpeg"}],"twitter_card":"summary_large_image","schema":{"@context":"https:\/\/schema.org","@graph":[{"@type":"WebPage","@id":"https:\/\/webdesi-gn.fr\/dev_deltalabo\/produits\/cat-produit\/systeme-deau-ultrapure-evoqua-labostar-pro-twf\/","url":"https:\/\/webdesi-gn.fr\/dev_deltalabo\/produits\/cat-produit\/systeme-deau-ultrapure-evoqua-labostar-pro-twf\/","name":"Syst\u00e8me d\u2019eau ultrapure Evoqua - LaboStar\u00ae Pro TWF | DeltaLabo","isPartOf":{"@id":"https:\/\/webdesi-gn.fr\/dev_deltalabo\/#website"},"primaryImageOfPage":{"@id":"https:\/\/webdesi-gn.fr\/dev_deltalabo\/produits\/cat-produit\/systeme-deau-ultrapure-evoqua-labostar-pro-twf\/#primaryimage"},"image":{"@id":"https:\/\/webdesi-gn.fr\/dev_deltalabo\/produits\/cat-produit\/systeme-deau-ultrapure-evoqua-labostar-pro-twf\/#primaryimage"},"thumbnailUrl":"https:\/\/webdesi-gn.fr\/dev_deltalabo\/wp-content\/uploads\/2025\/11\/DELTA-LABO-LaboStar-PRO-TWF.webp","datePublished":"2025-11-24T14:18:08+00:00","dateModified":"2025-11-24T14:20:42+00:00","breadcrumb":{"@id":"https:\/\/webdesi-gn.fr\/dev_deltalabo\/produits\/cat-produit\/systeme-deau-ultrapure-evoqua-labostar-pro-twf\/#breadcrumb"},"inLanguage":"fr-FR","potentialAction":[{"@type":"ReadAction","target":["https:\/\/webdesi-gn.fr\/dev_deltalabo\/produits\/cat-produit\/systeme-deau-ultrapure-evoqua-labostar-pro-twf\/"]}]},{"@type":"ImageObject","inLanguage":"fr-FR","@id":"https:\/\/webdesi-gn.fr\/dev_deltalabo\/produits\/cat-produit\/systeme-deau-ultrapure-evoqua-labostar-pro-twf\/#primaryimage","url":"https:\/\/webdesi-gn.fr\/dev_deltalabo\/wp-content\/uploads\/2025\/11\/DELTA-LABO-LaboStar-PRO-TWF.webp","contentUrl":"https:\/\/webdesi-gn.fr\/dev_deltalabo\/wp-content\/uploads\/2025\/11\/DELTA-LABO-LaboStar-PRO-TWF.webp","width":500,"height":500},{"@type":"BreadcrumbList","@id":"https:\/\/webdesi-gn.fr\/dev_deltalabo\/produits\/cat-produit\/systeme-deau-ultrapure-evoqua-labostar-pro-twf\/#breadcrumb","itemListElement":[{"@type":"ListItem","position":1,"name":"Accueil","item":"https:\/\/webdesi-gn.fr\/dev_deltalabo\/"},{"@type":"ListItem","position":2,"name":"Produits","item":"https:\/\/webdesi-gn.fr\/dev_deltalabo\/produits\/"},{"@type":"ListItem","position":3,"name":"Syst\u00e8me d\u2019eau ultrapure Evoqua &#8211; LaboStar\u00ae Pro TWF"}]},{"@type":"WebSite","@id":"https:\/\/webdesi-gn.fr\/dev_deltalabo\/#website","url":"https:\/\/webdesi-gn.fr\/dev_deltalabo\/","name":"Delta Labo","description":"Un site utilisant WordPress","publisher":{"@id":"https:\/\/webdesi-gn.fr\/dev_deltalabo\/#organization"},"alternateName":"Delta Labo","potentialAction":[{"@type":"SearchAction","target":{"@type":"EntryPoint","urlTemplate":"https:\/\/webdesi-gn.fr\/dev_deltalabo\/?s={search_term_string}"},"query-input":{"@type":"PropertyValueSpecification","valueRequired":true,"valueName":"search_term_string"}}],"inLanguage":"fr-FR"},{"@type":"Organization","@id":"https:\/\/webdesi-gn.fr\/dev_deltalabo\/#organization","name":"DeltaLabo","url":"https:\/\/webdesi-gn.fr\/dev_deltalabo\/","logo":{"@type":"ImageObject","inLanguage":"fr-FR","@id":"https:\/\/webdesi-gn.fr\/dev_deltalabo\/#\/schema\/logo\/image\/","url":"https:\/\/webdesi-gn.fr\/dev_deltalabo\/wp-content\/uploads\/2022\/07\/logo-deltalabo.png","contentUrl":"https:\/\/webdesi-gn.fr\/dev_deltalabo\/wp-content\/uploads\/2022\/07\/logo-deltalabo.png","width":694,"height":306,"caption":"DeltaLabo"},"image":{"@id":"https:\/\/webdesi-gn.fr\/dev_deltalabo\/#\/schema\/logo\/image\/"}}]}},"_links":{"self":[{"href":"https:\/\/webdesi-gn.fr\/dev_deltalabo\/wp-json\/wp\/v2\/product\/262719","targetHints":{"allow":["GET"]}}],"collection":[{"href":"https:\/\/webdesi-gn.fr\/dev_deltalabo\/wp-json\/wp\/v2\/product"}],"about":[{"href":"https:\/\/webdesi-gn.fr\/dev_deltalabo\/wp-json\/wp\/v2\/types\/product"}],"wp:featuredmedia":[{"embeddable":true,"href":"https:\/\/webdesi-gn.fr\/dev_deltalabo\/wp-json\/wp\/v2\/media\/262793"}],"wp:attachment":[{"href":"https:\/\/webdesi-gn.fr\/dev_deltalabo\/wp-json\/wp\/v2\/media?parent=262719"}],"wp:term":[{"taxonomy":"domaine","embeddable":true,"href":"https:\/\/webdesi-gn.fr\/dev_deltalabo\/wp-json\/wp\/v2\/domaine?post=262719"},{"taxonomy":"normes","embeddable":true,"href":"https:\/\/webdesi-gn.fr\/dev_deltalabo\/wp-json\/wp\/v2\/normes?post=262719"},{"taxonomy":"product_brand","embeddable":true,"href":"https:\/\/webdesi-gn.fr\/dev_deltalabo\/wp-json\/wp\/v2\/product_brand?post=262719"},{"taxonomy":"product_cat","embeddable":true,"href":"https:\/\/webdesi-gn.fr\/dev_deltalabo\/wp-json\/wp\/v2\/product_cat?post=262719"},{"taxonomy":"product_tag","embeddable":true,"href":"https:\/\/webdesi-gn.fr\/dev_deltalabo\/wp-json\/wp\/v2\/product_tag?post=262719"}],"curies":[{"name":"wp","href":"https:\/\/api.w.org\/{rel}","templated":true}]}}