{"id":262721,"date":"2025-11-24T15:18:09","date_gmt":"2025-11-24T14:18:09","guid":{"rendered":"https:\/\/webdesi-gn.fr\/dev_deltalabo\/?post_type=product&#038;p=262721"},"modified":"2026-03-27T10:27:04","modified_gmt":"2026-03-27T09:27:04","slug":"spectrophotometre-wtw-photolab-serie-7000","status":"publish","type":"product","link":"https:\/\/webdesi-gn.fr\/dev_deltalabo\/produits\/agro-alimentaire-boissons\/spectrophotometre\/spectrophotometre-wtw-photolab-serie-7000\/","title":{"rendered":"Spectrophotom\u00e8tre WTW &#8211; photoLab\u00ae s\u00e9rie 7000"},"content":{"rendered":"","protected":false},"excerpt":{"rendered":"<p><strong>Spectrophotom\u00e8tre WTW &#8211; photoLab\u00ae s\u00e9rie 7000 :<\/strong><\/p>\n<p>Les spectrophotom\u00e8tres photoLab\u00ae s\u00e9rie 7000 de WTW existent en 2 versions : photoLab\u00ae 7100 VIS et photoLab\u00ae 7600 UV-VIS. Ce sont des instruments de mesure polyvalent utilis\u00e9s pour l&rsquo;analyse de l&rsquo;eau et l&rsquo;industrie du vin ou encore la recherche et l&rsquo;enseignement.<\/p>\n<ul>\n<li>photoLab\u00ae 7100 VIS couvre la gamme de 320 \u00e0 1100 nm. Instrument universel adapt\u00e9 \u00e0 toutes les mesures de routine avec des kits de test, dans les laboratoires de service, l&rsquo;industrie et la R&amp;D, partout o\u00f9 la gamme UV n&rsquo;est pas n\u00e9cessaire.<\/li>\n<li>photoLab\u00ae 7600 UV-VIS couvre la gamme de 190 \u00e0 1100 nm. Id\u00e9al pour un autocontr\u00f4le suppl\u00e9mentaire avec des m\u00e9thodes optiques sans r\u00e9actifs (OptRF) et des proc\u00e9dures UV-VIS pour de nombreuses applications.<\/li>\n<\/ul>\n<p>L&rsquo;\u00e9cran couleur HD lumineux prend en charge les op\u00e9rations guid\u00e9es par menu :<\/p>\n<ul>\n<li>Mesures de spectres et de cin\u00e9tique<\/li>\n<li>Apprentissage des bases et de la photom\u00e9trie moderne dans l&rsquo;enseignement<\/li>\n<li>Lecteur de code-barres int\u00e9gr\u00e9 et reconnaissance automatique de cuve<\/li>\n<li>M\u00e9thodes courantes telles que UVT, SAC, coloration ou chlorophylle<\/li>\n<li>AQA \u00e0 plusieurs niveaux<\/li>\n<\/ul>\n<p><strong>T\u00e9l\u00e9charger la brochure produit<\/strong> : <a href=\"https:\/\/www.deltalabo.fr\/wp-content\/uploads\/2025\/07\/Flyer_4_Spectrophotometer-photoLab-7000-series-engl-DL.pdf\">Spectrophotom\u00e8tre WTW &#8211; photoLab\u00ae s\u00e9rie 7000<\/a><\/p>\n","protected":false},"featured_media":262802,"template":"","meta":{"_acf_changed":false,"site-sidebar-layout":"default","site-content-layout":"","ast-site-content-layout":"default","site-content-style":"default","site-sidebar-style":"default","ast-global-header-display":"","ast-banner-title-visibility":"","ast-main-header-display":"","ast-hfb-above-header-display":"","ast-hfb-below-header-display":"","ast-hfb-mobile-header-display":"","site-post-title":"","ast-breadcrumbs-content":"","ast-featured-img":"","footer-sml-layout":"","ast-disable-related-posts":"","theme-transparent-header-meta":"default","adv-header-id-meta":"","stick-header-meta":"","header-above-stick-meta":"","header-main-stick-meta":"","header-below-stick-meta":"","astra-migrate-meta-layouts":"set","ast-page-background-enabled":"default","ast-page-background-meta":{"desktop":{"background-color":"var(--ast-global-color-5)","background-image":"","background-repeat":"repeat","background-position":"center center","background-size":"auto","background-attachment":"scroll","background-type":"","background-media":"","overlay-type":"","overlay-color":"","overlay-opacity":"","overlay-gradient":""},"tablet":{"background-color":"","background-image":"","background-repeat":"repeat","background-position":"center center","background-size":"auto","background-attachment":"scroll","background-type":"","background-media":"","overlay-type":"","overlay-color":"","overlay-opacity":"","overlay-gradient":""},"mobile":{"background-color":"","background-image":"","background-repeat":"repeat","background-position":"center center","background-size":"auto","background-attachment":"scroll","background-type":"","background-media":"","overlay-type":"","overlay-color":"","overlay-opacity":"","overlay-gradient":""}},"ast-content-background-meta":{"desktop":{"background-color":"var(--ast-global-color-4)","background-image":"","background-repeat":"repeat","background-position":"center center","background-size":"auto","background-attachment":"scroll","background-type":"","background-media":"","overlay-type":"","overlay-color":"","overlay-opacity":"","overlay-gradient":""},"tablet":{"background-color":"var(--ast-global-color-4)","background-image":"","background-repeat":"repeat","background-position":"center center","background-size":"auto","background-attachment":"scroll","background-type":"","background-media":"","overlay-type":"","overlay-color":"","overlay-opacity":"","overlay-gradient":""},"mobile":{"background-color":"var(--ast-global-color-4)","background-image":"","background-repeat":"repeat","background-position":"center center","background-size":"auto","background-attachment":"scroll","background-type":"","background-media":"","overlay-type":"","overlay-color":"","overlay-opacity":"","overlay-gradient":""}}},"domaine":[],"normes":[],"product_brand":[],"product_cat":[17238],"product_tag":[],"class_list":{"0":"post-262721","1":"product","2":"type-product","3":"status-publish","4":"has-post-thumbnail","6":"product_cat-spectrophotometre","7":"desktop-align-left","8":"tablet-align-left","9":"mobile-align-left","11":"first","12":"instock","13":"shipping-taxable","14":"product-type-simple"},"acf":[],"yoast_head":"<!-- This site is optimized with the Yoast SEO plugin v27.4 - https:\/\/yoast.com\/product\/yoast-seo-wordpress\/ -->\n<title>Spectrophotom\u00e8tre WTW - photoLab\u00ae s\u00e9rie 7000 | DeltaLabo<\/title>\n<meta name=\"robots\" content=\"noindex, follow, max-snippet:-1, max-image-preview:large, max-video-preview:-1\" \/>\n<meta property=\"og:locale\" content=\"fr_FR\" \/>\n<meta property=\"og:type\" content=\"article\" \/>\n<meta property=\"og:title\" content=\"Spectrophotom\u00e8tre WTW - photoLab\u00ae s\u00e9rie 7000 | DeltaLabo\" \/>\n<meta property=\"og:description\" content=\"Spectrophotom\u00e8tre WTW - photoLab\u00ae s\u00e9rie 7000 :  Les spectrophotom\u00e8tres photoLab\u00ae s\u00e9rie 7000 de WTW existent en 2 versions : photoLab\u00ae 7100 VIS et photoLab\u00ae 7600 UV-VIS. Ce sont des instruments de mesure polyvalent utilis\u00e9s pour l&#039;analyse de l&#039;eau et l&#039;industrie du vin ou encore la recherche et l&#039;enseignement.   photoLab\u00ae 7100 VIS couvre la gamme de 320 \u00e0 1100 nm. Instrument universel adapt\u00e9 \u00e0 toutes les mesures de routine avec des kits de test, dans les laboratoires de service, l&#039;industrie et la R&amp;D, partout o\u00f9 la gamme UV n&#039;est pas n\u00e9cessaire.  photoLab\u00ae 7600 UV-VIS couvre la gamme de 190 \u00e0 1100 nm. Id\u00e9al pour un autocontr\u00f4le suppl\u00e9mentaire avec des m\u00e9thodes optiques sans r\u00e9actifs (OptRF) et des proc\u00e9dures UV-VIS pour de nombreuses applications.  L&#039;\u00e9cran couleur HD lumineux prend en charge les op\u00e9rations guid\u00e9es par menu :   Mesures de spectres et de cin\u00e9tique  Apprentissage des bases et de la photom\u00e9trie moderne dans l&#039;enseignement  Lecteur de code-barres int\u00e9gr\u00e9 et reconnaissance automatique de cuve  M\u00e9thodes courantes telles que UVT, SAC, coloration ou chlorophylle  AQA \u00e0 plusieurs niveaux  T\u00e9l\u00e9charger la brochure produit : Spectrophotom\u00e8tre WTW - photoLab\u00ae s\u00e9rie 7000\" \/>\n<meta property=\"og:url\" content=\"https:\/\/webdesi-gn.fr\/dev_deltalabo\/produits\/agro-alimentaire-boissons\/spectrophotometre\/spectrophotometre-wtw-photolab-serie-7000\/\" \/>\n<meta property=\"og:site_name\" content=\"DeltaLabo\" \/>\n<meta property=\"article:modified_time\" content=\"2026-03-27T09:27:04+00:00\" \/>\n<meta property=\"og:image\" content=\"https:\/\/webdesi-gn.fr\/dev_deltalabo\/wp-content\/uploads\/2025\/11\/DELTA-LABO-photoLab-7100-VIS.png\" \/>\n\t<meta property=\"og:image:width\" content=\"500\" \/>\n\t<meta property=\"og:image:height\" content=\"500\" \/>\n\t<meta property=\"og:image:type\" content=\"image\/png\" \/>\n<meta name=\"twitter:card\" content=\"summary_large_image\" \/>\n<meta name=\"twitter:label1\" content=\"Dur\u00e9e de lecture estim\u00e9e\" \/>\n\t<meta name=\"twitter:data1\" content=\"1 minute\" \/>\n<script type=\"application\/ld+json\" class=\"yoast-schema-graph\">{\"@context\":\"https:\\\/\\\/schema.org\",\"@graph\":[{\"@type\":\"WebPage\",\"@id\":\"https:\\\/\\\/webdesi-gn.fr\\\/dev_deltalabo\\\/produits\\\/agro-alimentaire-boissons\\\/spectrophotometre\\\/spectrophotometre-wtw-photolab-serie-7000\\\/\",\"url\":\"https:\\\/\\\/webdesi-gn.fr\\\/dev_deltalabo\\\/produits\\\/agro-alimentaire-boissons\\\/spectrophotometre\\\/spectrophotometre-wtw-photolab-serie-7000\\\/\",\"name\":\"Spectrophotom\u00e8tre WTW - photoLab\u00ae s\u00e9rie 7000 | DeltaLabo\",\"isPartOf\":{\"@id\":\"https:\\\/\\\/webdesi-gn.fr\\\/dev_deltalabo\\\/#website\"},\"primaryImageOfPage\":{\"@id\":\"https:\\\/\\\/webdesi-gn.fr\\\/dev_deltalabo\\\/produits\\\/agro-alimentaire-boissons\\\/spectrophotometre\\\/spectrophotometre-wtw-photolab-serie-7000\\\/#primaryimage\"},\"image\":{\"@id\":\"https:\\\/\\\/webdesi-gn.fr\\\/dev_deltalabo\\\/produits\\\/agro-alimentaire-boissons\\\/spectrophotometre\\\/spectrophotometre-wtw-photolab-serie-7000\\\/#primaryimage\"},\"thumbnailUrl\":\"https:\\\/\\\/webdesi-gn.fr\\\/dev_deltalabo\\\/wp-content\\\/uploads\\\/2025\\\/11\\\/DELTA-LABO-photoLab-7100-VIS.png\",\"datePublished\":\"2025-11-24T14:18:09+00:00\",\"dateModified\":\"2026-03-27T09:27:04+00:00\",\"breadcrumb\":{\"@id\":\"https:\\\/\\\/webdesi-gn.fr\\\/dev_deltalabo\\\/produits\\\/agro-alimentaire-boissons\\\/spectrophotometre\\\/spectrophotometre-wtw-photolab-serie-7000\\\/#breadcrumb\"},\"inLanguage\":\"fr-FR\",\"potentialAction\":[{\"@type\":\"ReadAction\",\"target\":[\"https:\\\/\\\/webdesi-gn.fr\\\/dev_deltalabo\\\/produits\\\/agro-alimentaire-boissons\\\/spectrophotometre\\\/spectrophotometre-wtw-photolab-serie-7000\\\/\"]}]},{\"@type\":\"ImageObject\",\"inLanguage\":\"fr-FR\",\"@id\":\"https:\\\/\\\/webdesi-gn.fr\\\/dev_deltalabo\\\/produits\\\/agro-alimentaire-boissons\\\/spectrophotometre\\\/spectrophotometre-wtw-photolab-serie-7000\\\/#primaryimage\",\"url\":\"https:\\\/\\\/webdesi-gn.fr\\\/dev_deltalabo\\\/wp-content\\\/uploads\\\/2025\\\/11\\\/DELTA-LABO-photoLab-7100-VIS.png\",\"contentUrl\":\"https:\\\/\\\/webdesi-gn.fr\\\/dev_deltalabo\\\/wp-content\\\/uploads\\\/2025\\\/11\\\/DELTA-LABO-photoLab-7100-VIS.png\",\"width\":500,\"height\":500},{\"@type\":\"BreadcrumbList\",\"@id\":\"https:\\\/\\\/webdesi-gn.fr\\\/dev_deltalabo\\\/produits\\\/agro-alimentaire-boissons\\\/spectrophotometre\\\/spectrophotometre-wtw-photolab-serie-7000\\\/#breadcrumb\",\"itemListElement\":[{\"@type\":\"ListItem\",\"position\":1,\"name\":\"Accueil\",\"item\":\"https:\\\/\\\/webdesi-gn.fr\\\/dev_deltalabo\\\/\"},{\"@type\":\"ListItem\",\"position\":2,\"name\":\"Produits\",\"item\":\"https:\\\/\\\/webdesi-gn.fr\\\/dev_deltalabo\\\/produits\\\/\"},{\"@type\":\"ListItem\",\"position\":3,\"name\":\"Spectrophotom\u00e8tre WTW &#8211; photoLab\u00ae s\u00e9rie 7000\"}]},{\"@type\":\"WebSite\",\"@id\":\"https:\\\/\\\/webdesi-gn.fr\\\/dev_deltalabo\\\/#website\",\"url\":\"https:\\\/\\\/webdesi-gn.fr\\\/dev_deltalabo\\\/\",\"name\":\"Delta Labo\",\"description\":\"Un site utilisant WordPress\",\"publisher\":{\"@id\":\"https:\\\/\\\/webdesi-gn.fr\\\/dev_deltalabo\\\/#organization\"},\"alternateName\":\"Delta Labo\",\"potentialAction\":[{\"@type\":\"SearchAction\",\"target\":{\"@type\":\"EntryPoint\",\"urlTemplate\":\"https:\\\/\\\/webdesi-gn.fr\\\/dev_deltalabo\\\/?s={search_term_string}\"},\"query-input\":{\"@type\":\"PropertyValueSpecification\",\"valueRequired\":true,\"valueName\":\"search_term_string\"}}],\"inLanguage\":\"fr-FR\"},{\"@type\":\"Organization\",\"@id\":\"https:\\\/\\\/webdesi-gn.fr\\\/dev_deltalabo\\\/#organization\",\"name\":\"DeltaLabo\",\"url\":\"https:\\\/\\\/webdesi-gn.fr\\\/dev_deltalabo\\\/\",\"logo\":{\"@type\":\"ImageObject\",\"inLanguage\":\"fr-FR\",\"@id\":\"https:\\\/\\\/webdesi-gn.fr\\\/dev_deltalabo\\\/#\\\/schema\\\/logo\\\/image\\\/\",\"url\":\"https:\\\/\\\/webdesi-gn.fr\\\/dev_deltalabo\\\/wp-content\\\/uploads\\\/2022\\\/07\\\/logo-deltalabo.png\",\"contentUrl\":\"https:\\\/\\\/webdesi-gn.fr\\\/dev_deltalabo\\\/wp-content\\\/uploads\\\/2022\\\/07\\\/logo-deltalabo.png\",\"width\":694,\"height\":306,\"caption\":\"DeltaLabo\"},\"image\":{\"@id\":\"https:\\\/\\\/webdesi-gn.fr\\\/dev_deltalabo\\\/#\\\/schema\\\/logo\\\/image\\\/\"}}]}<\/script>\n<!-- \/ Yoast SEO plugin. -->","yoast_head_json":{"title":"Spectrophotom\u00e8tre WTW - photoLab\u00ae s\u00e9rie 7000 | DeltaLabo","robots":{"index":"noindex","follow":"follow","max-snippet":"max-snippet:-1","max-image-preview":"max-image-preview:large","max-video-preview":"max-video-preview:-1"},"og_locale":"fr_FR","og_type":"article","og_title":"Spectrophotom\u00e8tre WTW - photoLab\u00ae s\u00e9rie 7000 | DeltaLabo","og_description":"Spectrophotom\u00e8tre WTW - photoLab\u00ae s\u00e9rie 7000 :  Les spectrophotom\u00e8tres photoLab\u00ae s\u00e9rie 7000 de WTW existent en 2 versions : photoLab\u00ae 7100 VIS et photoLab\u00ae 7600 UV-VIS. Ce sont des instruments de mesure polyvalent utilis\u00e9s pour l'analyse de l'eau et l'industrie du vin ou encore la recherche et l'enseignement.   photoLab\u00ae 7100 VIS couvre la gamme de 320 \u00e0 1100 nm. Instrument universel adapt\u00e9 \u00e0 toutes les mesures de routine avec des kits de test, dans les laboratoires de service, l'industrie et la R&amp;D, partout o\u00f9 la gamme UV n'est pas n\u00e9cessaire.  photoLab\u00ae 7600 UV-VIS couvre la gamme de 190 \u00e0 1100 nm. Id\u00e9al pour un autocontr\u00f4le suppl\u00e9mentaire avec des m\u00e9thodes optiques sans r\u00e9actifs (OptRF) et des proc\u00e9dures UV-VIS pour de nombreuses applications.  L'\u00e9cran couleur HD lumineux prend en charge les op\u00e9rations guid\u00e9es par menu :   Mesures de spectres et de cin\u00e9tique  Apprentissage des bases et de la photom\u00e9trie moderne dans l'enseignement  Lecteur de code-barres int\u00e9gr\u00e9 et reconnaissance automatique de cuve  M\u00e9thodes courantes telles que UVT, SAC, coloration ou chlorophylle  AQA \u00e0 plusieurs niveaux  T\u00e9l\u00e9charger la brochure produit : Spectrophotom\u00e8tre WTW - photoLab\u00ae s\u00e9rie 7000","og_url":"https:\/\/webdesi-gn.fr\/dev_deltalabo\/produits\/agro-alimentaire-boissons\/spectrophotometre\/spectrophotometre-wtw-photolab-serie-7000\/","og_site_name":"DeltaLabo","article_modified_time":"2026-03-27T09:27:04+00:00","og_image":[{"width":500,"height":500,"url":"https:\/\/webdesi-gn.fr\/dev_deltalabo\/wp-content\/uploads\/2025\/11\/DELTA-LABO-photoLab-7100-VIS.png","type":"image\/png"}],"twitter_card":"summary_large_image","twitter_misc":{"Dur\u00e9e de lecture estim\u00e9e":"1 minute"},"schema":{"@context":"https:\/\/schema.org","@graph":[{"@type":"WebPage","@id":"https:\/\/webdesi-gn.fr\/dev_deltalabo\/produits\/agro-alimentaire-boissons\/spectrophotometre\/spectrophotometre-wtw-photolab-serie-7000\/","url":"https:\/\/webdesi-gn.fr\/dev_deltalabo\/produits\/agro-alimentaire-boissons\/spectrophotometre\/spectrophotometre-wtw-photolab-serie-7000\/","name":"Spectrophotom\u00e8tre WTW - photoLab\u00ae s\u00e9rie 7000 | DeltaLabo","isPartOf":{"@id":"https:\/\/webdesi-gn.fr\/dev_deltalabo\/#website"},"primaryImageOfPage":{"@id":"https:\/\/webdesi-gn.fr\/dev_deltalabo\/produits\/agro-alimentaire-boissons\/spectrophotometre\/spectrophotometre-wtw-photolab-serie-7000\/#primaryimage"},"image":{"@id":"https:\/\/webdesi-gn.fr\/dev_deltalabo\/produits\/agro-alimentaire-boissons\/spectrophotometre\/spectrophotometre-wtw-photolab-serie-7000\/#primaryimage"},"thumbnailUrl":"https:\/\/webdesi-gn.fr\/dev_deltalabo\/wp-content\/uploads\/2025\/11\/DELTA-LABO-photoLab-7100-VIS.png","datePublished":"2025-11-24T14:18:09+00:00","dateModified":"2026-03-27T09:27:04+00:00","breadcrumb":{"@id":"https:\/\/webdesi-gn.fr\/dev_deltalabo\/produits\/agro-alimentaire-boissons\/spectrophotometre\/spectrophotometre-wtw-photolab-serie-7000\/#breadcrumb"},"inLanguage":"fr-FR","potentialAction":[{"@type":"ReadAction","target":["https:\/\/webdesi-gn.fr\/dev_deltalabo\/produits\/agro-alimentaire-boissons\/spectrophotometre\/spectrophotometre-wtw-photolab-serie-7000\/"]}]},{"@type":"ImageObject","inLanguage":"fr-FR","@id":"https:\/\/webdesi-gn.fr\/dev_deltalabo\/produits\/agro-alimentaire-boissons\/spectrophotometre\/spectrophotometre-wtw-photolab-serie-7000\/#primaryimage","url":"https:\/\/webdesi-gn.fr\/dev_deltalabo\/wp-content\/uploads\/2025\/11\/DELTA-LABO-photoLab-7100-VIS.png","contentUrl":"https:\/\/webdesi-gn.fr\/dev_deltalabo\/wp-content\/uploads\/2025\/11\/DELTA-LABO-photoLab-7100-VIS.png","width":500,"height":500},{"@type":"BreadcrumbList","@id":"https:\/\/webdesi-gn.fr\/dev_deltalabo\/produits\/agro-alimentaire-boissons\/spectrophotometre\/spectrophotometre-wtw-photolab-serie-7000\/#breadcrumb","itemListElement":[{"@type":"ListItem","position":1,"name":"Accueil","item":"https:\/\/webdesi-gn.fr\/dev_deltalabo\/"},{"@type":"ListItem","position":2,"name":"Produits","item":"https:\/\/webdesi-gn.fr\/dev_deltalabo\/produits\/"},{"@type":"ListItem","position":3,"name":"Spectrophotom\u00e8tre WTW &#8211; photoLab\u00ae s\u00e9rie 7000"}]},{"@type":"WebSite","@id":"https:\/\/webdesi-gn.fr\/dev_deltalabo\/#website","url":"https:\/\/webdesi-gn.fr\/dev_deltalabo\/","name":"Delta Labo","description":"Un site utilisant WordPress","publisher":{"@id":"https:\/\/webdesi-gn.fr\/dev_deltalabo\/#organization"},"alternateName":"Delta Labo","potentialAction":[{"@type":"SearchAction","target":{"@type":"EntryPoint","urlTemplate":"https:\/\/webdesi-gn.fr\/dev_deltalabo\/?s={search_term_string}"},"query-input":{"@type":"PropertyValueSpecification","valueRequired":true,"valueName":"search_term_string"}}],"inLanguage":"fr-FR"},{"@type":"Organization","@id":"https:\/\/webdesi-gn.fr\/dev_deltalabo\/#organization","name":"DeltaLabo","url":"https:\/\/webdesi-gn.fr\/dev_deltalabo\/","logo":{"@type":"ImageObject","inLanguage":"fr-FR","@id":"https:\/\/webdesi-gn.fr\/dev_deltalabo\/#\/schema\/logo\/image\/","url":"https:\/\/webdesi-gn.fr\/dev_deltalabo\/wp-content\/uploads\/2022\/07\/logo-deltalabo.png","contentUrl":"https:\/\/webdesi-gn.fr\/dev_deltalabo\/wp-content\/uploads\/2022\/07\/logo-deltalabo.png","width":694,"height":306,"caption":"DeltaLabo"},"image":{"@id":"https:\/\/webdesi-gn.fr\/dev_deltalabo\/#\/schema\/logo\/image\/"}}]}},"_links":{"self":[{"href":"https:\/\/webdesi-gn.fr\/dev_deltalabo\/wp-json\/wp\/v2\/product\/262721","targetHints":{"allow":["GET"]}}],"collection":[{"href":"https:\/\/webdesi-gn.fr\/dev_deltalabo\/wp-json\/wp\/v2\/product"}],"about":[{"href":"https:\/\/webdesi-gn.fr\/dev_deltalabo\/wp-json\/wp\/v2\/types\/product"}],"wp:featuredmedia":[{"embeddable":true,"href":"https:\/\/webdesi-gn.fr\/dev_deltalabo\/wp-json\/wp\/v2\/media\/262802"}],"wp:attachment":[{"href":"https:\/\/webdesi-gn.fr\/dev_deltalabo\/wp-json\/wp\/v2\/media?parent=262721"}],"wp:term":[{"taxonomy":"domaine","embeddable":true,"href":"https:\/\/webdesi-gn.fr\/dev_deltalabo\/wp-json\/wp\/v2\/domaine?post=262721"},{"taxonomy":"normes","embeddable":true,"href":"https:\/\/webdesi-gn.fr\/dev_deltalabo\/wp-json\/wp\/v2\/normes?post=262721"},{"taxonomy":"product_brand","embeddable":true,"href":"https:\/\/webdesi-gn.fr\/dev_deltalabo\/wp-json\/wp\/v2\/product_brand?post=262721"},{"taxonomy":"product_cat","embeddable":true,"href":"https:\/\/webdesi-gn.fr\/dev_deltalabo\/wp-json\/wp\/v2\/product_cat?post=262721"},{"taxonomy":"product_tag","embeddable":true,"href":"https:\/\/webdesi-gn.fr\/dev_deltalabo\/wp-json\/wp\/v2\/product_tag?post=262721"}],"curies":[{"name":"wp","href":"https:\/\/api.w.org\/{rel}","templated":true}]}}