{"id":262736,"date":"2025-11-24T15:18:39","date_gmt":"2025-11-24T14:18:39","guid":{"rendered":"https:\/\/webdesi-gn.fr\/dev_deltalabo\/?post_type=product&#038;p=262736"},"modified":"2025-11-24T15:21:33","modified_gmt":"2025-11-24T14:21:33","slug":"systeme-de-mesure-de-la-degradation-anaerobie-wtw-oxitop-ids-an-6","status":"publish","type":"product","link":"https:\/\/webdesi-gn.fr\/dev_deltalabo\/produits\/categories\/systeme-de-mesure-de-la-degradation-anaerobie-wtw-oxitop-ids-an-6\/","title":{"rendered":"Syst\u00e8me de mesure de la d\u00e9gradation ana\u00e9robie &#8211; WTW OxiTop\u00ae-IDS AN 6"},"content":{"rendered":"","protected":false},"excerpt":{"rendered":"<p><strong>Syst\u00e8me de mesure de la d\u00e9gradation ana\u00e9robie &#8211; WTW OxiTop\u00ae-IDS AN 6 :<\/strong><\/p>\n<p>Le syst\u00e8me de mesure de la d\u00e9gradation ana\u00e9robie OxiTop\u00ae-IDS AN 6 de chez WTW est un instrument de mesure du biogaz et de la microbiologie (ana\u00e9robie\/a\u00e9robie) comprenant 6 postes de mesure.<\/p>\n<p>Caract\u00e9ristiques :<\/p>\n<ul>\n<li>M\u00e9moire : 360 points de mesure<\/li>\n<li>\u00c9cran LCD r\u00e9tro-\u00e9clair\u00e9 avec LED de contr\u00f4le<\/li>\n<li>Plage de pression \u00e9tendue jusqu&rsquo;\u00e0 1,5 bar<\/li>\n<li>Capteur de pression r\u00e9sistant \u00e0 l&rsquo;H2S pour la mesure du biogaz<\/li>\n<li>Inclus 6 flacons MF45\/1000 (1000 ml), chacun \u00e9tant dot\u00e9 de 2 ouvertures tubulaires et d&rsquo;une fermeture \u00e0 septum<\/li>\n<li>Inclus 6 adaptateurs OxiTop\u00ae AD\/SK et 1 plateforme d&rsquo;agitation IS 6-Var<\/li>\n<\/ul>\n<p><strong>T\u00e9l\u00e9charger la brochure g\u00e9n\u00e9rale :<\/strong> <a href=\"https:\/\/www.deltalabo.fr\/wp-content\/uploads\/2025\/09\/Oxitop-ids-doc-engl-DL-4.pdf\">Syst\u00e8me de mesure de la d\u00e9gradation ana\u00e9robie &#8211; WTW OxiTop\u00ae-IDS AN 6<\/a><\/p>\n","protected":false},"featured_media":262820,"template":"","meta":{"_acf_changed":false,"site-sidebar-layout":"default","site-content-layout":"","ast-site-content-layout":"default","site-content-style":"default","site-sidebar-style":"default","ast-global-header-display":"","ast-banner-title-visibility":"","ast-main-header-display":"","ast-hfb-above-header-display":"","ast-hfb-below-header-display":"","ast-hfb-mobile-header-display":"","site-post-title":"","ast-breadcrumbs-content":"","ast-featured-img":"","footer-sml-layout":"","ast-disable-related-posts":"","theme-transparent-header-meta":"","adv-header-id-meta":"","stick-header-meta":"","header-above-stick-meta":"","header-main-stick-meta":"","header-below-stick-meta":"","astra-migrate-meta-layouts":"default","ast-page-background-enabled":"default","ast-page-background-meta":{"desktop":{"background-color":"var(--ast-global-color-5)","background-image":"","background-repeat":"repeat","background-position":"center center","background-size":"auto","background-attachment":"scroll","background-type":"","background-media":"","overlay-type":"","overlay-color":"","overlay-opacity":"","overlay-gradient":""},"tablet":{"background-color":"","background-image":"","background-repeat":"repeat","background-position":"center center","background-size":"auto","background-attachment":"scroll","background-type":"","background-media":"","overlay-type":"","overlay-color":"","overlay-opacity":"","overlay-gradient":""},"mobile":{"background-color":"","background-image":"","background-repeat":"repeat","background-position":"center center","background-size":"auto","background-attachment":"scroll","background-type":"","background-media":"","overlay-type":"","overlay-color":"","overlay-opacity":"","overlay-gradient":""}},"ast-content-background-meta":{"desktop":{"background-color":"var(--ast-global-color-4)","background-image":"","background-repeat":"repeat","background-position":"center center","background-size":"auto","background-attachment":"scroll","background-type":"","background-media":"","overlay-type":"","overlay-color":"","overlay-opacity":"","overlay-gradient":""},"tablet":{"background-color":"var(--ast-global-color-4)","background-image":"","background-repeat":"repeat","background-position":"center center","background-size":"auto","background-attachment":"scroll","background-type":"","background-media":"","overlay-type":"","overlay-color":"","overlay-opacity":"","overlay-gradient":""},"mobile":{"background-color":"var(--ast-global-color-4)","background-image":"","background-repeat":"repeat","background-position":"center center","background-size":"auto","background-attachment":"scroll","background-type":"","background-media":"","overlay-type":"","overlay-color":"","overlay-opacity":"","overlay-gradient":""}}},"domaine":[],"normes":[],"product_brand":[],"product_cat":[17240],"product_tag":[],"class_list":{"0":"post-262736","1":"product","2":"type-product","3":"status-publish","4":"has-post-thumbnail","6":"product_cat-categories","7":"desktop-align-left","8":"tablet-align-left","9":"mobile-align-left","11":"first","12":"instock","13":"shipping-taxable","14":"product-type-simple"},"acf":[],"yoast_head":"<!-- This site is optimized with the Yoast SEO plugin v27.4 - https:\/\/yoast.com\/product\/yoast-seo-wordpress\/ -->\n<title>Syst\u00e8me de mesure de la d\u00e9gradation ana\u00e9robie - WTW OxiTop\u00ae-IDS AN 6 | DeltaLabo<\/title>\n<meta name=\"robots\" content=\"noindex, follow, max-snippet:-1, max-image-preview:large, max-video-preview:-1\" \/>\n<meta property=\"og:locale\" content=\"fr_FR\" \/>\n<meta property=\"og:type\" content=\"article\" \/>\n<meta property=\"og:title\" content=\"Syst\u00e8me de mesure de la d\u00e9gradation ana\u00e9robie - WTW OxiTop\u00ae-IDS AN 6 | DeltaLabo\" \/>\n<meta property=\"og:description\" content=\"Syst\u00e8me de mesure de la d\u00e9gradation ana\u00e9robie - WTW OxiTop\u00ae-IDS AN 6 :  Le syst\u00e8me de mesure de la d\u00e9gradation ana\u00e9robie OxiTop\u00ae-IDS AN 6 de chez WTW est un instrument de mesure du biogaz et de la microbiologie (ana\u00e9robie\/a\u00e9robie) comprenant 6 postes de mesure.  Caract\u00e9ristiques :   M\u00e9moire : 360 points de mesure  \u00c9cran LCD r\u00e9tro-\u00e9clair\u00e9 avec LED de contr\u00f4le  Plage de pression \u00e9tendue jusqu&#039;\u00e0 1,5 bar  Capteur de pression r\u00e9sistant \u00e0 l&#039;H2S pour la mesure du biogaz  Inclus 6 flacons MF45\/1000 (1000 ml), chacun \u00e9tant dot\u00e9 de 2 ouvertures tubulaires et d&#039;une fermeture \u00e0 septum  Inclus 6 adaptateurs OxiTop\u00ae AD\/SK et 1 plateforme d&#039;agitation IS 6-Var  T\u00e9l\u00e9charger la brochure g\u00e9n\u00e9rale : Syst\u00e8me de mesure de la d\u00e9gradation ana\u00e9robie - WTW OxiTop\u00ae-IDS AN 6\" \/>\n<meta property=\"og:url\" content=\"https:\/\/webdesi-gn.fr\/dev_deltalabo\/produits\/cat-produit\/systeme-de-mesure-de-la-degradation-anaerobie-wtw-oxitop-ids-an-6\/\" \/>\n<meta property=\"og:site_name\" content=\"DeltaLabo\" \/>\n<meta property=\"article:modified_time\" content=\"2025-11-24T14:21:33+00:00\" \/>\n<meta property=\"og:image\" content=\"https:\/\/webdesi-gn.fr\/dev_deltalabo\/wp-content\/uploads\/2022\/01\/laboratory-g43d8b3442_1280.jpg\" \/>\n\t<meta property=\"og:image:width\" content=\"1280\" \/>\n\t<meta property=\"og:image:height\" content=\"853\" \/>\n\t<meta property=\"og:image:type\" content=\"image\/jpeg\" \/>\n<meta name=\"twitter:card\" content=\"summary_large_image\" \/>\n<script type=\"application\/ld+json\" class=\"yoast-schema-graph\">{\"@context\":\"https:\\\/\\\/schema.org\",\"@graph\":[{\"@type\":\"WebPage\",\"@id\":\"https:\\\/\\\/webdesi-gn.fr\\\/dev_deltalabo\\\/produits\\\/cat-produit\\\/systeme-de-mesure-de-la-degradation-anaerobie-wtw-oxitop-ids-an-6\\\/\",\"url\":\"https:\\\/\\\/webdesi-gn.fr\\\/dev_deltalabo\\\/produits\\\/cat-produit\\\/systeme-de-mesure-de-la-degradation-anaerobie-wtw-oxitop-ids-an-6\\\/\",\"name\":\"Syst\u00e8me de mesure de la d\u00e9gradation ana\u00e9robie - WTW OxiTop\u00ae-IDS AN 6 | DeltaLabo\",\"isPartOf\":{\"@id\":\"https:\\\/\\\/webdesi-gn.fr\\\/dev_deltalabo\\\/#website\"},\"primaryImageOfPage\":{\"@id\":\"https:\\\/\\\/webdesi-gn.fr\\\/dev_deltalabo\\\/produits\\\/cat-produit\\\/systeme-de-mesure-de-la-degradation-anaerobie-wtw-oxitop-ids-an-6\\\/#primaryimage\"},\"image\":{\"@id\":\"https:\\\/\\\/webdesi-gn.fr\\\/dev_deltalabo\\\/produits\\\/cat-produit\\\/systeme-de-mesure-de-la-degradation-anaerobie-wtw-oxitop-ids-an-6\\\/#primaryimage\"},\"thumbnailUrl\":\"https:\\\/\\\/webdesi-gn.fr\\\/dev_deltalabo\\\/wp-content\\\/uploads\\\/2025\\\/11\\\/DELTA-LABO-OxiTop\u00ae-IDS-AN-6.png\",\"datePublished\":\"2025-11-24T14:18:39+00:00\",\"dateModified\":\"2025-11-24T14:21:33+00:00\",\"breadcrumb\":{\"@id\":\"https:\\\/\\\/webdesi-gn.fr\\\/dev_deltalabo\\\/produits\\\/cat-produit\\\/systeme-de-mesure-de-la-degradation-anaerobie-wtw-oxitop-ids-an-6\\\/#breadcrumb\"},\"inLanguage\":\"fr-FR\",\"potentialAction\":[{\"@type\":\"ReadAction\",\"target\":[\"https:\\\/\\\/webdesi-gn.fr\\\/dev_deltalabo\\\/produits\\\/cat-produit\\\/systeme-de-mesure-de-la-degradation-anaerobie-wtw-oxitop-ids-an-6\\\/\"]}]},{\"@type\":\"ImageObject\",\"inLanguage\":\"fr-FR\",\"@id\":\"https:\\\/\\\/webdesi-gn.fr\\\/dev_deltalabo\\\/produits\\\/cat-produit\\\/systeme-de-mesure-de-la-degradation-anaerobie-wtw-oxitop-ids-an-6\\\/#primaryimage\",\"url\":\"https:\\\/\\\/webdesi-gn.fr\\\/dev_deltalabo\\\/wp-content\\\/uploads\\\/2025\\\/11\\\/DELTA-LABO-OxiTop\u00ae-IDS-AN-6.png\",\"contentUrl\":\"https:\\\/\\\/webdesi-gn.fr\\\/dev_deltalabo\\\/wp-content\\\/uploads\\\/2025\\\/11\\\/DELTA-LABO-OxiTop\u00ae-IDS-AN-6.png\",\"width\":500,\"height\":500},{\"@type\":\"BreadcrumbList\",\"@id\":\"https:\\\/\\\/webdesi-gn.fr\\\/dev_deltalabo\\\/produits\\\/cat-produit\\\/systeme-de-mesure-de-la-degradation-anaerobie-wtw-oxitop-ids-an-6\\\/#breadcrumb\",\"itemListElement\":[{\"@type\":\"ListItem\",\"position\":1,\"name\":\"Accueil\",\"item\":\"https:\\\/\\\/webdesi-gn.fr\\\/dev_deltalabo\\\/\"},{\"@type\":\"ListItem\",\"position\":2,\"name\":\"Produits\",\"item\":\"https:\\\/\\\/webdesi-gn.fr\\\/dev_deltalabo\\\/produits\\\/\"},{\"@type\":\"ListItem\",\"position\":3,\"name\":\"Syst\u00e8me de mesure de la d\u00e9gradation ana\u00e9robie &#8211; WTW OxiTop\u00ae-IDS AN 6\"}]},{\"@type\":\"WebSite\",\"@id\":\"https:\\\/\\\/webdesi-gn.fr\\\/dev_deltalabo\\\/#website\",\"url\":\"https:\\\/\\\/webdesi-gn.fr\\\/dev_deltalabo\\\/\",\"name\":\"Delta Labo\",\"description\":\"Un site utilisant WordPress\",\"publisher\":{\"@id\":\"https:\\\/\\\/webdesi-gn.fr\\\/dev_deltalabo\\\/#organization\"},\"alternateName\":\"Delta Labo\",\"potentialAction\":[{\"@type\":\"SearchAction\",\"target\":{\"@type\":\"EntryPoint\",\"urlTemplate\":\"https:\\\/\\\/webdesi-gn.fr\\\/dev_deltalabo\\\/?s={search_term_string}\"},\"query-input\":{\"@type\":\"PropertyValueSpecification\",\"valueRequired\":true,\"valueName\":\"search_term_string\"}}],\"inLanguage\":\"fr-FR\"},{\"@type\":\"Organization\",\"@id\":\"https:\\\/\\\/webdesi-gn.fr\\\/dev_deltalabo\\\/#organization\",\"name\":\"DeltaLabo\",\"url\":\"https:\\\/\\\/webdesi-gn.fr\\\/dev_deltalabo\\\/\",\"logo\":{\"@type\":\"ImageObject\",\"inLanguage\":\"fr-FR\",\"@id\":\"https:\\\/\\\/webdesi-gn.fr\\\/dev_deltalabo\\\/#\\\/schema\\\/logo\\\/image\\\/\",\"url\":\"https:\\\/\\\/webdesi-gn.fr\\\/dev_deltalabo\\\/wp-content\\\/uploads\\\/2022\\\/07\\\/logo-deltalabo.png\",\"contentUrl\":\"https:\\\/\\\/webdesi-gn.fr\\\/dev_deltalabo\\\/wp-content\\\/uploads\\\/2022\\\/07\\\/logo-deltalabo.png\",\"width\":694,\"height\":306,\"caption\":\"DeltaLabo\"},\"image\":{\"@id\":\"https:\\\/\\\/webdesi-gn.fr\\\/dev_deltalabo\\\/#\\\/schema\\\/logo\\\/image\\\/\"}}]}<\/script>\n<!-- \/ Yoast SEO plugin. -->","yoast_head_json":{"title":"Syst\u00e8me de mesure de la d\u00e9gradation ana\u00e9robie - WTW OxiTop\u00ae-IDS AN 6 | DeltaLabo","robots":{"index":"noindex","follow":"follow","max-snippet":"max-snippet:-1","max-image-preview":"max-image-preview:large","max-video-preview":"max-video-preview:-1"},"og_locale":"fr_FR","og_type":"article","og_title":"Syst\u00e8me de mesure de la d\u00e9gradation ana\u00e9robie - WTW OxiTop\u00ae-IDS AN 6 | DeltaLabo","og_description":"Syst\u00e8me de mesure de la d\u00e9gradation ana\u00e9robie - WTW OxiTop\u00ae-IDS AN 6 :  Le syst\u00e8me de mesure de la d\u00e9gradation ana\u00e9robie OxiTop\u00ae-IDS AN 6 de chez WTW est un instrument de mesure du biogaz et de la microbiologie (ana\u00e9robie\/a\u00e9robie) comprenant 6 postes de mesure.  Caract\u00e9ristiques :   M\u00e9moire : 360 points de mesure  \u00c9cran LCD r\u00e9tro-\u00e9clair\u00e9 avec LED de contr\u00f4le  Plage de pression \u00e9tendue jusqu'\u00e0 1,5 bar  Capteur de pression r\u00e9sistant \u00e0 l'H2S pour la mesure du biogaz  Inclus 6 flacons MF45\/1000 (1000 ml), chacun \u00e9tant dot\u00e9 de 2 ouvertures tubulaires et d'une fermeture \u00e0 septum  Inclus 6 adaptateurs OxiTop\u00ae AD\/SK et 1 plateforme d'agitation IS 6-Var  T\u00e9l\u00e9charger la brochure g\u00e9n\u00e9rale : Syst\u00e8me de mesure de la d\u00e9gradation ana\u00e9robie - WTW OxiTop\u00ae-IDS AN 6","og_url":"https:\/\/webdesi-gn.fr\/dev_deltalabo\/produits\/cat-produit\/systeme-de-mesure-de-la-degradation-anaerobie-wtw-oxitop-ids-an-6\/","og_site_name":"DeltaLabo","article_modified_time":"2025-11-24T14:21:33+00:00","og_image":[{"width":1280,"height":853,"url":"https:\/\/webdesi-gn.fr\/dev_deltalabo\/wp-content\/uploads\/2022\/01\/laboratory-g43d8b3442_1280.jpg","type":"image\/jpeg"}],"twitter_card":"summary_large_image","schema":{"@context":"https:\/\/schema.org","@graph":[{"@type":"WebPage","@id":"https:\/\/webdesi-gn.fr\/dev_deltalabo\/produits\/cat-produit\/systeme-de-mesure-de-la-degradation-anaerobie-wtw-oxitop-ids-an-6\/","url":"https:\/\/webdesi-gn.fr\/dev_deltalabo\/produits\/cat-produit\/systeme-de-mesure-de-la-degradation-anaerobie-wtw-oxitop-ids-an-6\/","name":"Syst\u00e8me de mesure de la d\u00e9gradation ana\u00e9robie - WTW OxiTop\u00ae-IDS AN 6 | DeltaLabo","isPartOf":{"@id":"https:\/\/webdesi-gn.fr\/dev_deltalabo\/#website"},"primaryImageOfPage":{"@id":"https:\/\/webdesi-gn.fr\/dev_deltalabo\/produits\/cat-produit\/systeme-de-mesure-de-la-degradation-anaerobie-wtw-oxitop-ids-an-6\/#primaryimage"},"image":{"@id":"https:\/\/webdesi-gn.fr\/dev_deltalabo\/produits\/cat-produit\/systeme-de-mesure-de-la-degradation-anaerobie-wtw-oxitop-ids-an-6\/#primaryimage"},"thumbnailUrl":"https:\/\/webdesi-gn.fr\/dev_deltalabo\/wp-content\/uploads\/2025\/11\/DELTA-LABO-OxiTop\u00ae-IDS-AN-6.png","datePublished":"2025-11-24T14:18:39+00:00","dateModified":"2025-11-24T14:21:33+00:00","breadcrumb":{"@id":"https:\/\/webdesi-gn.fr\/dev_deltalabo\/produits\/cat-produit\/systeme-de-mesure-de-la-degradation-anaerobie-wtw-oxitop-ids-an-6\/#breadcrumb"},"inLanguage":"fr-FR","potentialAction":[{"@type":"ReadAction","target":["https:\/\/webdesi-gn.fr\/dev_deltalabo\/produits\/cat-produit\/systeme-de-mesure-de-la-degradation-anaerobie-wtw-oxitop-ids-an-6\/"]}]},{"@type":"ImageObject","inLanguage":"fr-FR","@id":"https:\/\/webdesi-gn.fr\/dev_deltalabo\/produits\/cat-produit\/systeme-de-mesure-de-la-degradation-anaerobie-wtw-oxitop-ids-an-6\/#primaryimage","url":"https:\/\/webdesi-gn.fr\/dev_deltalabo\/wp-content\/uploads\/2025\/11\/DELTA-LABO-OxiTop\u00ae-IDS-AN-6.png","contentUrl":"https:\/\/webdesi-gn.fr\/dev_deltalabo\/wp-content\/uploads\/2025\/11\/DELTA-LABO-OxiTop\u00ae-IDS-AN-6.png","width":500,"height":500},{"@type":"BreadcrumbList","@id":"https:\/\/webdesi-gn.fr\/dev_deltalabo\/produits\/cat-produit\/systeme-de-mesure-de-la-degradation-anaerobie-wtw-oxitop-ids-an-6\/#breadcrumb","itemListElement":[{"@type":"ListItem","position":1,"name":"Accueil","item":"https:\/\/webdesi-gn.fr\/dev_deltalabo\/"},{"@type":"ListItem","position":2,"name":"Produits","item":"https:\/\/webdesi-gn.fr\/dev_deltalabo\/produits\/"},{"@type":"ListItem","position":3,"name":"Syst\u00e8me de mesure de la d\u00e9gradation ana\u00e9robie &#8211; WTW OxiTop\u00ae-IDS AN 6"}]},{"@type":"WebSite","@id":"https:\/\/webdesi-gn.fr\/dev_deltalabo\/#website","url":"https:\/\/webdesi-gn.fr\/dev_deltalabo\/","name":"Delta Labo","description":"Un site utilisant WordPress","publisher":{"@id":"https:\/\/webdesi-gn.fr\/dev_deltalabo\/#organization"},"alternateName":"Delta Labo","potentialAction":[{"@type":"SearchAction","target":{"@type":"EntryPoint","urlTemplate":"https:\/\/webdesi-gn.fr\/dev_deltalabo\/?s={search_term_string}"},"query-input":{"@type":"PropertyValueSpecification","valueRequired":true,"valueName":"search_term_string"}}],"inLanguage":"fr-FR"},{"@type":"Organization","@id":"https:\/\/webdesi-gn.fr\/dev_deltalabo\/#organization","name":"DeltaLabo","url":"https:\/\/webdesi-gn.fr\/dev_deltalabo\/","logo":{"@type":"ImageObject","inLanguage":"fr-FR","@id":"https:\/\/webdesi-gn.fr\/dev_deltalabo\/#\/schema\/logo\/image\/","url":"https:\/\/webdesi-gn.fr\/dev_deltalabo\/wp-content\/uploads\/2022\/07\/logo-deltalabo.png","contentUrl":"https:\/\/webdesi-gn.fr\/dev_deltalabo\/wp-content\/uploads\/2022\/07\/logo-deltalabo.png","width":694,"height":306,"caption":"DeltaLabo"},"image":{"@id":"https:\/\/webdesi-gn.fr\/dev_deltalabo\/#\/schema\/logo\/image\/"}}]}},"_links":{"self":[{"href":"https:\/\/webdesi-gn.fr\/dev_deltalabo\/wp-json\/wp\/v2\/product\/262736","targetHints":{"allow":["GET"]}}],"collection":[{"href":"https:\/\/webdesi-gn.fr\/dev_deltalabo\/wp-json\/wp\/v2\/product"}],"about":[{"href":"https:\/\/webdesi-gn.fr\/dev_deltalabo\/wp-json\/wp\/v2\/types\/product"}],"wp:featuredmedia":[{"embeddable":true,"href":"https:\/\/webdesi-gn.fr\/dev_deltalabo\/wp-json\/wp\/v2\/media\/262820"}],"wp:attachment":[{"href":"https:\/\/webdesi-gn.fr\/dev_deltalabo\/wp-json\/wp\/v2\/media?parent=262736"}],"wp:term":[{"taxonomy":"domaine","embeddable":true,"href":"https:\/\/webdesi-gn.fr\/dev_deltalabo\/wp-json\/wp\/v2\/domaine?post=262736"},{"taxonomy":"normes","embeddable":true,"href":"https:\/\/webdesi-gn.fr\/dev_deltalabo\/wp-json\/wp\/v2\/normes?post=262736"},{"taxonomy":"product_brand","embeddable":true,"href":"https:\/\/webdesi-gn.fr\/dev_deltalabo\/wp-json\/wp\/v2\/product_brand?post=262736"},{"taxonomy":"product_cat","embeddable":true,"href":"https:\/\/webdesi-gn.fr\/dev_deltalabo\/wp-json\/wp\/v2\/product_cat?post=262736"},{"taxonomy":"product_tag","embeddable":true,"href":"https:\/\/webdesi-gn.fr\/dev_deltalabo\/wp-json\/wp\/v2\/product_tag?post=262736"}],"curies":[{"name":"wp","href":"https:\/\/api.w.org\/{rel}","templated":true}]}}