{"id":262746,"date":"2025-11-24T15:19:03","date_gmt":"2025-11-24T14:19:03","guid":{"rendered":"https:\/\/webdesi-gn.fr\/dev_deltalabo\/?post_type=product&#038;p=262746"},"modified":"2025-11-24T15:21:39","modified_gmt":"2025-11-24T14:21:39","slug":"systeme-de-mesure-respirometrique-de-la-dbo-wtw-oxitop-i-is-6","status":"publish","type":"product","link":"https:\/\/webdesi-gn.fr\/dev_deltalabo\/produits\/categories\/systeme-de-mesure-respirometrique-de-la-dbo-wtw-oxitop-i-is-6\/","title":{"rendered":"Syst\u00e8me de mesure respirom\u00e9trique de la DBO &#8211; WTW OxiTop\u00ae-i IS 6"},"content":{"rendered":"","protected":false},"excerpt":{"rendered":"<p><strong>Syst\u00e8me de mesure respirom\u00e9trique de la DBO &#8211; WTW OxiTop\u00ae-i IS 6 :<\/strong><\/p>\n<p>Le syst\u00e8me de mesure respirom\u00e9trique de la DBO OxiTop\u00ae-i IS 6 de chez WTW est un instrument moderne et facile \u00e0 utiliser pour la mesure de la DBO (Demande Biologique en Oxyg\u00e8ne).<\/p>\n<p>La dur\u00e9e peut \u00eatre d\u00e9finie entre un et sept jours. Le volume de l&rsquo;\u00e9chantillon peut \u00eatre s\u00e9lectionn\u00e9 dans le menu &#8211; plages de mesure possibles jusqu&rsquo;\u00e0 4 000 mg\/l.<\/p>\n<p>La conversion en valeur DBO correspondante est automatique, sans erreur et pratique. Une petite LED informe de l&rsquo;\u00e9tat de fonctionnement r\u00e9el de la t\u00eate. Les t\u00eates bicolores avec identification num\u00e9rique r\u00e9glable de l&rsquo;\u00e9chantillon permettent de distinguer l&rsquo;entr\u00e9e de la sortie.<\/p>\n<p><strong>T\u00e9l\u00e9charger la brochure g\u00e9n\u00e9rale :<\/strong> <a href=\"https:\/\/www.deltalabo.fr\/wp-content\/uploads\/2025\/09\/Oxitop-ids-doc-engl-DL-1.pdf\">Syst\u00e8me de mesure respirom\u00e9trique de la DBO &#8211; WTW OxiTop\u00ae-i IS 6<\/a><\/p>\n","protected":false},"featured_media":262822,"template":"","meta":{"_acf_changed":false,"site-sidebar-layout":"default","site-content-layout":"","ast-site-content-layout":"default","site-content-style":"default","site-sidebar-style":"default","ast-global-header-display":"","ast-banner-title-visibility":"","ast-main-header-display":"","ast-hfb-above-header-display":"","ast-hfb-below-header-display":"","ast-hfb-mobile-header-display":"","site-post-title":"","ast-breadcrumbs-content":"","ast-featured-img":"","footer-sml-layout":"","ast-disable-related-posts":"","theme-transparent-header-meta":"","adv-header-id-meta":"","stick-header-meta":"","header-above-stick-meta":"","header-main-stick-meta":"","header-below-stick-meta":"","astra-migrate-meta-layouts":"default","ast-page-background-enabled":"default","ast-page-background-meta":{"desktop":{"background-color":"var(--ast-global-color-5)","background-image":"","background-repeat":"repeat","background-position":"center center","background-size":"auto","background-attachment":"scroll","background-type":"","background-media":"","overlay-type":"","overlay-color":"","overlay-opacity":"","overlay-gradient":""},"tablet":{"background-color":"","background-image":"","background-repeat":"repeat","background-position":"center center","background-size":"auto","background-attachment":"scroll","background-type":"","background-media":"","overlay-type":"","overlay-color":"","overlay-opacity":"","overlay-gradient":""},"mobile":{"background-color":"","background-image":"","background-repeat":"repeat","background-position":"center center","background-size":"auto","background-attachment":"scroll","background-type":"","background-media":"","overlay-type":"","overlay-color":"","overlay-opacity":"","overlay-gradient":""}},"ast-content-background-meta":{"desktop":{"background-color":"var(--ast-global-color-4)","background-image":"","background-repeat":"repeat","background-position":"center center","background-size":"auto","background-attachment":"scroll","background-type":"","background-media":"","overlay-type":"","overlay-color":"","overlay-opacity":"","overlay-gradient":""},"tablet":{"background-color":"var(--ast-global-color-4)","background-image":"","background-repeat":"repeat","background-position":"center center","background-size":"auto","background-attachment":"scroll","background-type":"","background-media":"","overlay-type":"","overlay-color":"","overlay-opacity":"","overlay-gradient":""},"mobile":{"background-color":"var(--ast-global-color-4)","background-image":"","background-repeat":"repeat","background-position":"center center","background-size":"auto","background-attachment":"scroll","background-type":"","background-media":"","overlay-type":"","overlay-color":"","overlay-opacity":"","overlay-gradient":""}}},"domaine":[],"normes":[],"product_brand":[],"product_cat":[17240],"product_tag":[],"class_list":{"0":"post-262746","1":"product","2":"type-product","3":"status-publish","4":"has-post-thumbnail","6":"product_cat-categories","7":"desktop-align-left","8":"tablet-align-left","9":"mobile-align-left","11":"first","12":"instock","13":"shipping-taxable","14":"product-type-simple"},"acf":[],"yoast_head":"<!-- This site is optimized with the Yoast SEO plugin v27.4 - https:\/\/yoast.com\/product\/yoast-seo-wordpress\/ -->\n<title>Syst\u00e8me de mesure respirom\u00e9trique de la DBO - WTW OxiTop\u00ae-i IS 6 | DeltaLabo<\/title>\n<meta name=\"robots\" content=\"noindex, follow, max-snippet:-1, max-image-preview:large, max-video-preview:-1\" \/>\n<meta property=\"og:locale\" content=\"fr_FR\" \/>\n<meta property=\"og:type\" content=\"article\" \/>\n<meta property=\"og:title\" content=\"Syst\u00e8me de mesure respirom\u00e9trique de la DBO - WTW OxiTop\u00ae-i IS 6 | DeltaLabo\" \/>\n<meta property=\"og:description\" content=\"Syst\u00e8me de mesure respirom\u00e9trique de la DBO - WTW OxiTop\u00ae-i IS 6 :  Le syst\u00e8me de mesure respirom\u00e9trique de la DBO OxiTop\u00ae-i IS 6 de chez WTW est un instrument moderne et facile \u00e0 utiliser pour la mesure de la DBO (Demande Biologique en Oxyg\u00e8ne).  La dur\u00e9e peut \u00eatre d\u00e9finie entre un et sept jours. Le volume de l&#039;\u00e9chantillon peut \u00eatre s\u00e9lectionn\u00e9 dans le menu - plages de mesure possibles jusqu&#039;\u00e0 4 000 mg\/l.  La conversion en valeur DBO correspondante est automatique, sans erreur et pratique. Une petite LED informe de l&#039;\u00e9tat de fonctionnement r\u00e9el de la t\u00eate. Les t\u00eates bicolores avec identification num\u00e9rique r\u00e9glable de l&#039;\u00e9chantillon permettent de distinguer l&#039;entr\u00e9e de la sortie.  T\u00e9l\u00e9charger la brochure g\u00e9n\u00e9rale : Syst\u00e8me de mesure respirom\u00e9trique de la DBO - WTW OxiTop\u00ae-i IS 6\" \/>\n<meta property=\"og:url\" content=\"https:\/\/webdesi-gn.fr\/dev_deltalabo\/produits\/cat-produit\/systeme-de-mesure-respirometrique-de-la-dbo-wtw-oxitop-i-is-6\/\" \/>\n<meta property=\"og:site_name\" content=\"DeltaLabo\" \/>\n<meta property=\"article:modified_time\" content=\"2025-11-24T14:21:39+00:00\" \/>\n<meta property=\"og:image\" content=\"https:\/\/webdesi-gn.fr\/dev_deltalabo\/wp-content\/uploads\/2022\/01\/laboratory-g43d8b3442_1280.jpg\" \/>\n\t<meta property=\"og:image:width\" content=\"1280\" \/>\n\t<meta property=\"og:image:height\" content=\"853\" \/>\n\t<meta property=\"og:image:type\" content=\"image\/jpeg\" \/>\n<meta name=\"twitter:card\" content=\"summary_large_image\" \/>\n<script type=\"application\/ld+json\" class=\"yoast-schema-graph\">{\"@context\":\"https:\\\/\\\/schema.org\",\"@graph\":[{\"@type\":\"WebPage\",\"@id\":\"https:\\\/\\\/webdesi-gn.fr\\\/dev_deltalabo\\\/produits\\\/cat-produit\\\/systeme-de-mesure-respirometrique-de-la-dbo-wtw-oxitop-i-is-6\\\/\",\"url\":\"https:\\\/\\\/webdesi-gn.fr\\\/dev_deltalabo\\\/produits\\\/cat-produit\\\/systeme-de-mesure-respirometrique-de-la-dbo-wtw-oxitop-i-is-6\\\/\",\"name\":\"Syst\u00e8me de mesure respirom\u00e9trique de la DBO - WTW OxiTop\u00ae-i IS 6 | DeltaLabo\",\"isPartOf\":{\"@id\":\"https:\\\/\\\/webdesi-gn.fr\\\/dev_deltalabo\\\/#website\"},\"primaryImageOfPage\":{\"@id\":\"https:\\\/\\\/webdesi-gn.fr\\\/dev_deltalabo\\\/produits\\\/cat-produit\\\/systeme-de-mesure-respirometrique-de-la-dbo-wtw-oxitop-i-is-6\\\/#primaryimage\"},\"image\":{\"@id\":\"https:\\\/\\\/webdesi-gn.fr\\\/dev_deltalabo\\\/produits\\\/cat-produit\\\/systeme-de-mesure-respirometrique-de-la-dbo-wtw-oxitop-i-is-6\\\/#primaryimage\"},\"thumbnailUrl\":\"https:\\\/\\\/webdesi-gn.fr\\\/dev_deltalabo\\\/wp-content\\\/uploads\\\/2025\\\/11\\\/DELTA-LABO-OxiTop\u00ae-i-IS-6.png\",\"datePublished\":\"2025-11-24T14:19:03+00:00\",\"dateModified\":\"2025-11-24T14:21:39+00:00\",\"breadcrumb\":{\"@id\":\"https:\\\/\\\/webdesi-gn.fr\\\/dev_deltalabo\\\/produits\\\/cat-produit\\\/systeme-de-mesure-respirometrique-de-la-dbo-wtw-oxitop-i-is-6\\\/#breadcrumb\"},\"inLanguage\":\"fr-FR\",\"potentialAction\":[{\"@type\":\"ReadAction\",\"target\":[\"https:\\\/\\\/webdesi-gn.fr\\\/dev_deltalabo\\\/produits\\\/cat-produit\\\/systeme-de-mesure-respirometrique-de-la-dbo-wtw-oxitop-i-is-6\\\/\"]}]},{\"@type\":\"ImageObject\",\"inLanguage\":\"fr-FR\",\"@id\":\"https:\\\/\\\/webdesi-gn.fr\\\/dev_deltalabo\\\/produits\\\/cat-produit\\\/systeme-de-mesure-respirometrique-de-la-dbo-wtw-oxitop-i-is-6\\\/#primaryimage\",\"url\":\"https:\\\/\\\/webdesi-gn.fr\\\/dev_deltalabo\\\/wp-content\\\/uploads\\\/2025\\\/11\\\/DELTA-LABO-OxiTop\u00ae-i-IS-6.png\",\"contentUrl\":\"https:\\\/\\\/webdesi-gn.fr\\\/dev_deltalabo\\\/wp-content\\\/uploads\\\/2025\\\/11\\\/DELTA-LABO-OxiTop\u00ae-i-IS-6.png\",\"width\":500,\"height\":500},{\"@type\":\"BreadcrumbList\",\"@id\":\"https:\\\/\\\/webdesi-gn.fr\\\/dev_deltalabo\\\/produits\\\/cat-produit\\\/systeme-de-mesure-respirometrique-de-la-dbo-wtw-oxitop-i-is-6\\\/#breadcrumb\",\"itemListElement\":[{\"@type\":\"ListItem\",\"position\":1,\"name\":\"Accueil\",\"item\":\"https:\\\/\\\/webdesi-gn.fr\\\/dev_deltalabo\\\/\"},{\"@type\":\"ListItem\",\"position\":2,\"name\":\"Produits\",\"item\":\"https:\\\/\\\/webdesi-gn.fr\\\/dev_deltalabo\\\/produits\\\/\"},{\"@type\":\"ListItem\",\"position\":3,\"name\":\"Syst\u00e8me de mesure respirom\u00e9trique de la DBO &#8211; WTW OxiTop\u00ae-i IS 6\"}]},{\"@type\":\"WebSite\",\"@id\":\"https:\\\/\\\/webdesi-gn.fr\\\/dev_deltalabo\\\/#website\",\"url\":\"https:\\\/\\\/webdesi-gn.fr\\\/dev_deltalabo\\\/\",\"name\":\"Delta Labo\",\"description\":\"Un site utilisant WordPress\",\"publisher\":{\"@id\":\"https:\\\/\\\/webdesi-gn.fr\\\/dev_deltalabo\\\/#organization\"},\"alternateName\":\"Delta Labo\",\"potentialAction\":[{\"@type\":\"SearchAction\",\"target\":{\"@type\":\"EntryPoint\",\"urlTemplate\":\"https:\\\/\\\/webdesi-gn.fr\\\/dev_deltalabo\\\/?s={search_term_string}\"},\"query-input\":{\"@type\":\"PropertyValueSpecification\",\"valueRequired\":true,\"valueName\":\"search_term_string\"}}],\"inLanguage\":\"fr-FR\"},{\"@type\":\"Organization\",\"@id\":\"https:\\\/\\\/webdesi-gn.fr\\\/dev_deltalabo\\\/#organization\",\"name\":\"DeltaLabo\",\"url\":\"https:\\\/\\\/webdesi-gn.fr\\\/dev_deltalabo\\\/\",\"logo\":{\"@type\":\"ImageObject\",\"inLanguage\":\"fr-FR\",\"@id\":\"https:\\\/\\\/webdesi-gn.fr\\\/dev_deltalabo\\\/#\\\/schema\\\/logo\\\/image\\\/\",\"url\":\"https:\\\/\\\/webdesi-gn.fr\\\/dev_deltalabo\\\/wp-content\\\/uploads\\\/2022\\\/07\\\/logo-deltalabo.png\",\"contentUrl\":\"https:\\\/\\\/webdesi-gn.fr\\\/dev_deltalabo\\\/wp-content\\\/uploads\\\/2022\\\/07\\\/logo-deltalabo.png\",\"width\":694,\"height\":306,\"caption\":\"DeltaLabo\"},\"image\":{\"@id\":\"https:\\\/\\\/webdesi-gn.fr\\\/dev_deltalabo\\\/#\\\/schema\\\/logo\\\/image\\\/\"}}]}<\/script>\n<!-- \/ Yoast SEO plugin. -->","yoast_head_json":{"title":"Syst\u00e8me de mesure respirom\u00e9trique de la DBO - WTW OxiTop\u00ae-i IS 6 | DeltaLabo","robots":{"index":"noindex","follow":"follow","max-snippet":"max-snippet:-1","max-image-preview":"max-image-preview:large","max-video-preview":"max-video-preview:-1"},"og_locale":"fr_FR","og_type":"article","og_title":"Syst\u00e8me de mesure respirom\u00e9trique de la DBO - WTW OxiTop\u00ae-i IS 6 | DeltaLabo","og_description":"Syst\u00e8me de mesure respirom\u00e9trique de la DBO - WTW OxiTop\u00ae-i IS 6 :  Le syst\u00e8me de mesure respirom\u00e9trique de la DBO OxiTop\u00ae-i IS 6 de chez WTW est un instrument moderne et facile \u00e0 utiliser pour la mesure de la DBO (Demande Biologique en Oxyg\u00e8ne).  La dur\u00e9e peut \u00eatre d\u00e9finie entre un et sept jours. Le volume de l'\u00e9chantillon peut \u00eatre s\u00e9lectionn\u00e9 dans le menu - plages de mesure possibles jusqu'\u00e0 4 000 mg\/l.  La conversion en valeur DBO correspondante est automatique, sans erreur et pratique. Une petite LED informe de l'\u00e9tat de fonctionnement r\u00e9el de la t\u00eate. Les t\u00eates bicolores avec identification num\u00e9rique r\u00e9glable de l'\u00e9chantillon permettent de distinguer l'entr\u00e9e de la sortie.  T\u00e9l\u00e9charger la brochure g\u00e9n\u00e9rale : Syst\u00e8me de mesure respirom\u00e9trique de la DBO - WTW OxiTop\u00ae-i IS 6","og_url":"https:\/\/webdesi-gn.fr\/dev_deltalabo\/produits\/cat-produit\/systeme-de-mesure-respirometrique-de-la-dbo-wtw-oxitop-i-is-6\/","og_site_name":"DeltaLabo","article_modified_time":"2025-11-24T14:21:39+00:00","og_image":[{"width":1280,"height":853,"url":"https:\/\/webdesi-gn.fr\/dev_deltalabo\/wp-content\/uploads\/2022\/01\/laboratory-g43d8b3442_1280.jpg","type":"image\/jpeg"}],"twitter_card":"summary_large_image","schema":{"@context":"https:\/\/schema.org","@graph":[{"@type":"WebPage","@id":"https:\/\/webdesi-gn.fr\/dev_deltalabo\/produits\/cat-produit\/systeme-de-mesure-respirometrique-de-la-dbo-wtw-oxitop-i-is-6\/","url":"https:\/\/webdesi-gn.fr\/dev_deltalabo\/produits\/cat-produit\/systeme-de-mesure-respirometrique-de-la-dbo-wtw-oxitop-i-is-6\/","name":"Syst\u00e8me de mesure respirom\u00e9trique de la DBO - WTW OxiTop\u00ae-i IS 6 | DeltaLabo","isPartOf":{"@id":"https:\/\/webdesi-gn.fr\/dev_deltalabo\/#website"},"primaryImageOfPage":{"@id":"https:\/\/webdesi-gn.fr\/dev_deltalabo\/produits\/cat-produit\/systeme-de-mesure-respirometrique-de-la-dbo-wtw-oxitop-i-is-6\/#primaryimage"},"image":{"@id":"https:\/\/webdesi-gn.fr\/dev_deltalabo\/produits\/cat-produit\/systeme-de-mesure-respirometrique-de-la-dbo-wtw-oxitop-i-is-6\/#primaryimage"},"thumbnailUrl":"https:\/\/webdesi-gn.fr\/dev_deltalabo\/wp-content\/uploads\/2025\/11\/DELTA-LABO-OxiTop\u00ae-i-IS-6.png","datePublished":"2025-11-24T14:19:03+00:00","dateModified":"2025-11-24T14:21:39+00:00","breadcrumb":{"@id":"https:\/\/webdesi-gn.fr\/dev_deltalabo\/produits\/cat-produit\/systeme-de-mesure-respirometrique-de-la-dbo-wtw-oxitop-i-is-6\/#breadcrumb"},"inLanguage":"fr-FR","potentialAction":[{"@type":"ReadAction","target":["https:\/\/webdesi-gn.fr\/dev_deltalabo\/produits\/cat-produit\/systeme-de-mesure-respirometrique-de-la-dbo-wtw-oxitop-i-is-6\/"]}]},{"@type":"ImageObject","inLanguage":"fr-FR","@id":"https:\/\/webdesi-gn.fr\/dev_deltalabo\/produits\/cat-produit\/systeme-de-mesure-respirometrique-de-la-dbo-wtw-oxitop-i-is-6\/#primaryimage","url":"https:\/\/webdesi-gn.fr\/dev_deltalabo\/wp-content\/uploads\/2025\/11\/DELTA-LABO-OxiTop\u00ae-i-IS-6.png","contentUrl":"https:\/\/webdesi-gn.fr\/dev_deltalabo\/wp-content\/uploads\/2025\/11\/DELTA-LABO-OxiTop\u00ae-i-IS-6.png","width":500,"height":500},{"@type":"BreadcrumbList","@id":"https:\/\/webdesi-gn.fr\/dev_deltalabo\/produits\/cat-produit\/systeme-de-mesure-respirometrique-de-la-dbo-wtw-oxitop-i-is-6\/#breadcrumb","itemListElement":[{"@type":"ListItem","position":1,"name":"Accueil","item":"https:\/\/webdesi-gn.fr\/dev_deltalabo\/"},{"@type":"ListItem","position":2,"name":"Produits","item":"https:\/\/webdesi-gn.fr\/dev_deltalabo\/produits\/"},{"@type":"ListItem","position":3,"name":"Syst\u00e8me de mesure respirom\u00e9trique de la DBO &#8211; WTW OxiTop\u00ae-i IS 6"}]},{"@type":"WebSite","@id":"https:\/\/webdesi-gn.fr\/dev_deltalabo\/#website","url":"https:\/\/webdesi-gn.fr\/dev_deltalabo\/","name":"Delta Labo","description":"Un site utilisant WordPress","publisher":{"@id":"https:\/\/webdesi-gn.fr\/dev_deltalabo\/#organization"},"alternateName":"Delta Labo","potentialAction":[{"@type":"SearchAction","target":{"@type":"EntryPoint","urlTemplate":"https:\/\/webdesi-gn.fr\/dev_deltalabo\/?s={search_term_string}"},"query-input":{"@type":"PropertyValueSpecification","valueRequired":true,"valueName":"search_term_string"}}],"inLanguage":"fr-FR"},{"@type":"Organization","@id":"https:\/\/webdesi-gn.fr\/dev_deltalabo\/#organization","name":"DeltaLabo","url":"https:\/\/webdesi-gn.fr\/dev_deltalabo\/","logo":{"@type":"ImageObject","inLanguage":"fr-FR","@id":"https:\/\/webdesi-gn.fr\/dev_deltalabo\/#\/schema\/logo\/image\/","url":"https:\/\/webdesi-gn.fr\/dev_deltalabo\/wp-content\/uploads\/2022\/07\/logo-deltalabo.png","contentUrl":"https:\/\/webdesi-gn.fr\/dev_deltalabo\/wp-content\/uploads\/2022\/07\/logo-deltalabo.png","width":694,"height":306,"caption":"DeltaLabo"},"image":{"@id":"https:\/\/webdesi-gn.fr\/dev_deltalabo\/#\/schema\/logo\/image\/"}}]}},"_links":{"self":[{"href":"https:\/\/webdesi-gn.fr\/dev_deltalabo\/wp-json\/wp\/v2\/product\/262746","targetHints":{"allow":["GET"]}}],"collection":[{"href":"https:\/\/webdesi-gn.fr\/dev_deltalabo\/wp-json\/wp\/v2\/product"}],"about":[{"href":"https:\/\/webdesi-gn.fr\/dev_deltalabo\/wp-json\/wp\/v2\/types\/product"}],"wp:featuredmedia":[{"embeddable":true,"href":"https:\/\/webdesi-gn.fr\/dev_deltalabo\/wp-json\/wp\/v2\/media\/262822"}],"wp:attachment":[{"href":"https:\/\/webdesi-gn.fr\/dev_deltalabo\/wp-json\/wp\/v2\/media?parent=262746"}],"wp:term":[{"taxonomy":"domaine","embeddable":true,"href":"https:\/\/webdesi-gn.fr\/dev_deltalabo\/wp-json\/wp\/v2\/domaine?post=262746"},{"taxonomy":"normes","embeddable":true,"href":"https:\/\/webdesi-gn.fr\/dev_deltalabo\/wp-json\/wp\/v2\/normes?post=262746"},{"taxonomy":"product_brand","embeddable":true,"href":"https:\/\/webdesi-gn.fr\/dev_deltalabo\/wp-json\/wp\/v2\/product_brand?post=262746"},{"taxonomy":"product_cat","embeddable":true,"href":"https:\/\/webdesi-gn.fr\/dev_deltalabo\/wp-json\/wp\/v2\/product_cat?post=262746"},{"taxonomy":"product_tag","embeddable":true,"href":"https:\/\/webdesi-gn.fr\/dev_deltalabo\/wp-json\/wp\/v2\/product_tag?post=262746"}],"curies":[{"name":"wp","href":"https:\/\/api.w.org\/{rel}","templated":true}]}}