{"id":262812,"date":"2025-11-24T15:21:16","date_gmt":"2025-11-24T14:21:16","guid":{"rendered":"https:\/\/webdesi-gn.fr\/dev_deltalabo\/?post_type=product&#038;p=262812"},"modified":"2025-11-24T15:23:14","modified_gmt":"2025-11-24T14:23:14","slug":"saccharimetre-numerique-bellingham-stanley-serie-ads400","status":"publish","type":"product","link":"https:\/\/webdesi-gn.fr\/dev_deltalabo\/produits\/categories\/saccharimetre-numerique-bellingham-stanley-serie-ads400\/","title":{"rendered":"Saccharim\u00e8tre num\u00e9rique Bellingham &#038; Stanley &#8211; s\u00e9rie ADS400"},"content":{"rendered":"","protected":false},"excerpt":{"rendered":"<p><strong>Saccharim\u00e8tre num\u00e9rique Bellingham &amp; Stanley &#8211; s\u00e9rie ADS400 :<\/strong><\/p>\n<p>Le saccharim\u00e8tre num\u00e9rique Bellingham &amp; Stanley &#8211; s\u00e9rie ADS400 est un polarim\u00e8tre sp\u00e9cialement con\u00e7u pour afficher les r\u00e9sultats sur l&rsquo;\u00e9chelle ISS (\u00b0Z) pour l&rsquo;industrie sucri\u00e8re. Il est \u00e9quip\u00e9 d&rsquo;un entonnoir pour introduction rapide et du syst\u00e8me innovant de contr\u00f4le de temp\u00e9rature XPC Peltier.<\/p>\n<p>Les saccharim\u00e8tres num\u00e9riques Bellingham &amp; Stanley &#8211; s\u00e9rie ADS400 sont disponibles :<\/p>\n<ul>\n<li>en 2 longueurs d&rsquo;ondes : Sodium (589 nm) \u00e0 des longueurs de tube de 100 mm et 200 mm et NIR (850 nm) \u00e0 des longueurs de tube de 100 mm et 200 mm<\/li>\n<li>avec ou sans contr\u00f4le de temp\u00e9rature XPC<\/li>\n<li>avec tube polarim\u00e9trique 100 ou 200mm<\/li>\n<li>avec ou sans entonnoir d&rsquo;introduction<\/li>\n<\/ul>\n<p><strong>T\u00e9l\u00e9charger la brochure produit :<\/strong> <a href=\"https:\/\/www.deltalabo.fr\/wp-content\/uploads\/2025\/07\/Brochure-generale-engl-DL-2025.pdf\">Saccharim\u00e8tre num\u00e9rique Bellingham &amp; Stanley &#8211; s\u00e9rie ADS400<\/a><\/p>\n<p><strong>T\u00e9l\u00e9charger la brochure produit \u00ab\u00a0\u00e9talons de r\u00e9f\u00e9rence certifi\u00e9s\u00a0\u00bb :<\/strong> <a href=\"https:\/\/www.deltalabo.fr\/wp-content\/uploads\/2025\/08\/Brochure-etalons-de-reference-certifies-fr-DL.pdf\">Etalons de r\u00e9f\u00e9rence certifi\u00e9s<\/a><\/p>\n","protected":false},"featured_media":262858,"template":"","meta":{"_acf_changed":false,"site-sidebar-layout":"default","site-content-layout":"","ast-site-content-layout":"default","site-content-style":"default","site-sidebar-style":"default","ast-global-header-display":"","ast-banner-title-visibility":"","ast-main-header-display":"","ast-hfb-above-header-display":"","ast-hfb-below-header-display":"","ast-hfb-mobile-header-display":"","site-post-title":"","ast-breadcrumbs-content":"","ast-featured-img":"","footer-sml-layout":"","ast-disable-related-posts":"","theme-transparent-header-meta":"","adv-header-id-meta":"","stick-header-meta":"","header-above-stick-meta":"","header-main-stick-meta":"","header-below-stick-meta":"","astra-migrate-meta-layouts":"default","ast-page-background-enabled":"default","ast-page-background-meta":{"desktop":{"background-color":"var(--ast-global-color-5)","background-image":"","background-repeat":"repeat","background-position":"center center","background-size":"auto","background-attachment":"scroll","background-type":"","background-media":"","overlay-type":"","overlay-color":"","overlay-opacity":"","overlay-gradient":""},"tablet":{"background-color":"","background-image":"","background-repeat":"repeat","background-position":"center center","background-size":"auto","background-attachment":"scroll","background-type":"","background-media":"","overlay-type":"","overlay-color":"","overlay-opacity":"","overlay-gradient":""},"mobile":{"background-color":"","background-image":"","background-repeat":"repeat","background-position":"center center","background-size":"auto","background-attachment":"scroll","background-type":"","background-media":"","overlay-type":"","overlay-color":"","overlay-opacity":"","overlay-gradient":""}},"ast-content-background-meta":{"desktop":{"background-color":"var(--ast-global-color-4)","background-image":"","background-repeat":"repeat","background-position":"center center","background-size":"auto","background-attachment":"scroll","background-type":"","background-media":"","overlay-type":"","overlay-color":"","overlay-opacity":"","overlay-gradient":""},"tablet":{"background-color":"var(--ast-global-color-4)","background-image":"","background-repeat":"repeat","background-position":"center center","background-size":"auto","background-attachment":"scroll","background-type":"","background-media":"","overlay-type":"","overlay-color":"","overlay-opacity":"","overlay-gradient":""},"mobile":{"background-color":"var(--ast-global-color-4)","background-image":"","background-repeat":"repeat","background-position":"center center","background-size":"auto","background-attachment":"scroll","background-type":"","background-media":"","overlay-type":"","overlay-color":"","overlay-opacity":"","overlay-gradient":""}}},"domaine":[],"normes":[],"product_brand":[],"product_cat":[17240],"product_tag":[],"class_list":{"0":"post-262812","1":"product","2":"type-product","3":"status-publish","4":"has-post-thumbnail","6":"product_cat-categories","7":"desktop-align-left","8":"tablet-align-left","9":"mobile-align-left","11":"first","12":"instock","13":"shipping-taxable","14":"product-type-simple"},"acf":[],"yoast_head":"<!-- This site is optimized with the Yoast SEO plugin v27.4 - https:\/\/yoast.com\/product\/yoast-seo-wordpress\/ -->\n<title>Saccharim\u00e8tre num\u00e9rique Bellingham &amp; Stanley - s\u00e9rie ADS400 | DeltaLabo<\/title>\n<meta name=\"robots\" content=\"noindex, follow, max-snippet:-1, max-image-preview:large, max-video-preview:-1\" \/>\n<meta property=\"og:locale\" content=\"fr_FR\" \/>\n<meta property=\"og:type\" content=\"article\" \/>\n<meta property=\"og:title\" content=\"Saccharim\u00e8tre num\u00e9rique Bellingham &amp; Stanley - s\u00e9rie ADS400 | DeltaLabo\" \/>\n<meta property=\"og:description\" content=\"Saccharim\u00e8tre num\u00e9rique Bellingham &amp; Stanley - s\u00e9rie ADS400 :  Le saccharim\u00e8tre num\u00e9rique Bellingham &amp; Stanley - s\u00e9rie ADS400 est un polarim\u00e8tre sp\u00e9cialement con\u00e7u pour afficher les r\u00e9sultats sur l&#039;\u00e9chelle ISS (\u00b0Z) pour l&#039;industrie sucri\u00e8re. Il est \u00e9quip\u00e9 d&#039;un entonnoir pour introduction rapide et du syst\u00e8me innovant de contr\u00f4le de temp\u00e9rature XPC Peltier.  Les saccharim\u00e8tres num\u00e9riques Bellingham &amp; Stanley - s\u00e9rie ADS400 sont disponibles :   en 2 longueurs d&#039;ondes : Sodium (589 nm) \u00e0 des longueurs de tube de 100 mm et 200 mm et NIR (850 nm) \u00e0 des longueurs de tube de 100 mm et 200 mm  avec ou sans contr\u00f4le de temp\u00e9rature XPC  avec tube polarim\u00e9trique 100 ou 200mm  avec ou sans entonnoir d&#039;introduction  T\u00e9l\u00e9charger la brochure produit : Saccharim\u00e8tre num\u00e9rique Bellingham &amp; Stanley - s\u00e9rie ADS400  T\u00e9l\u00e9charger la brochure produit &quot;\u00e9talons de r\u00e9f\u00e9rence certifi\u00e9s&quot; : Etalons de r\u00e9f\u00e9rence certifi\u00e9s\" \/>\n<meta property=\"og:url\" content=\"https:\/\/webdesi-gn.fr\/dev_deltalabo\/produits\/cat-produit\/saccharimetre-numerique-bellingham-stanley-serie-ads400\/\" \/>\n<meta property=\"og:site_name\" content=\"DeltaLabo\" \/>\n<meta property=\"article:modified_time\" content=\"2025-11-24T14:23:14+00:00\" \/>\n<meta property=\"og:image\" content=\"https:\/\/webdesi-gn.fr\/dev_deltalabo\/wp-content\/uploads\/2022\/01\/laboratory-g43d8b3442_1280.jpg\" \/>\n\t<meta property=\"og:image:width\" content=\"1280\" \/>\n\t<meta property=\"og:image:height\" content=\"853\" \/>\n\t<meta property=\"og:image:type\" content=\"image\/jpeg\" \/>\n<meta name=\"twitter:card\" content=\"summary_large_image\" \/>\n<script type=\"application\/ld+json\" class=\"yoast-schema-graph\">{\"@context\":\"https:\\\/\\\/schema.org\",\"@graph\":[{\"@type\":\"WebPage\",\"@id\":\"https:\\\/\\\/webdesi-gn.fr\\\/dev_deltalabo\\\/produits\\\/cat-produit\\\/saccharimetre-numerique-bellingham-stanley-serie-ads400\\\/\",\"url\":\"https:\\\/\\\/webdesi-gn.fr\\\/dev_deltalabo\\\/produits\\\/cat-produit\\\/saccharimetre-numerique-bellingham-stanley-serie-ads400\\\/\",\"name\":\"Saccharim\u00e8tre num\u00e9rique Bellingham & Stanley - s\u00e9rie ADS400 | DeltaLabo\",\"isPartOf\":{\"@id\":\"https:\\\/\\\/webdesi-gn.fr\\\/dev_deltalabo\\\/#website\"},\"primaryImageOfPage\":{\"@id\":\"https:\\\/\\\/webdesi-gn.fr\\\/dev_deltalabo\\\/produits\\\/cat-produit\\\/saccharimetre-numerique-bellingham-stanley-serie-ads400\\\/#primaryimage\"},\"image\":{\"@id\":\"https:\\\/\\\/webdesi-gn.fr\\\/dev_deltalabo\\\/produits\\\/cat-produit\\\/saccharimetre-numerique-bellingham-stanley-serie-ads400\\\/#primaryimage\"},\"thumbnailUrl\":\"https:\\\/\\\/webdesi-gn.fr\\\/dev_deltalabo\\\/wp-content\\\/uploads\\\/2025\\\/11\\\/DELTA-LABO-ADS400.jpg\",\"datePublished\":\"2025-11-24T14:21:16+00:00\",\"dateModified\":\"2025-11-24T14:23:14+00:00\",\"breadcrumb\":{\"@id\":\"https:\\\/\\\/webdesi-gn.fr\\\/dev_deltalabo\\\/produits\\\/cat-produit\\\/saccharimetre-numerique-bellingham-stanley-serie-ads400\\\/#breadcrumb\"},\"inLanguage\":\"fr-FR\",\"potentialAction\":[{\"@type\":\"ReadAction\",\"target\":[\"https:\\\/\\\/webdesi-gn.fr\\\/dev_deltalabo\\\/produits\\\/cat-produit\\\/saccharimetre-numerique-bellingham-stanley-serie-ads400\\\/\"]}]},{\"@type\":\"ImageObject\",\"inLanguage\":\"fr-FR\",\"@id\":\"https:\\\/\\\/webdesi-gn.fr\\\/dev_deltalabo\\\/produits\\\/cat-produit\\\/saccharimetre-numerique-bellingham-stanley-serie-ads400\\\/#primaryimage\",\"url\":\"https:\\\/\\\/webdesi-gn.fr\\\/dev_deltalabo\\\/wp-content\\\/uploads\\\/2025\\\/11\\\/DELTA-LABO-ADS400.jpg\",\"contentUrl\":\"https:\\\/\\\/webdesi-gn.fr\\\/dev_deltalabo\\\/wp-content\\\/uploads\\\/2025\\\/11\\\/DELTA-LABO-ADS400.jpg\",\"width\":600,\"height\":600},{\"@type\":\"BreadcrumbList\",\"@id\":\"https:\\\/\\\/webdesi-gn.fr\\\/dev_deltalabo\\\/produits\\\/cat-produit\\\/saccharimetre-numerique-bellingham-stanley-serie-ads400\\\/#breadcrumb\",\"itemListElement\":[{\"@type\":\"ListItem\",\"position\":1,\"name\":\"Accueil\",\"item\":\"https:\\\/\\\/webdesi-gn.fr\\\/dev_deltalabo\\\/\"},{\"@type\":\"ListItem\",\"position\":2,\"name\":\"Produits\",\"item\":\"https:\\\/\\\/webdesi-gn.fr\\\/dev_deltalabo\\\/produits\\\/\"},{\"@type\":\"ListItem\",\"position\":3,\"name\":\"Saccharim\u00e8tre num\u00e9rique Bellingham &#038; Stanley &#8211; s\u00e9rie ADS400\"}]},{\"@type\":\"WebSite\",\"@id\":\"https:\\\/\\\/webdesi-gn.fr\\\/dev_deltalabo\\\/#website\",\"url\":\"https:\\\/\\\/webdesi-gn.fr\\\/dev_deltalabo\\\/\",\"name\":\"Delta Labo\",\"description\":\"Un site utilisant WordPress\",\"publisher\":{\"@id\":\"https:\\\/\\\/webdesi-gn.fr\\\/dev_deltalabo\\\/#organization\"},\"alternateName\":\"Delta Labo\",\"potentialAction\":[{\"@type\":\"SearchAction\",\"target\":{\"@type\":\"EntryPoint\",\"urlTemplate\":\"https:\\\/\\\/webdesi-gn.fr\\\/dev_deltalabo\\\/?s={search_term_string}\"},\"query-input\":{\"@type\":\"PropertyValueSpecification\",\"valueRequired\":true,\"valueName\":\"search_term_string\"}}],\"inLanguage\":\"fr-FR\"},{\"@type\":\"Organization\",\"@id\":\"https:\\\/\\\/webdesi-gn.fr\\\/dev_deltalabo\\\/#organization\",\"name\":\"DeltaLabo\",\"url\":\"https:\\\/\\\/webdesi-gn.fr\\\/dev_deltalabo\\\/\",\"logo\":{\"@type\":\"ImageObject\",\"inLanguage\":\"fr-FR\",\"@id\":\"https:\\\/\\\/webdesi-gn.fr\\\/dev_deltalabo\\\/#\\\/schema\\\/logo\\\/image\\\/\",\"url\":\"https:\\\/\\\/webdesi-gn.fr\\\/dev_deltalabo\\\/wp-content\\\/uploads\\\/2022\\\/07\\\/logo-deltalabo.png\",\"contentUrl\":\"https:\\\/\\\/webdesi-gn.fr\\\/dev_deltalabo\\\/wp-content\\\/uploads\\\/2022\\\/07\\\/logo-deltalabo.png\",\"width\":694,\"height\":306,\"caption\":\"DeltaLabo\"},\"image\":{\"@id\":\"https:\\\/\\\/webdesi-gn.fr\\\/dev_deltalabo\\\/#\\\/schema\\\/logo\\\/image\\\/\"}}]}<\/script>\n<!-- \/ Yoast SEO plugin. -->","yoast_head_json":{"title":"Saccharim\u00e8tre num\u00e9rique Bellingham & Stanley - s\u00e9rie ADS400 | DeltaLabo","robots":{"index":"noindex","follow":"follow","max-snippet":"max-snippet:-1","max-image-preview":"max-image-preview:large","max-video-preview":"max-video-preview:-1"},"og_locale":"fr_FR","og_type":"article","og_title":"Saccharim\u00e8tre num\u00e9rique Bellingham & Stanley - s\u00e9rie ADS400 | DeltaLabo","og_description":"Saccharim\u00e8tre num\u00e9rique Bellingham &amp; Stanley - s\u00e9rie ADS400 :  Le saccharim\u00e8tre num\u00e9rique Bellingham &amp; Stanley - s\u00e9rie ADS400 est un polarim\u00e8tre sp\u00e9cialement con\u00e7u pour afficher les r\u00e9sultats sur l'\u00e9chelle ISS (\u00b0Z) pour l'industrie sucri\u00e8re. Il est \u00e9quip\u00e9 d'un entonnoir pour introduction rapide et du syst\u00e8me innovant de contr\u00f4le de temp\u00e9rature XPC Peltier.  Les saccharim\u00e8tres num\u00e9riques Bellingham &amp; Stanley - s\u00e9rie ADS400 sont disponibles :   en 2 longueurs d'ondes : Sodium (589 nm) \u00e0 des longueurs de tube de 100 mm et 200 mm et NIR (850 nm) \u00e0 des longueurs de tube de 100 mm et 200 mm  avec ou sans contr\u00f4le de temp\u00e9rature XPC  avec tube polarim\u00e9trique 100 ou 200mm  avec ou sans entonnoir d'introduction  T\u00e9l\u00e9charger la brochure produit : Saccharim\u00e8tre num\u00e9rique Bellingham &amp; Stanley - s\u00e9rie ADS400  T\u00e9l\u00e9charger la brochure produit \"\u00e9talons de r\u00e9f\u00e9rence certifi\u00e9s\" : Etalons de r\u00e9f\u00e9rence certifi\u00e9s","og_url":"https:\/\/webdesi-gn.fr\/dev_deltalabo\/produits\/cat-produit\/saccharimetre-numerique-bellingham-stanley-serie-ads400\/","og_site_name":"DeltaLabo","article_modified_time":"2025-11-24T14:23:14+00:00","og_image":[{"width":1280,"height":853,"url":"https:\/\/webdesi-gn.fr\/dev_deltalabo\/wp-content\/uploads\/2022\/01\/laboratory-g43d8b3442_1280.jpg","type":"image\/jpeg"}],"twitter_card":"summary_large_image","schema":{"@context":"https:\/\/schema.org","@graph":[{"@type":"WebPage","@id":"https:\/\/webdesi-gn.fr\/dev_deltalabo\/produits\/cat-produit\/saccharimetre-numerique-bellingham-stanley-serie-ads400\/","url":"https:\/\/webdesi-gn.fr\/dev_deltalabo\/produits\/cat-produit\/saccharimetre-numerique-bellingham-stanley-serie-ads400\/","name":"Saccharim\u00e8tre num\u00e9rique Bellingham & Stanley - s\u00e9rie ADS400 | DeltaLabo","isPartOf":{"@id":"https:\/\/webdesi-gn.fr\/dev_deltalabo\/#website"},"primaryImageOfPage":{"@id":"https:\/\/webdesi-gn.fr\/dev_deltalabo\/produits\/cat-produit\/saccharimetre-numerique-bellingham-stanley-serie-ads400\/#primaryimage"},"image":{"@id":"https:\/\/webdesi-gn.fr\/dev_deltalabo\/produits\/cat-produit\/saccharimetre-numerique-bellingham-stanley-serie-ads400\/#primaryimage"},"thumbnailUrl":"https:\/\/webdesi-gn.fr\/dev_deltalabo\/wp-content\/uploads\/2025\/11\/DELTA-LABO-ADS400.jpg","datePublished":"2025-11-24T14:21:16+00:00","dateModified":"2025-11-24T14:23:14+00:00","breadcrumb":{"@id":"https:\/\/webdesi-gn.fr\/dev_deltalabo\/produits\/cat-produit\/saccharimetre-numerique-bellingham-stanley-serie-ads400\/#breadcrumb"},"inLanguage":"fr-FR","potentialAction":[{"@type":"ReadAction","target":["https:\/\/webdesi-gn.fr\/dev_deltalabo\/produits\/cat-produit\/saccharimetre-numerique-bellingham-stanley-serie-ads400\/"]}]},{"@type":"ImageObject","inLanguage":"fr-FR","@id":"https:\/\/webdesi-gn.fr\/dev_deltalabo\/produits\/cat-produit\/saccharimetre-numerique-bellingham-stanley-serie-ads400\/#primaryimage","url":"https:\/\/webdesi-gn.fr\/dev_deltalabo\/wp-content\/uploads\/2025\/11\/DELTA-LABO-ADS400.jpg","contentUrl":"https:\/\/webdesi-gn.fr\/dev_deltalabo\/wp-content\/uploads\/2025\/11\/DELTA-LABO-ADS400.jpg","width":600,"height":600},{"@type":"BreadcrumbList","@id":"https:\/\/webdesi-gn.fr\/dev_deltalabo\/produits\/cat-produit\/saccharimetre-numerique-bellingham-stanley-serie-ads400\/#breadcrumb","itemListElement":[{"@type":"ListItem","position":1,"name":"Accueil","item":"https:\/\/webdesi-gn.fr\/dev_deltalabo\/"},{"@type":"ListItem","position":2,"name":"Produits","item":"https:\/\/webdesi-gn.fr\/dev_deltalabo\/produits\/"},{"@type":"ListItem","position":3,"name":"Saccharim\u00e8tre num\u00e9rique Bellingham &#038; Stanley &#8211; s\u00e9rie ADS400"}]},{"@type":"WebSite","@id":"https:\/\/webdesi-gn.fr\/dev_deltalabo\/#website","url":"https:\/\/webdesi-gn.fr\/dev_deltalabo\/","name":"Delta Labo","description":"Un site utilisant WordPress","publisher":{"@id":"https:\/\/webdesi-gn.fr\/dev_deltalabo\/#organization"},"alternateName":"Delta Labo","potentialAction":[{"@type":"SearchAction","target":{"@type":"EntryPoint","urlTemplate":"https:\/\/webdesi-gn.fr\/dev_deltalabo\/?s={search_term_string}"},"query-input":{"@type":"PropertyValueSpecification","valueRequired":true,"valueName":"search_term_string"}}],"inLanguage":"fr-FR"},{"@type":"Organization","@id":"https:\/\/webdesi-gn.fr\/dev_deltalabo\/#organization","name":"DeltaLabo","url":"https:\/\/webdesi-gn.fr\/dev_deltalabo\/","logo":{"@type":"ImageObject","inLanguage":"fr-FR","@id":"https:\/\/webdesi-gn.fr\/dev_deltalabo\/#\/schema\/logo\/image\/","url":"https:\/\/webdesi-gn.fr\/dev_deltalabo\/wp-content\/uploads\/2022\/07\/logo-deltalabo.png","contentUrl":"https:\/\/webdesi-gn.fr\/dev_deltalabo\/wp-content\/uploads\/2022\/07\/logo-deltalabo.png","width":694,"height":306,"caption":"DeltaLabo"},"image":{"@id":"https:\/\/webdesi-gn.fr\/dev_deltalabo\/#\/schema\/logo\/image\/"}}]}},"_links":{"self":[{"href":"https:\/\/webdesi-gn.fr\/dev_deltalabo\/wp-json\/wp\/v2\/product\/262812","targetHints":{"allow":["GET"]}}],"collection":[{"href":"https:\/\/webdesi-gn.fr\/dev_deltalabo\/wp-json\/wp\/v2\/product"}],"about":[{"href":"https:\/\/webdesi-gn.fr\/dev_deltalabo\/wp-json\/wp\/v2\/types\/product"}],"wp:featuredmedia":[{"embeddable":true,"href":"https:\/\/webdesi-gn.fr\/dev_deltalabo\/wp-json\/wp\/v2\/media\/262858"}],"wp:attachment":[{"href":"https:\/\/webdesi-gn.fr\/dev_deltalabo\/wp-json\/wp\/v2\/media?parent=262812"}],"wp:term":[{"taxonomy":"domaine","embeddable":true,"href":"https:\/\/webdesi-gn.fr\/dev_deltalabo\/wp-json\/wp\/v2\/domaine?post=262812"},{"taxonomy":"normes","embeddable":true,"href":"https:\/\/webdesi-gn.fr\/dev_deltalabo\/wp-json\/wp\/v2\/normes?post=262812"},{"taxonomy":"product_brand","embeddable":true,"href":"https:\/\/webdesi-gn.fr\/dev_deltalabo\/wp-json\/wp\/v2\/product_brand?post=262812"},{"taxonomy":"product_cat","embeddable":true,"href":"https:\/\/webdesi-gn.fr\/dev_deltalabo\/wp-json\/wp\/v2\/product_cat?post=262812"},{"taxonomy":"product_tag","embeddable":true,"href":"https:\/\/webdesi-gn.fr\/dev_deltalabo\/wp-json\/wp\/v2\/product_tag?post=262812"}],"curies":[{"name":"wp","href":"https:\/\/api.w.org\/{rel}","templated":true}]}}