{"id":262813,"date":"2025-11-24T15:21:17","date_gmt":"2025-11-24T14:21:17","guid":{"rendered":"https:\/\/webdesi-gn.fr\/dev_deltalabo\/?post_type=product&#038;p=262813"},"modified":"2025-11-24T15:23:23","modified_gmt":"2025-11-24T14:23:23","slug":"broyeur-a-disques-fritsch-pulverisette-13-premium-line","status":"publish","type":"product","link":"https:\/\/webdesi-gn.fr\/dev_deltalabo\/produits\/categories\/broyeur-a-disques-fritsch-pulverisette-13-premium-line\/","title":{"rendered":"Broyeur \u00e0 disques FRITSCH PULVERISETTE 13 premium line"},"content":{"rendered":"","protected":false},"excerpt":{"rendered":"<p><strong>Broyeur \u00e0 disques FRITSCH Pulverisette 13 premium line :<\/strong><\/p>\n<p>Le broyeur \u00e0 disques FRITSCH Pulverisette 13 premium line est id\u00e9al pour un broyage fin de mat\u00e9riaux cassants et durs, allant jusqu\u2019\u00e0 0,05 mm.<\/p>\n<p>L&rsquo;\u00e9chantillon est broy\u00e9 par effets de compression et de cisaillement g\u00e9n\u00e9r\u00e9s entre deux disques nervur\u00e9s agissant l&rsquo;un contre l&rsquo;autre. Le broyat tombe ensuite dans le tiroir collecteur. La granulom\u00e9trie finale souhait\u00e9e s&rsquo;ajuste simplement et de fa\u00e7on reproductible par r\u00e9glage num\u00e9rique de l&rsquo;\u00e9cartement des disques. Le verrouillage automatique du r\u00e9cipient collecteur et de la chambre de broyage assure une s\u00e9curit\u00e9 optimale. Le r\u00e9glage motoris\u00e9 de l&rsquo;\u00e9cartement des disques et l&rsquo;affichage num\u00e9rique simplifie son utilisation.<\/p>\n<p>Caract\u00e9ristiques :<\/p>\n<ul class=\"csc-bulletlist csc-bulletlist-0\">\n<li>Taille initiale maximum 20 mm<\/li>\n<li>D\u00e9bit maximum de 150 kg\/h avec moteur ultrapuissant<\/li>\n<li>Vitesse de rotation du disque de broyage de 440 tr\/min<\/li>\n<li>R\u00e9glage motoris\u00e9 de la fente de broyage par pas de 50 \u00b5m<\/li>\n<\/ul>\n<p><strong>T\u00e9l\u00e9charger la brochure produit :<\/strong> <a href=\"https:\/\/www.deltalabo.fr\/wp-content\/uploads\/2025\/07\/FRITSCH-Product-P13-premium-line-engl-DL-2025.pdf\">Broyeur \u00e0 disques FRITSCH Pulv\u00e9risette 13 premium line<\/a><\/p>\n<p><strong>Visualiser l&rsquo;utilisation du produit :<\/strong> <a href=\"https:\/\/youtu.be\/MPqvieUhCS4?t=18\">Broyeur \u00e0 disques FRITSCH Pulv\u00e9risette 13 premium line<\/a><\/p>\n","protected":false},"featured_media":262859,"template":"","meta":{"_acf_changed":false,"site-sidebar-layout":"default","site-content-layout":"","ast-site-content-layout":"default","site-content-style":"default","site-sidebar-style":"default","ast-global-header-display":"","ast-banner-title-visibility":"","ast-main-header-display":"","ast-hfb-above-header-display":"","ast-hfb-below-header-display":"","ast-hfb-mobile-header-display":"","site-post-title":"","ast-breadcrumbs-content":"","ast-featured-img":"","footer-sml-layout":"","ast-disable-related-posts":"","theme-transparent-header-meta":"","adv-header-id-meta":"","stick-header-meta":"","header-above-stick-meta":"","header-main-stick-meta":"","header-below-stick-meta":"","astra-migrate-meta-layouts":"default","ast-page-background-enabled":"default","ast-page-background-meta":{"desktop":{"background-color":"var(--ast-global-color-5)","background-image":"","background-repeat":"repeat","background-position":"center center","background-size":"auto","background-attachment":"scroll","background-type":"","background-media":"","overlay-type":"","overlay-color":"","overlay-opacity":"","overlay-gradient":""},"tablet":{"background-color":"","background-image":"","background-repeat":"repeat","background-position":"center center","background-size":"auto","background-attachment":"scroll","background-type":"","background-media":"","overlay-type":"","overlay-color":"","overlay-opacity":"","overlay-gradient":""},"mobile":{"background-color":"","background-image":"","background-repeat":"repeat","background-position":"center center","background-size":"auto","background-attachment":"scroll","background-type":"","background-media":"","overlay-type":"","overlay-color":"","overlay-opacity":"","overlay-gradient":""}},"ast-content-background-meta":{"desktop":{"background-color":"var(--ast-global-color-4)","background-image":"","background-repeat":"repeat","background-position":"center center","background-size":"auto","background-attachment":"scroll","background-type":"","background-media":"","overlay-type":"","overlay-color":"","overlay-opacity":"","overlay-gradient":""},"tablet":{"background-color":"var(--ast-global-color-4)","background-image":"","background-repeat":"repeat","background-position":"center center","background-size":"auto","background-attachment":"scroll","background-type":"","background-media":"","overlay-type":"","overlay-color":"","overlay-opacity":"","overlay-gradient":""},"mobile":{"background-color":"var(--ast-global-color-4)","background-image":"","background-repeat":"repeat","background-position":"center center","background-size":"auto","background-attachment":"scroll","background-type":"","background-media":"","overlay-type":"","overlay-color":"","overlay-opacity":"","overlay-gradient":""}}},"domaine":[],"normes":[],"product_brand":[],"product_cat":[17240],"product_tag":[],"class_list":{"0":"post-262813","1":"product","2":"type-product","3":"status-publish","4":"has-post-thumbnail","6":"product_cat-categories","7":"desktop-align-left","8":"tablet-align-left","9":"mobile-align-left","11":"first","12":"instock","13":"shipping-taxable","14":"purchasable","15":"product-type-simple"},"acf":[],"yoast_head":"<!-- This site is optimized with the Yoast SEO plugin v27.4 - https:\/\/yoast.com\/product\/yoast-seo-wordpress\/ -->\n<title>Broyeur \u00e0 disques FRITSCH PULVERISETTE 13 premium line | DeltaLabo<\/title>\n<meta name=\"robots\" content=\"noindex, follow, max-snippet:-1, max-image-preview:large, max-video-preview:-1\" \/>\n<meta property=\"og:locale\" content=\"fr_FR\" \/>\n<meta property=\"og:type\" content=\"article\" \/>\n<meta property=\"og:title\" content=\"Broyeur \u00e0 disques FRITSCH PULVERISETTE 13 premium line | DeltaLabo\" \/>\n<meta property=\"og:description\" content=\"Broyeur \u00e0 disques FRITSCH Pulverisette 13 premium line :  Le broyeur \u00e0 disques FRITSCH Pulverisette 13 premium line est id\u00e9al pour un broyage fin de mat\u00e9riaux cassants et durs, allant jusqu\u2019\u00e0 0,05 mm.  L&#039;\u00e9chantillon est broy\u00e9 par effets de compression et de cisaillement g\u00e9n\u00e9r\u00e9s entre deux disques nervur\u00e9s agissant l&#039;un contre l&#039;autre. Le broyat tombe ensuite dans le tiroir collecteur. La granulom\u00e9trie finale souhait\u00e9e s&#039;ajuste simplement et de fa\u00e7on reproductible par r\u00e9glage num\u00e9rique de l&#039;\u00e9cartement des disques. Le verrouillage automatique du r\u00e9cipient collecteur et de la chambre de broyage assure une s\u00e9curit\u00e9 optimale. Le r\u00e9glage motoris\u00e9 de l&#039;\u00e9cartement des disques et l&#039;affichage num\u00e9rique simplifie son utilisation.  Caract\u00e9ristiques :   Taille initiale maximum 20 mm  D\u00e9bit maximum de 150 kg\/h avec moteur ultrapuissant  Vitesse de rotation du disque de broyage de 440 tr\/min  R\u00e9glage motoris\u00e9 de la fente de broyage par pas de 50 \u00b5m  T\u00e9l\u00e9charger la brochure produit : Broyeur \u00e0 disques FRITSCH Pulv\u00e9risette 13 premium line  Visualiser l&#039;utilisation du produit : Broyeur \u00e0 disques FRITSCH Pulv\u00e9risette 13 premium line\" \/>\n<meta property=\"og:url\" content=\"https:\/\/webdesi-gn.fr\/dev_deltalabo\/produits\/cat-produit\/broyeur-a-disques-fritsch-pulverisette-13-premium-line\/\" \/>\n<meta property=\"og:site_name\" content=\"DeltaLabo\" \/>\n<meta property=\"article:modified_time\" content=\"2025-11-24T14:23:23+00:00\" \/>\n<meta property=\"og:image\" content=\"https:\/\/webdesi-gn.fr\/dev_deltalabo\/wp-content\/uploads\/2022\/01\/laboratory-g43d8b3442_1280.jpg\" \/>\n\t<meta property=\"og:image:width\" content=\"1280\" \/>\n\t<meta property=\"og:image:height\" content=\"853\" \/>\n\t<meta property=\"og:image:type\" content=\"image\/jpeg\" \/>\n<meta name=\"twitter:card\" content=\"summary_large_image\" \/>\n<script type=\"application\/ld+json\" class=\"yoast-schema-graph\">{\"@context\":\"https:\\\/\\\/schema.org\",\"@graph\":[{\"@type\":\"WebPage\",\"@id\":\"https:\\\/\\\/webdesi-gn.fr\\\/dev_deltalabo\\\/produits\\\/cat-produit\\\/broyeur-a-disques-fritsch-pulverisette-13-premium-line\\\/\",\"url\":\"https:\\\/\\\/webdesi-gn.fr\\\/dev_deltalabo\\\/produits\\\/cat-produit\\\/broyeur-a-disques-fritsch-pulverisette-13-premium-line\\\/\",\"name\":\"Broyeur \u00e0 disques FRITSCH PULVERISETTE 13 premium line | DeltaLabo\",\"isPartOf\":{\"@id\":\"https:\\\/\\\/webdesi-gn.fr\\\/dev_deltalabo\\\/#website\"},\"primaryImageOfPage\":{\"@id\":\"https:\\\/\\\/webdesi-gn.fr\\\/dev_deltalabo\\\/produits\\\/cat-produit\\\/broyeur-a-disques-fritsch-pulverisette-13-premium-line\\\/#primaryimage\"},\"image\":{\"@id\":\"https:\\\/\\\/webdesi-gn.fr\\\/dev_deltalabo\\\/produits\\\/cat-produit\\\/broyeur-a-disques-fritsch-pulverisette-13-premium-line\\\/#primaryimage\"},\"thumbnailUrl\":\"https:\\\/\\\/webdesi-gn.fr\\\/dev_deltalabo\\\/wp-content\\\/uploads\\\/2025\\\/11\\\/DELTA-LABO-Broyeur-P13.png\",\"datePublished\":\"2025-11-24T14:21:17+00:00\",\"dateModified\":\"2025-11-24T14:23:23+00:00\",\"breadcrumb\":{\"@id\":\"https:\\\/\\\/webdesi-gn.fr\\\/dev_deltalabo\\\/produits\\\/cat-produit\\\/broyeur-a-disques-fritsch-pulverisette-13-premium-line\\\/#breadcrumb\"},\"inLanguage\":\"fr-FR\",\"potentialAction\":[{\"@type\":\"ReadAction\",\"target\":[\"https:\\\/\\\/webdesi-gn.fr\\\/dev_deltalabo\\\/produits\\\/cat-produit\\\/broyeur-a-disques-fritsch-pulverisette-13-premium-line\\\/\"]}]},{\"@type\":\"ImageObject\",\"inLanguage\":\"fr-FR\",\"@id\":\"https:\\\/\\\/webdesi-gn.fr\\\/dev_deltalabo\\\/produits\\\/cat-produit\\\/broyeur-a-disques-fritsch-pulverisette-13-premium-line\\\/#primaryimage\",\"url\":\"https:\\\/\\\/webdesi-gn.fr\\\/dev_deltalabo\\\/wp-content\\\/uploads\\\/2025\\\/11\\\/DELTA-LABO-Broyeur-P13.png\",\"contentUrl\":\"https:\\\/\\\/webdesi-gn.fr\\\/dev_deltalabo\\\/wp-content\\\/uploads\\\/2025\\\/11\\\/DELTA-LABO-Broyeur-P13.png\",\"width\":500,\"height\":500},{\"@type\":\"BreadcrumbList\",\"@id\":\"https:\\\/\\\/webdesi-gn.fr\\\/dev_deltalabo\\\/produits\\\/cat-produit\\\/broyeur-a-disques-fritsch-pulverisette-13-premium-line\\\/#breadcrumb\",\"itemListElement\":[{\"@type\":\"ListItem\",\"position\":1,\"name\":\"Accueil\",\"item\":\"https:\\\/\\\/webdesi-gn.fr\\\/dev_deltalabo\\\/\"},{\"@type\":\"ListItem\",\"position\":2,\"name\":\"Produits\",\"item\":\"https:\\\/\\\/webdesi-gn.fr\\\/dev_deltalabo\\\/produits\\\/\"},{\"@type\":\"ListItem\",\"position\":3,\"name\":\"Broyeur \u00e0 disques FRITSCH PULVERISETTE 13 premium line\"}]},{\"@type\":\"WebSite\",\"@id\":\"https:\\\/\\\/webdesi-gn.fr\\\/dev_deltalabo\\\/#website\",\"url\":\"https:\\\/\\\/webdesi-gn.fr\\\/dev_deltalabo\\\/\",\"name\":\"Delta Labo\",\"description\":\"Un site utilisant WordPress\",\"publisher\":{\"@id\":\"https:\\\/\\\/webdesi-gn.fr\\\/dev_deltalabo\\\/#organization\"},\"alternateName\":\"Delta Labo\",\"potentialAction\":[{\"@type\":\"SearchAction\",\"target\":{\"@type\":\"EntryPoint\",\"urlTemplate\":\"https:\\\/\\\/webdesi-gn.fr\\\/dev_deltalabo\\\/?s={search_term_string}\"},\"query-input\":{\"@type\":\"PropertyValueSpecification\",\"valueRequired\":true,\"valueName\":\"search_term_string\"}}],\"inLanguage\":\"fr-FR\"},{\"@type\":\"Organization\",\"@id\":\"https:\\\/\\\/webdesi-gn.fr\\\/dev_deltalabo\\\/#organization\",\"name\":\"DeltaLabo\",\"url\":\"https:\\\/\\\/webdesi-gn.fr\\\/dev_deltalabo\\\/\",\"logo\":{\"@type\":\"ImageObject\",\"inLanguage\":\"fr-FR\",\"@id\":\"https:\\\/\\\/webdesi-gn.fr\\\/dev_deltalabo\\\/#\\\/schema\\\/logo\\\/image\\\/\",\"url\":\"https:\\\/\\\/webdesi-gn.fr\\\/dev_deltalabo\\\/wp-content\\\/uploads\\\/2022\\\/07\\\/logo-deltalabo.png\",\"contentUrl\":\"https:\\\/\\\/webdesi-gn.fr\\\/dev_deltalabo\\\/wp-content\\\/uploads\\\/2022\\\/07\\\/logo-deltalabo.png\",\"width\":694,\"height\":306,\"caption\":\"DeltaLabo\"},\"image\":{\"@id\":\"https:\\\/\\\/webdesi-gn.fr\\\/dev_deltalabo\\\/#\\\/schema\\\/logo\\\/image\\\/\"}}]}<\/script>\n<!-- \/ Yoast SEO plugin. -->","yoast_head_json":{"title":"Broyeur \u00e0 disques FRITSCH PULVERISETTE 13 premium line | DeltaLabo","robots":{"index":"noindex","follow":"follow","max-snippet":"max-snippet:-1","max-image-preview":"max-image-preview:large","max-video-preview":"max-video-preview:-1"},"og_locale":"fr_FR","og_type":"article","og_title":"Broyeur \u00e0 disques FRITSCH PULVERISETTE 13 premium line | DeltaLabo","og_description":"Broyeur \u00e0 disques FRITSCH Pulverisette 13 premium line :  Le broyeur \u00e0 disques FRITSCH Pulverisette 13 premium line est id\u00e9al pour un broyage fin de mat\u00e9riaux cassants et durs, allant jusqu\u2019\u00e0 0,05 mm.  L'\u00e9chantillon est broy\u00e9 par effets de compression et de cisaillement g\u00e9n\u00e9r\u00e9s entre deux disques nervur\u00e9s agissant l'un contre l'autre. Le broyat tombe ensuite dans le tiroir collecteur. La granulom\u00e9trie finale souhait\u00e9e s'ajuste simplement et de fa\u00e7on reproductible par r\u00e9glage num\u00e9rique de l'\u00e9cartement des disques. Le verrouillage automatique du r\u00e9cipient collecteur et de la chambre de broyage assure une s\u00e9curit\u00e9 optimale. Le r\u00e9glage motoris\u00e9 de l'\u00e9cartement des disques et l'affichage num\u00e9rique simplifie son utilisation.  Caract\u00e9ristiques :   Taille initiale maximum 20 mm  D\u00e9bit maximum de 150 kg\/h avec moteur ultrapuissant  Vitesse de rotation du disque de broyage de 440 tr\/min  R\u00e9glage motoris\u00e9 de la fente de broyage par pas de 50 \u00b5m  T\u00e9l\u00e9charger la brochure produit : Broyeur \u00e0 disques FRITSCH Pulv\u00e9risette 13 premium line  Visualiser l'utilisation du produit : Broyeur \u00e0 disques FRITSCH Pulv\u00e9risette 13 premium line","og_url":"https:\/\/webdesi-gn.fr\/dev_deltalabo\/produits\/cat-produit\/broyeur-a-disques-fritsch-pulverisette-13-premium-line\/","og_site_name":"DeltaLabo","article_modified_time":"2025-11-24T14:23:23+00:00","og_image":[{"width":1280,"height":853,"url":"https:\/\/webdesi-gn.fr\/dev_deltalabo\/wp-content\/uploads\/2022\/01\/laboratory-g43d8b3442_1280.jpg","type":"image\/jpeg"}],"twitter_card":"summary_large_image","schema":{"@context":"https:\/\/schema.org","@graph":[{"@type":"WebPage","@id":"https:\/\/webdesi-gn.fr\/dev_deltalabo\/produits\/cat-produit\/broyeur-a-disques-fritsch-pulverisette-13-premium-line\/","url":"https:\/\/webdesi-gn.fr\/dev_deltalabo\/produits\/cat-produit\/broyeur-a-disques-fritsch-pulverisette-13-premium-line\/","name":"Broyeur \u00e0 disques FRITSCH PULVERISETTE 13 premium line | DeltaLabo","isPartOf":{"@id":"https:\/\/webdesi-gn.fr\/dev_deltalabo\/#website"},"primaryImageOfPage":{"@id":"https:\/\/webdesi-gn.fr\/dev_deltalabo\/produits\/cat-produit\/broyeur-a-disques-fritsch-pulverisette-13-premium-line\/#primaryimage"},"image":{"@id":"https:\/\/webdesi-gn.fr\/dev_deltalabo\/produits\/cat-produit\/broyeur-a-disques-fritsch-pulverisette-13-premium-line\/#primaryimage"},"thumbnailUrl":"https:\/\/webdesi-gn.fr\/dev_deltalabo\/wp-content\/uploads\/2025\/11\/DELTA-LABO-Broyeur-P13.png","datePublished":"2025-11-24T14:21:17+00:00","dateModified":"2025-11-24T14:23:23+00:00","breadcrumb":{"@id":"https:\/\/webdesi-gn.fr\/dev_deltalabo\/produits\/cat-produit\/broyeur-a-disques-fritsch-pulverisette-13-premium-line\/#breadcrumb"},"inLanguage":"fr-FR","potentialAction":[{"@type":"ReadAction","target":["https:\/\/webdesi-gn.fr\/dev_deltalabo\/produits\/cat-produit\/broyeur-a-disques-fritsch-pulverisette-13-premium-line\/"]}]},{"@type":"ImageObject","inLanguage":"fr-FR","@id":"https:\/\/webdesi-gn.fr\/dev_deltalabo\/produits\/cat-produit\/broyeur-a-disques-fritsch-pulverisette-13-premium-line\/#primaryimage","url":"https:\/\/webdesi-gn.fr\/dev_deltalabo\/wp-content\/uploads\/2025\/11\/DELTA-LABO-Broyeur-P13.png","contentUrl":"https:\/\/webdesi-gn.fr\/dev_deltalabo\/wp-content\/uploads\/2025\/11\/DELTA-LABO-Broyeur-P13.png","width":500,"height":500},{"@type":"BreadcrumbList","@id":"https:\/\/webdesi-gn.fr\/dev_deltalabo\/produits\/cat-produit\/broyeur-a-disques-fritsch-pulverisette-13-premium-line\/#breadcrumb","itemListElement":[{"@type":"ListItem","position":1,"name":"Accueil","item":"https:\/\/webdesi-gn.fr\/dev_deltalabo\/"},{"@type":"ListItem","position":2,"name":"Produits","item":"https:\/\/webdesi-gn.fr\/dev_deltalabo\/produits\/"},{"@type":"ListItem","position":3,"name":"Broyeur \u00e0 disques FRITSCH PULVERISETTE 13 premium line"}]},{"@type":"WebSite","@id":"https:\/\/webdesi-gn.fr\/dev_deltalabo\/#website","url":"https:\/\/webdesi-gn.fr\/dev_deltalabo\/","name":"Delta Labo","description":"Un site utilisant WordPress","publisher":{"@id":"https:\/\/webdesi-gn.fr\/dev_deltalabo\/#organization"},"alternateName":"Delta Labo","potentialAction":[{"@type":"SearchAction","target":{"@type":"EntryPoint","urlTemplate":"https:\/\/webdesi-gn.fr\/dev_deltalabo\/?s={search_term_string}"},"query-input":{"@type":"PropertyValueSpecification","valueRequired":true,"valueName":"search_term_string"}}],"inLanguage":"fr-FR"},{"@type":"Organization","@id":"https:\/\/webdesi-gn.fr\/dev_deltalabo\/#organization","name":"DeltaLabo","url":"https:\/\/webdesi-gn.fr\/dev_deltalabo\/","logo":{"@type":"ImageObject","inLanguage":"fr-FR","@id":"https:\/\/webdesi-gn.fr\/dev_deltalabo\/#\/schema\/logo\/image\/","url":"https:\/\/webdesi-gn.fr\/dev_deltalabo\/wp-content\/uploads\/2022\/07\/logo-deltalabo.png","contentUrl":"https:\/\/webdesi-gn.fr\/dev_deltalabo\/wp-content\/uploads\/2022\/07\/logo-deltalabo.png","width":694,"height":306,"caption":"DeltaLabo"},"image":{"@id":"https:\/\/webdesi-gn.fr\/dev_deltalabo\/#\/schema\/logo\/image\/"}}]}},"_links":{"self":[{"href":"https:\/\/webdesi-gn.fr\/dev_deltalabo\/wp-json\/wp\/v2\/product\/262813","targetHints":{"allow":["GET"]}}],"collection":[{"href":"https:\/\/webdesi-gn.fr\/dev_deltalabo\/wp-json\/wp\/v2\/product"}],"about":[{"href":"https:\/\/webdesi-gn.fr\/dev_deltalabo\/wp-json\/wp\/v2\/types\/product"}],"wp:featuredmedia":[{"embeddable":true,"href":"https:\/\/webdesi-gn.fr\/dev_deltalabo\/wp-json\/wp\/v2\/media\/262859"}],"wp:attachment":[{"href":"https:\/\/webdesi-gn.fr\/dev_deltalabo\/wp-json\/wp\/v2\/media?parent=262813"}],"wp:term":[{"taxonomy":"domaine","embeddable":true,"href":"https:\/\/webdesi-gn.fr\/dev_deltalabo\/wp-json\/wp\/v2\/domaine?post=262813"},{"taxonomy":"normes","embeddable":true,"href":"https:\/\/webdesi-gn.fr\/dev_deltalabo\/wp-json\/wp\/v2\/normes?post=262813"},{"taxonomy":"product_brand","embeddable":true,"href":"https:\/\/webdesi-gn.fr\/dev_deltalabo\/wp-json\/wp\/v2\/product_brand?post=262813"},{"taxonomy":"product_cat","embeddable":true,"href":"https:\/\/webdesi-gn.fr\/dev_deltalabo\/wp-json\/wp\/v2\/product_cat?post=262813"},{"taxonomy":"product_tag","embeddable":true,"href":"https:\/\/webdesi-gn.fr\/dev_deltalabo\/wp-json\/wp\/v2\/product_tag?post=262813"}],"curies":[{"name":"wp","href":"https:\/\/api.w.org\/{rel}","templated":true}]}}