{"id":262814,"date":"2025-11-24T15:21:17","date_gmt":"2025-11-24T14:21:17","guid":{"rendered":"https:\/\/webdesi-gn.fr\/dev_deltalabo\/?post_type=product&#038;p=262814"},"modified":"2026-03-27T09:46:26","modified_gmt":"2026-03-27T08:46:26","slug":"concasseur-a-machoires-fritsch-pulverisette-1","status":"publish","type":"product","link":"https:\/\/webdesi-gn.fr\/dev_deltalabo\/produits\/cimenterie-materiaux\/broyage\/concasseur-a-machoires-fritsch-pulverisette-1\/","title":{"rendered":"Concasseur \u00e0 m\u00e2choires FRITSCH PULVERISETTE 1"},"content":{"rendered":"","protected":false},"excerpt":{"rendered":"<p><strong>Concasseur \u00e0 m\u00e2choires FRITSCH PULVERISETTE 1 :<\/strong><\/p>\n<p>Le concasseur \u00e0 m\u00e2choires compact FRITSCH Pulv\u00e9risette 1 classic line est id\u00e9al pour le pr\u00e9-broyage rapide et efficace, par lot ou en continu, de mat\u00e9riaux durs et tr\u00e8s durs cassants.<\/p>\n<p class=\"bodytext\">Le broyage de l&rsquo;\u00e9chantillon est obtenu dans le concasseur par la forte pression exerc\u00e9e entre une m\u00e2choire fixe et une m\u00e2choire mobile. La granulom\u00e9trie finale se r\u00e8gle simplement de l&rsquo;ext\u00e9rieur, en d\u00e9finissant l&rsquo;\u00e9cart entre les m\u00e2choires de broyage. Elle est comprise entre 1 et 15 mm. Le broyat tombe directement dans un tiroir de r\u00e9cup\u00e9ration.<\/p>\n<p class=\"bodytext\">Le concasseur \u00e0 m\u00e2choires compact FRITSCH Pulv\u00e9risette 1 est disponible en 2 versions :<br \/>\nMod\u00e8le 1 : D\u00e9bit maximum : 140 kg\/h &#8211; Granulom\u00e9trie initiale maximale : 60 mm. Mod\u00e8le 2 : D\u00e9bit maximum : 200 kg\/h &#8211; Granulom\u00e9trie initiale maximale : 95 mm.<\/p>\n<p><strong>T\u00e9l\u00e9charger la brochure produit :<\/strong> <a href=\"https:\/\/www.deltalabo.fr\/wp-content\/uploads\/2025\/07\/Doc-concasseur-broyeurs-a-disques-P1-fra-DL-2021.pdf\">Concasseur \u00e0 m\u00e2choires FRITSCH Pulv\u00e9risette 1<\/a><\/p>\n<p><strong>Visionner l&rsquo;utilisation du produit :<\/strong> <a href=\"https:\/\/youtu.be\/WnIiz0Zk2LI?t=15\">Concasseur \u00e0 m\u00e2choires FRITSCH Pulv\u00e9risette 1<\/a><\/p>\n","protected":false},"featured_media":262862,"template":"","meta":{"_acf_changed":false,"site-sidebar-layout":"default","site-content-layout":"","ast-site-content-layout":"default","site-content-style":"default","site-sidebar-style":"default","ast-global-header-display":"","ast-banner-title-visibility":"","ast-main-header-display":"","ast-hfb-above-header-display":"","ast-hfb-below-header-display":"","ast-hfb-mobile-header-display":"","site-post-title":"","ast-breadcrumbs-content":"","ast-featured-img":"","footer-sml-layout":"","ast-disable-related-posts":"","theme-transparent-header-meta":"default","adv-header-id-meta":"","stick-header-meta":"","header-above-stick-meta":"","header-main-stick-meta":"","header-below-stick-meta":"","astra-migrate-meta-layouts":"set","ast-page-background-enabled":"default","ast-page-background-meta":{"desktop":{"background-color":"var(--ast-global-color-5)","background-image":"","background-repeat":"repeat","background-position":"center center","background-size":"auto","background-attachment":"scroll","background-type":"","background-media":"","overlay-type":"","overlay-color":"","overlay-opacity":"","overlay-gradient":""},"tablet":{"background-color":"","background-image":"","background-repeat":"repeat","background-position":"center center","background-size":"auto","background-attachment":"scroll","background-type":"","background-media":"","overlay-type":"","overlay-color":"","overlay-opacity":"","overlay-gradient":""},"mobile":{"background-color":"","background-image":"","background-repeat":"repeat","background-position":"center center","background-size":"auto","background-attachment":"scroll","background-type":"","background-media":"","overlay-type":"","overlay-color":"","overlay-opacity":"","overlay-gradient":""}},"ast-content-background-meta":{"desktop":{"background-color":"var(--ast-global-color-4)","background-image":"","background-repeat":"repeat","background-position":"center center","background-size":"auto","background-attachment":"scroll","background-type":"","background-media":"","overlay-type":"","overlay-color":"","overlay-opacity":"","overlay-gradient":""},"tablet":{"background-color":"var(--ast-global-color-4)","background-image":"","background-repeat":"repeat","background-position":"center center","background-size":"auto","background-attachment":"scroll","background-type":"","background-media":"","overlay-type":"","overlay-color":"","overlay-opacity":"","overlay-gradient":""},"mobile":{"background-color":"var(--ast-global-color-4)","background-image":"","background-repeat":"repeat","background-position":"center center","background-size":"auto","background-attachment":"scroll","background-type":"","background-media":"","overlay-type":"","overlay-color":"","overlay-opacity":"","overlay-gradient":""}}},"domaine":[],"normes":[],"product_brand":[],"product_cat":[17682,17914,90],"product_tag":[],"class_list":{"0":"post-262814","1":"product","2":"type-product","3":"status-publish","4":"has-post-thumbnail","6":"product_cat-broyage","7":"product_cat-broyage-metallurgie-siderurgie","8":"product_cat-environnement","9":"desktop-align-left","10":"tablet-align-left","11":"mobile-align-left","13":"first","14":"instock","15":"shipping-taxable","16":"purchasable","17":"product-type-simple"},"acf":[],"yoast_head":"<!-- This site is optimized with the Yoast SEO plugin v27.4 - https:\/\/yoast.com\/product\/yoast-seo-wordpress\/ -->\n<title>Concasseur \u00e0 m\u00e2choires FRITSCH PULVERISETTE 1 | DeltaLabo<\/title>\n<meta name=\"robots\" content=\"noindex, follow, max-snippet:-1, max-image-preview:large, max-video-preview:-1\" \/>\n<meta property=\"og:locale\" content=\"fr_FR\" \/>\n<meta property=\"og:type\" content=\"article\" \/>\n<meta property=\"og:title\" content=\"Concasseur \u00e0 m\u00e2choires FRITSCH PULVERISETTE 1 | DeltaLabo\" \/>\n<meta property=\"og:description\" content=\"Concasseur \u00e0 m\u00e2choires FRITSCH PULVERISETTE 1 :  Le concasseur \u00e0 m\u00e2choires compact FRITSCH Pulv\u00e9risette 1 classic line est id\u00e9al pour le pr\u00e9-broyage rapide et efficace, par lot ou en continu, de mat\u00e9riaux durs et tr\u00e8s durs cassants. Le broyage de l&#039;\u00e9chantillon est obtenu dans le concasseur par la forte pression exerc\u00e9e entre une m\u00e2choire fixe et une m\u00e2choire mobile. La granulom\u00e9trie finale se r\u00e8gle simplement de l&#039;ext\u00e9rieur, en d\u00e9finissant l&#039;\u00e9cart entre les m\u00e2choires de broyage. Elle est comprise entre 1 et 15 mm. Le broyat tombe directement dans un tiroir de r\u00e9cup\u00e9ration. Le concasseur \u00e0 m\u00e2choires compact FRITSCH Pulv\u00e9risette 1 est disponible en 2 versions : Mod\u00e8le 1 : D\u00e9bit maximum : 140 kg\/h - Granulom\u00e9trie initiale maximale : 60 mm. Mod\u00e8le 2 : D\u00e9bit maximum : 200 kg\/h - Granulom\u00e9trie initiale maximale : 95 mm. T\u00e9l\u00e9charger la brochure produit : Concasseur \u00e0 m\u00e2choires FRITSCH Pulv\u00e9risette 1  Visionner l&#039;utilisation du produit : Concasseur \u00e0 m\u00e2choires FRITSCH Pulv\u00e9risette 1\" \/>\n<meta property=\"og:url\" content=\"https:\/\/webdesi-gn.fr\/dev_deltalabo\/produits\/cimenterie-materiaux\/broyage\/concasseur-a-machoires-fritsch-pulverisette-1\/\" \/>\n<meta property=\"og:site_name\" content=\"DeltaLabo\" \/>\n<meta property=\"article:modified_time\" content=\"2026-03-27T08:46:26+00:00\" \/>\n<meta property=\"og:image\" content=\"https:\/\/webdesi-gn.fr\/dev_deltalabo\/wp-content\/uploads\/2025\/11\/DELTA-LABO-P1-Classic-Line.webp\" \/>\n\t<meta property=\"og:image:width\" content=\"1500\" \/>\n\t<meta property=\"og:image:height\" content=\"1500\" \/>\n\t<meta property=\"og:image:type\" content=\"image\/webp\" \/>\n<meta name=\"twitter:card\" content=\"summary_large_image\" \/>\n<meta name=\"twitter:label1\" content=\"Dur\u00e9e de lecture estim\u00e9e\" \/>\n\t<meta name=\"twitter:data1\" content=\"1 minute\" \/>\n<script type=\"application\/ld+json\" class=\"yoast-schema-graph\">{\"@context\":\"https:\\\/\\\/schema.org\",\"@graph\":[{\"@type\":\"WebPage\",\"@id\":\"https:\\\/\\\/webdesi-gn.fr\\\/dev_deltalabo\\\/produits\\\/cimenterie-materiaux\\\/broyage\\\/concasseur-a-machoires-fritsch-pulverisette-1\\\/\",\"url\":\"https:\\\/\\\/webdesi-gn.fr\\\/dev_deltalabo\\\/produits\\\/cimenterie-materiaux\\\/broyage\\\/concasseur-a-machoires-fritsch-pulverisette-1\\\/\",\"name\":\"Concasseur \u00e0 m\u00e2choires FRITSCH PULVERISETTE 1 | DeltaLabo\",\"isPartOf\":{\"@id\":\"https:\\\/\\\/webdesi-gn.fr\\\/dev_deltalabo\\\/#website\"},\"primaryImageOfPage\":{\"@id\":\"https:\\\/\\\/webdesi-gn.fr\\\/dev_deltalabo\\\/produits\\\/cimenterie-materiaux\\\/broyage\\\/concasseur-a-machoires-fritsch-pulverisette-1\\\/#primaryimage\"},\"image\":{\"@id\":\"https:\\\/\\\/webdesi-gn.fr\\\/dev_deltalabo\\\/produits\\\/cimenterie-materiaux\\\/broyage\\\/concasseur-a-machoires-fritsch-pulverisette-1\\\/#primaryimage\"},\"thumbnailUrl\":\"https:\\\/\\\/webdesi-gn.fr\\\/dev_deltalabo\\\/wp-content\\\/uploads\\\/2025\\\/11\\\/DELTA-LABO-P1-Classic-Line.webp\",\"datePublished\":\"2025-11-24T14:21:17+00:00\",\"dateModified\":\"2026-03-27T08:46:26+00:00\",\"breadcrumb\":{\"@id\":\"https:\\\/\\\/webdesi-gn.fr\\\/dev_deltalabo\\\/produits\\\/cimenterie-materiaux\\\/broyage\\\/concasseur-a-machoires-fritsch-pulverisette-1\\\/#breadcrumb\"},\"inLanguage\":\"fr-FR\",\"potentialAction\":[{\"@type\":\"ReadAction\",\"target\":[\"https:\\\/\\\/webdesi-gn.fr\\\/dev_deltalabo\\\/produits\\\/cimenterie-materiaux\\\/broyage\\\/concasseur-a-machoires-fritsch-pulverisette-1\\\/\"]}]},{\"@type\":\"ImageObject\",\"inLanguage\":\"fr-FR\",\"@id\":\"https:\\\/\\\/webdesi-gn.fr\\\/dev_deltalabo\\\/produits\\\/cimenterie-materiaux\\\/broyage\\\/concasseur-a-machoires-fritsch-pulverisette-1\\\/#primaryimage\",\"url\":\"https:\\\/\\\/webdesi-gn.fr\\\/dev_deltalabo\\\/wp-content\\\/uploads\\\/2025\\\/11\\\/DELTA-LABO-P1-Classic-Line.webp\",\"contentUrl\":\"https:\\\/\\\/webdesi-gn.fr\\\/dev_deltalabo\\\/wp-content\\\/uploads\\\/2025\\\/11\\\/DELTA-LABO-P1-Classic-Line.webp\",\"width\":1500,\"height\":1500},{\"@type\":\"BreadcrumbList\",\"@id\":\"https:\\\/\\\/webdesi-gn.fr\\\/dev_deltalabo\\\/produits\\\/cimenterie-materiaux\\\/broyage\\\/concasseur-a-machoires-fritsch-pulverisette-1\\\/#breadcrumb\",\"itemListElement\":[{\"@type\":\"ListItem\",\"position\":1,\"name\":\"Accueil\",\"item\":\"https:\\\/\\\/webdesi-gn.fr\\\/dev_deltalabo\\\/\"},{\"@type\":\"ListItem\",\"position\":2,\"name\":\"Produits\",\"item\":\"https:\\\/\\\/webdesi-gn.fr\\\/dev_deltalabo\\\/produits\\\/\"},{\"@type\":\"ListItem\",\"position\":3,\"name\":\"Concasseur \u00e0 m\u00e2choires FRITSCH PULVERISETTE 1\"}]},{\"@type\":\"WebSite\",\"@id\":\"https:\\\/\\\/webdesi-gn.fr\\\/dev_deltalabo\\\/#website\",\"url\":\"https:\\\/\\\/webdesi-gn.fr\\\/dev_deltalabo\\\/\",\"name\":\"Delta Labo\",\"description\":\"Un site utilisant WordPress\",\"publisher\":{\"@id\":\"https:\\\/\\\/webdesi-gn.fr\\\/dev_deltalabo\\\/#organization\"},\"alternateName\":\"Delta Labo\",\"potentialAction\":[{\"@type\":\"SearchAction\",\"target\":{\"@type\":\"EntryPoint\",\"urlTemplate\":\"https:\\\/\\\/webdesi-gn.fr\\\/dev_deltalabo\\\/?s={search_term_string}\"},\"query-input\":{\"@type\":\"PropertyValueSpecification\",\"valueRequired\":true,\"valueName\":\"search_term_string\"}}],\"inLanguage\":\"fr-FR\"},{\"@type\":\"Organization\",\"@id\":\"https:\\\/\\\/webdesi-gn.fr\\\/dev_deltalabo\\\/#organization\",\"name\":\"DeltaLabo\",\"url\":\"https:\\\/\\\/webdesi-gn.fr\\\/dev_deltalabo\\\/\",\"logo\":{\"@type\":\"ImageObject\",\"inLanguage\":\"fr-FR\",\"@id\":\"https:\\\/\\\/webdesi-gn.fr\\\/dev_deltalabo\\\/#\\\/schema\\\/logo\\\/image\\\/\",\"url\":\"https:\\\/\\\/webdesi-gn.fr\\\/dev_deltalabo\\\/wp-content\\\/uploads\\\/2022\\\/07\\\/logo-deltalabo.png\",\"contentUrl\":\"https:\\\/\\\/webdesi-gn.fr\\\/dev_deltalabo\\\/wp-content\\\/uploads\\\/2022\\\/07\\\/logo-deltalabo.png\",\"width\":694,\"height\":306,\"caption\":\"DeltaLabo\"},\"image\":{\"@id\":\"https:\\\/\\\/webdesi-gn.fr\\\/dev_deltalabo\\\/#\\\/schema\\\/logo\\\/image\\\/\"}}]}<\/script>\n<!-- \/ Yoast SEO plugin. -->","yoast_head_json":{"title":"Concasseur \u00e0 m\u00e2choires FRITSCH PULVERISETTE 1 | DeltaLabo","robots":{"index":"noindex","follow":"follow","max-snippet":"max-snippet:-1","max-image-preview":"max-image-preview:large","max-video-preview":"max-video-preview:-1"},"og_locale":"fr_FR","og_type":"article","og_title":"Concasseur \u00e0 m\u00e2choires FRITSCH PULVERISETTE 1 | DeltaLabo","og_description":"Concasseur \u00e0 m\u00e2choires FRITSCH PULVERISETTE 1 :  Le concasseur \u00e0 m\u00e2choires compact FRITSCH Pulv\u00e9risette 1 classic line est id\u00e9al pour le pr\u00e9-broyage rapide et efficace, par lot ou en continu, de mat\u00e9riaux durs et tr\u00e8s durs cassants. Le broyage de l'\u00e9chantillon est obtenu dans le concasseur par la forte pression exerc\u00e9e entre une m\u00e2choire fixe et une m\u00e2choire mobile. La granulom\u00e9trie finale se r\u00e8gle simplement de l'ext\u00e9rieur, en d\u00e9finissant l'\u00e9cart entre les m\u00e2choires de broyage. Elle est comprise entre 1 et 15 mm. Le broyat tombe directement dans un tiroir de r\u00e9cup\u00e9ration. Le concasseur \u00e0 m\u00e2choires compact FRITSCH Pulv\u00e9risette 1 est disponible en 2 versions : Mod\u00e8le 1 : D\u00e9bit maximum : 140 kg\/h - Granulom\u00e9trie initiale maximale : 60 mm. Mod\u00e8le 2 : D\u00e9bit maximum : 200 kg\/h - Granulom\u00e9trie initiale maximale : 95 mm. T\u00e9l\u00e9charger la brochure produit : Concasseur \u00e0 m\u00e2choires FRITSCH Pulv\u00e9risette 1  Visionner l'utilisation du produit : Concasseur \u00e0 m\u00e2choires FRITSCH Pulv\u00e9risette 1","og_url":"https:\/\/webdesi-gn.fr\/dev_deltalabo\/produits\/cimenterie-materiaux\/broyage\/concasseur-a-machoires-fritsch-pulverisette-1\/","og_site_name":"DeltaLabo","article_modified_time":"2026-03-27T08:46:26+00:00","og_image":[{"width":1500,"height":1500,"url":"https:\/\/webdesi-gn.fr\/dev_deltalabo\/wp-content\/uploads\/2025\/11\/DELTA-LABO-P1-Classic-Line.webp","type":"image\/webp"}],"twitter_card":"summary_large_image","twitter_misc":{"Dur\u00e9e de lecture estim\u00e9e":"1 minute"},"schema":{"@context":"https:\/\/schema.org","@graph":[{"@type":"WebPage","@id":"https:\/\/webdesi-gn.fr\/dev_deltalabo\/produits\/cimenterie-materiaux\/broyage\/concasseur-a-machoires-fritsch-pulverisette-1\/","url":"https:\/\/webdesi-gn.fr\/dev_deltalabo\/produits\/cimenterie-materiaux\/broyage\/concasseur-a-machoires-fritsch-pulverisette-1\/","name":"Concasseur \u00e0 m\u00e2choires FRITSCH PULVERISETTE 1 | DeltaLabo","isPartOf":{"@id":"https:\/\/webdesi-gn.fr\/dev_deltalabo\/#website"},"primaryImageOfPage":{"@id":"https:\/\/webdesi-gn.fr\/dev_deltalabo\/produits\/cimenterie-materiaux\/broyage\/concasseur-a-machoires-fritsch-pulverisette-1\/#primaryimage"},"image":{"@id":"https:\/\/webdesi-gn.fr\/dev_deltalabo\/produits\/cimenterie-materiaux\/broyage\/concasseur-a-machoires-fritsch-pulverisette-1\/#primaryimage"},"thumbnailUrl":"https:\/\/webdesi-gn.fr\/dev_deltalabo\/wp-content\/uploads\/2025\/11\/DELTA-LABO-P1-Classic-Line.webp","datePublished":"2025-11-24T14:21:17+00:00","dateModified":"2026-03-27T08:46:26+00:00","breadcrumb":{"@id":"https:\/\/webdesi-gn.fr\/dev_deltalabo\/produits\/cimenterie-materiaux\/broyage\/concasseur-a-machoires-fritsch-pulverisette-1\/#breadcrumb"},"inLanguage":"fr-FR","potentialAction":[{"@type":"ReadAction","target":["https:\/\/webdesi-gn.fr\/dev_deltalabo\/produits\/cimenterie-materiaux\/broyage\/concasseur-a-machoires-fritsch-pulverisette-1\/"]}]},{"@type":"ImageObject","inLanguage":"fr-FR","@id":"https:\/\/webdesi-gn.fr\/dev_deltalabo\/produits\/cimenterie-materiaux\/broyage\/concasseur-a-machoires-fritsch-pulverisette-1\/#primaryimage","url":"https:\/\/webdesi-gn.fr\/dev_deltalabo\/wp-content\/uploads\/2025\/11\/DELTA-LABO-P1-Classic-Line.webp","contentUrl":"https:\/\/webdesi-gn.fr\/dev_deltalabo\/wp-content\/uploads\/2025\/11\/DELTA-LABO-P1-Classic-Line.webp","width":1500,"height":1500},{"@type":"BreadcrumbList","@id":"https:\/\/webdesi-gn.fr\/dev_deltalabo\/produits\/cimenterie-materiaux\/broyage\/concasseur-a-machoires-fritsch-pulverisette-1\/#breadcrumb","itemListElement":[{"@type":"ListItem","position":1,"name":"Accueil","item":"https:\/\/webdesi-gn.fr\/dev_deltalabo\/"},{"@type":"ListItem","position":2,"name":"Produits","item":"https:\/\/webdesi-gn.fr\/dev_deltalabo\/produits\/"},{"@type":"ListItem","position":3,"name":"Concasseur \u00e0 m\u00e2choires FRITSCH PULVERISETTE 1"}]},{"@type":"WebSite","@id":"https:\/\/webdesi-gn.fr\/dev_deltalabo\/#website","url":"https:\/\/webdesi-gn.fr\/dev_deltalabo\/","name":"Delta Labo","description":"Un site utilisant WordPress","publisher":{"@id":"https:\/\/webdesi-gn.fr\/dev_deltalabo\/#organization"},"alternateName":"Delta Labo","potentialAction":[{"@type":"SearchAction","target":{"@type":"EntryPoint","urlTemplate":"https:\/\/webdesi-gn.fr\/dev_deltalabo\/?s={search_term_string}"},"query-input":{"@type":"PropertyValueSpecification","valueRequired":true,"valueName":"search_term_string"}}],"inLanguage":"fr-FR"},{"@type":"Organization","@id":"https:\/\/webdesi-gn.fr\/dev_deltalabo\/#organization","name":"DeltaLabo","url":"https:\/\/webdesi-gn.fr\/dev_deltalabo\/","logo":{"@type":"ImageObject","inLanguage":"fr-FR","@id":"https:\/\/webdesi-gn.fr\/dev_deltalabo\/#\/schema\/logo\/image\/","url":"https:\/\/webdesi-gn.fr\/dev_deltalabo\/wp-content\/uploads\/2022\/07\/logo-deltalabo.png","contentUrl":"https:\/\/webdesi-gn.fr\/dev_deltalabo\/wp-content\/uploads\/2022\/07\/logo-deltalabo.png","width":694,"height":306,"caption":"DeltaLabo"},"image":{"@id":"https:\/\/webdesi-gn.fr\/dev_deltalabo\/#\/schema\/logo\/image\/"}}]}},"_links":{"self":[{"href":"https:\/\/webdesi-gn.fr\/dev_deltalabo\/wp-json\/wp\/v2\/product\/262814","targetHints":{"allow":["GET"]}}],"collection":[{"href":"https:\/\/webdesi-gn.fr\/dev_deltalabo\/wp-json\/wp\/v2\/product"}],"about":[{"href":"https:\/\/webdesi-gn.fr\/dev_deltalabo\/wp-json\/wp\/v2\/types\/product"}],"wp:featuredmedia":[{"embeddable":true,"href":"https:\/\/webdesi-gn.fr\/dev_deltalabo\/wp-json\/wp\/v2\/media\/262862"}],"wp:attachment":[{"href":"https:\/\/webdesi-gn.fr\/dev_deltalabo\/wp-json\/wp\/v2\/media?parent=262814"}],"wp:term":[{"taxonomy":"domaine","embeddable":true,"href":"https:\/\/webdesi-gn.fr\/dev_deltalabo\/wp-json\/wp\/v2\/domaine?post=262814"},{"taxonomy":"normes","embeddable":true,"href":"https:\/\/webdesi-gn.fr\/dev_deltalabo\/wp-json\/wp\/v2\/normes?post=262814"},{"taxonomy":"product_brand","embeddable":true,"href":"https:\/\/webdesi-gn.fr\/dev_deltalabo\/wp-json\/wp\/v2\/product_brand?post=262814"},{"taxonomy":"product_cat","embeddable":true,"href":"https:\/\/webdesi-gn.fr\/dev_deltalabo\/wp-json\/wp\/v2\/product_cat?post=262814"},{"taxonomy":"product_tag","embeddable":true,"href":"https:\/\/webdesi-gn.fr\/dev_deltalabo\/wp-json\/wp\/v2\/product_tag?post=262814"}],"curies":[{"name":"wp","href":"https:\/\/api.w.org\/{rel}","templated":true}]}}