{"id":262824,"date":"2025-11-24T15:21:40","date_gmt":"2025-11-24T14:21:40","guid":{"rendered":"https:\/\/webdesi-gn.fr\/dev_deltalabo\/?post_type=product&#038;p=262824"},"modified":"2025-11-24T15:23:57","modified_gmt":"2025-11-24T14:23:57","slug":"broyeur-planetaire-fritsch-pulverisette-5-premium-line","status":"publish","type":"product","link":"https:\/\/webdesi-gn.fr\/dev_deltalabo\/produits\/categories\/broyeur-planetaire-fritsch-pulverisette-5-premium-line\/","title":{"rendered":"Broyeur plan\u00e9taire FRITSCH Pulv\u00e9risette 5 premium line"},"content":{"rendered":"","protected":false},"excerpt":{"rendered":"<p><strong>Broyeur plan\u00e9taire FRITSCH Pulv\u00e9risette 5 premium line :<\/strong><\/p>\n<p>Le broyeur plan\u00e9taire FRITSCH Pulv\u00e9risette 5 premium line est id\u00e9al pour\u00a0<b>l<\/b>e broyage sec et par voie humide, la m\u00e9canosynth\u00e8se, le m\u00e9lange et l&rsquo;homog\u00e9n\u00e9isation d&rsquo;\u00e9chantillons de grande quantit\u00e9.<\/p>\n<p>Avec ses 2 stations de broyage, il fournit des r\u00e9sultats de la plus grande exactitude jusqu&rsquo;\u00e0 l&rsquo;\u00e9chelle nanom\u00e9trique \u2013 et ceci avec une s\u00e9curit\u00e9 absolue gr\u00e2ce au blocage automatique des bols.<\/p>\n<p>Caract\u00e9ristiques :<\/p>\n<ul class=\"csc-bulletlist csc-bulletlist-0\">\n<li class=\"odd\">Puissance \u00e9lev\u00e9e de 2,2 kW<\/li>\n<li class=\"odd\">Acc\u00e9l\u00e9ration centrifuge pouvant atteindre 64g et 800 tr\/min (vitesse de rotation des bols 1 600 tr\/min)<\/li>\n<li class=\"even\">Volume utile : 2 x 225 ml<\/li>\n<\/ul>\n<p><strong>T\u00e9l\u00e9charger la brochure produit :<\/strong> <a href=\"https:\/\/www.deltalabo.fr\/wp-content\/uploads\/2025\/07\/Brochure-P5-broyeur-planetaire-premium-line-engl-DL-2025.pdf\">Broyeur plan\u00e9taire FRITSCH Pulv\u00e9risette 5 premium line<\/a><\/p>\n<p><strong>Visionner l&rsquo;utilisation du produit :<\/strong> <a href=\"https:\/\/youtu.be\/ujYjQLi0TxM\">Broyeur plan\u00e9taire FRITSCH Pulv\u00e9risette 5 premium line<\/a><\/p>\n","protected":false},"featured_media":262870,"template":"","meta":{"_acf_changed":false,"site-sidebar-layout":"default","site-content-layout":"","ast-site-content-layout":"default","site-content-style":"default","site-sidebar-style":"default","ast-global-header-display":"","ast-banner-title-visibility":"","ast-main-header-display":"","ast-hfb-above-header-display":"","ast-hfb-below-header-display":"","ast-hfb-mobile-header-display":"","site-post-title":"","ast-breadcrumbs-content":"","ast-featured-img":"","footer-sml-layout":"","ast-disable-related-posts":"","theme-transparent-header-meta":"","adv-header-id-meta":"","stick-header-meta":"","header-above-stick-meta":"","header-main-stick-meta":"","header-below-stick-meta":"","astra-migrate-meta-layouts":"default","ast-page-background-enabled":"default","ast-page-background-meta":{"desktop":{"background-color":"var(--ast-global-color-5)","background-image":"","background-repeat":"repeat","background-position":"center center","background-size":"auto","background-attachment":"scroll","background-type":"","background-media":"","overlay-type":"","overlay-color":"","overlay-opacity":"","overlay-gradient":""},"tablet":{"background-color":"","background-image":"","background-repeat":"repeat","background-position":"center center","background-size":"auto","background-attachment":"scroll","background-type":"","background-media":"","overlay-type":"","overlay-color":"","overlay-opacity":"","overlay-gradient":""},"mobile":{"background-color":"","background-image":"","background-repeat":"repeat","background-position":"center center","background-size":"auto","background-attachment":"scroll","background-type":"","background-media":"","overlay-type":"","overlay-color":"","overlay-opacity":"","overlay-gradient":""}},"ast-content-background-meta":{"desktop":{"background-color":"var(--ast-global-color-4)","background-image":"","background-repeat":"repeat","background-position":"center center","background-size":"auto","background-attachment":"scroll","background-type":"","background-media":"","overlay-type":"","overlay-color":"","overlay-opacity":"","overlay-gradient":""},"tablet":{"background-color":"var(--ast-global-color-4)","background-image":"","background-repeat":"repeat","background-position":"center center","background-size":"auto","background-attachment":"scroll","background-type":"","background-media":"","overlay-type":"","overlay-color":"","overlay-opacity":"","overlay-gradient":""},"mobile":{"background-color":"var(--ast-global-color-4)","background-image":"","background-repeat":"repeat","background-position":"center center","background-size":"auto","background-attachment":"scroll","background-type":"","background-media":"","overlay-type":"","overlay-color":"","overlay-opacity":"","overlay-gradient":""}}},"domaine":[],"normes":[],"product_brand":[],"product_cat":[17240],"product_tag":[],"class_list":{"0":"post-262824","1":"product","2":"type-product","3":"status-publish","4":"has-post-thumbnail","6":"product_cat-categories","7":"desktop-align-left","8":"tablet-align-left","9":"mobile-align-left","11":"first","12":"instock","13":"shipping-taxable","14":"product-type-simple"},"acf":[],"yoast_head":"<!-- This site is optimized with the Yoast SEO plugin v27.4 - https:\/\/yoast.com\/product\/yoast-seo-wordpress\/ -->\n<title>Broyeur plan\u00e9taire FRITSCH Pulv\u00e9risette 5 premium line | DeltaLabo<\/title>\n<meta name=\"robots\" content=\"noindex, follow, max-snippet:-1, max-image-preview:large, max-video-preview:-1\" \/>\n<meta property=\"og:locale\" content=\"fr_FR\" \/>\n<meta property=\"og:type\" content=\"article\" \/>\n<meta property=\"og:title\" content=\"Broyeur plan\u00e9taire FRITSCH Pulv\u00e9risette 5 premium line | DeltaLabo\" \/>\n<meta property=\"og:description\" content=\"Broyeur plan\u00e9taire FRITSCH Pulv\u00e9risette 5 premium line :  Le broyeur plan\u00e9taire FRITSCH Pulv\u00e9risette 5 premium line est id\u00e9al pour\u00a0le broyage sec et par voie humide, la m\u00e9canosynth\u00e8se, le m\u00e9lange et l&#039;homog\u00e9n\u00e9isation d&#039;\u00e9chantillons de grande quantit\u00e9.  Avec ses 2 stations de broyage, il fournit des r\u00e9sultats de la plus grande exactitude jusqu&#039;\u00e0 l&#039;\u00e9chelle nanom\u00e9trique \u2013 et ceci avec une s\u00e9curit\u00e9 absolue gr\u00e2ce au blocage automatique des bols.  Caract\u00e9ristiques :   Puissance \u00e9lev\u00e9e de 2,2 kW  Acc\u00e9l\u00e9ration centrifuge pouvant atteindre 64g et 800 tr\/min (vitesse de rotation des bols 1 600 tr\/min)  Volume utile : 2 x 225 ml  T\u00e9l\u00e9charger la brochure produit : Broyeur plan\u00e9taire FRITSCH Pulv\u00e9risette 5 premium line  Visionner l&#039;utilisation du produit : Broyeur plan\u00e9taire FRITSCH Pulv\u00e9risette 5 premium line\" \/>\n<meta property=\"og:url\" content=\"https:\/\/webdesi-gn.fr\/dev_deltalabo\/produits\/cat-produit\/broyeur-planetaire-fritsch-pulverisette-5-premium-line\/\" \/>\n<meta property=\"og:site_name\" content=\"DeltaLabo\" \/>\n<meta property=\"article:modified_time\" content=\"2025-11-24T14:23:57+00:00\" \/>\n<meta property=\"og:image\" content=\"https:\/\/webdesi-gn.fr\/dev_deltalabo\/wp-content\/uploads\/2022\/01\/laboratory-g43d8b3442_1280.jpg\" \/>\n\t<meta property=\"og:image:width\" content=\"1280\" \/>\n\t<meta property=\"og:image:height\" content=\"853\" \/>\n\t<meta property=\"og:image:type\" content=\"image\/jpeg\" \/>\n<meta name=\"twitter:card\" content=\"summary_large_image\" \/>\n<script type=\"application\/ld+json\" class=\"yoast-schema-graph\">{\"@context\":\"https:\\\/\\\/schema.org\",\"@graph\":[{\"@type\":\"WebPage\",\"@id\":\"https:\\\/\\\/webdesi-gn.fr\\\/dev_deltalabo\\\/produits\\\/cat-produit\\\/broyeur-planetaire-fritsch-pulverisette-5-premium-line\\\/\",\"url\":\"https:\\\/\\\/webdesi-gn.fr\\\/dev_deltalabo\\\/produits\\\/cat-produit\\\/broyeur-planetaire-fritsch-pulverisette-5-premium-line\\\/\",\"name\":\"Broyeur plan\u00e9taire FRITSCH Pulv\u00e9risette 5 premium line | DeltaLabo\",\"isPartOf\":{\"@id\":\"https:\\\/\\\/webdesi-gn.fr\\\/dev_deltalabo\\\/#website\"},\"primaryImageOfPage\":{\"@id\":\"https:\\\/\\\/webdesi-gn.fr\\\/dev_deltalabo\\\/produits\\\/cat-produit\\\/broyeur-planetaire-fritsch-pulverisette-5-premium-line\\\/#primaryimage\"},\"image\":{\"@id\":\"https:\\\/\\\/webdesi-gn.fr\\\/dev_deltalabo\\\/produits\\\/cat-produit\\\/broyeur-planetaire-fritsch-pulverisette-5-premium-line\\\/#primaryimage\"},\"thumbnailUrl\":\"https:\\\/\\\/webdesi-gn.fr\\\/dev_deltalabo\\\/wp-content\\\/uploads\\\/2025\\\/11\\\/DELTA-LABO-P5-broyeur-planetaire-premium-line.png\",\"datePublished\":\"2025-11-24T14:21:40+00:00\",\"dateModified\":\"2025-11-24T14:23:57+00:00\",\"breadcrumb\":{\"@id\":\"https:\\\/\\\/webdesi-gn.fr\\\/dev_deltalabo\\\/produits\\\/cat-produit\\\/broyeur-planetaire-fritsch-pulverisette-5-premium-line\\\/#breadcrumb\"},\"inLanguage\":\"fr-FR\",\"potentialAction\":[{\"@type\":\"ReadAction\",\"target\":[\"https:\\\/\\\/webdesi-gn.fr\\\/dev_deltalabo\\\/produits\\\/cat-produit\\\/broyeur-planetaire-fritsch-pulverisette-5-premium-line\\\/\"]}]},{\"@type\":\"ImageObject\",\"inLanguage\":\"fr-FR\",\"@id\":\"https:\\\/\\\/webdesi-gn.fr\\\/dev_deltalabo\\\/produits\\\/cat-produit\\\/broyeur-planetaire-fritsch-pulverisette-5-premium-line\\\/#primaryimage\",\"url\":\"https:\\\/\\\/webdesi-gn.fr\\\/dev_deltalabo\\\/wp-content\\\/uploads\\\/2025\\\/11\\\/DELTA-LABO-P5-broyeur-planetaire-premium-line.png\",\"contentUrl\":\"https:\\\/\\\/webdesi-gn.fr\\\/dev_deltalabo\\\/wp-content\\\/uploads\\\/2025\\\/11\\\/DELTA-LABO-P5-broyeur-planetaire-premium-line.png\",\"width\":780,\"height\":435},{\"@type\":\"BreadcrumbList\",\"@id\":\"https:\\\/\\\/webdesi-gn.fr\\\/dev_deltalabo\\\/produits\\\/cat-produit\\\/broyeur-planetaire-fritsch-pulverisette-5-premium-line\\\/#breadcrumb\",\"itemListElement\":[{\"@type\":\"ListItem\",\"position\":1,\"name\":\"Accueil\",\"item\":\"https:\\\/\\\/webdesi-gn.fr\\\/dev_deltalabo\\\/\"},{\"@type\":\"ListItem\",\"position\":2,\"name\":\"Produits\",\"item\":\"https:\\\/\\\/webdesi-gn.fr\\\/dev_deltalabo\\\/produits\\\/\"},{\"@type\":\"ListItem\",\"position\":3,\"name\":\"Broyeur plan\u00e9taire FRITSCH Pulv\u00e9risette 5 premium line\"}]},{\"@type\":\"WebSite\",\"@id\":\"https:\\\/\\\/webdesi-gn.fr\\\/dev_deltalabo\\\/#website\",\"url\":\"https:\\\/\\\/webdesi-gn.fr\\\/dev_deltalabo\\\/\",\"name\":\"Delta Labo\",\"description\":\"Un site utilisant WordPress\",\"publisher\":{\"@id\":\"https:\\\/\\\/webdesi-gn.fr\\\/dev_deltalabo\\\/#organization\"},\"alternateName\":\"Delta Labo\",\"potentialAction\":[{\"@type\":\"SearchAction\",\"target\":{\"@type\":\"EntryPoint\",\"urlTemplate\":\"https:\\\/\\\/webdesi-gn.fr\\\/dev_deltalabo\\\/?s={search_term_string}\"},\"query-input\":{\"@type\":\"PropertyValueSpecification\",\"valueRequired\":true,\"valueName\":\"search_term_string\"}}],\"inLanguage\":\"fr-FR\"},{\"@type\":\"Organization\",\"@id\":\"https:\\\/\\\/webdesi-gn.fr\\\/dev_deltalabo\\\/#organization\",\"name\":\"DeltaLabo\",\"url\":\"https:\\\/\\\/webdesi-gn.fr\\\/dev_deltalabo\\\/\",\"logo\":{\"@type\":\"ImageObject\",\"inLanguage\":\"fr-FR\",\"@id\":\"https:\\\/\\\/webdesi-gn.fr\\\/dev_deltalabo\\\/#\\\/schema\\\/logo\\\/image\\\/\",\"url\":\"https:\\\/\\\/webdesi-gn.fr\\\/dev_deltalabo\\\/wp-content\\\/uploads\\\/2022\\\/07\\\/logo-deltalabo.png\",\"contentUrl\":\"https:\\\/\\\/webdesi-gn.fr\\\/dev_deltalabo\\\/wp-content\\\/uploads\\\/2022\\\/07\\\/logo-deltalabo.png\",\"width\":694,\"height\":306,\"caption\":\"DeltaLabo\"},\"image\":{\"@id\":\"https:\\\/\\\/webdesi-gn.fr\\\/dev_deltalabo\\\/#\\\/schema\\\/logo\\\/image\\\/\"}}]}<\/script>\n<!-- \/ Yoast SEO plugin. -->","yoast_head_json":{"title":"Broyeur plan\u00e9taire FRITSCH Pulv\u00e9risette 5 premium line | DeltaLabo","robots":{"index":"noindex","follow":"follow","max-snippet":"max-snippet:-1","max-image-preview":"max-image-preview:large","max-video-preview":"max-video-preview:-1"},"og_locale":"fr_FR","og_type":"article","og_title":"Broyeur plan\u00e9taire FRITSCH Pulv\u00e9risette 5 premium line | DeltaLabo","og_description":"Broyeur plan\u00e9taire FRITSCH Pulv\u00e9risette 5 premium line :  Le broyeur plan\u00e9taire FRITSCH Pulv\u00e9risette 5 premium line est id\u00e9al pour\u00a0le broyage sec et par voie humide, la m\u00e9canosynth\u00e8se, le m\u00e9lange et l'homog\u00e9n\u00e9isation d'\u00e9chantillons de grande quantit\u00e9.  Avec ses 2 stations de broyage, il fournit des r\u00e9sultats de la plus grande exactitude jusqu'\u00e0 l'\u00e9chelle nanom\u00e9trique \u2013 et ceci avec une s\u00e9curit\u00e9 absolue gr\u00e2ce au blocage automatique des bols.  Caract\u00e9ristiques :   Puissance \u00e9lev\u00e9e de 2,2 kW  Acc\u00e9l\u00e9ration centrifuge pouvant atteindre 64g et 800 tr\/min (vitesse de rotation des bols 1 600 tr\/min)  Volume utile : 2 x 225 ml  T\u00e9l\u00e9charger la brochure produit : Broyeur plan\u00e9taire FRITSCH Pulv\u00e9risette 5 premium line  Visionner l'utilisation du produit : Broyeur plan\u00e9taire FRITSCH Pulv\u00e9risette 5 premium line","og_url":"https:\/\/webdesi-gn.fr\/dev_deltalabo\/produits\/cat-produit\/broyeur-planetaire-fritsch-pulverisette-5-premium-line\/","og_site_name":"DeltaLabo","article_modified_time":"2025-11-24T14:23:57+00:00","og_image":[{"width":1280,"height":853,"url":"https:\/\/webdesi-gn.fr\/dev_deltalabo\/wp-content\/uploads\/2022\/01\/laboratory-g43d8b3442_1280.jpg","type":"image\/jpeg"}],"twitter_card":"summary_large_image","schema":{"@context":"https:\/\/schema.org","@graph":[{"@type":"WebPage","@id":"https:\/\/webdesi-gn.fr\/dev_deltalabo\/produits\/cat-produit\/broyeur-planetaire-fritsch-pulverisette-5-premium-line\/","url":"https:\/\/webdesi-gn.fr\/dev_deltalabo\/produits\/cat-produit\/broyeur-planetaire-fritsch-pulverisette-5-premium-line\/","name":"Broyeur plan\u00e9taire FRITSCH Pulv\u00e9risette 5 premium line | DeltaLabo","isPartOf":{"@id":"https:\/\/webdesi-gn.fr\/dev_deltalabo\/#website"},"primaryImageOfPage":{"@id":"https:\/\/webdesi-gn.fr\/dev_deltalabo\/produits\/cat-produit\/broyeur-planetaire-fritsch-pulverisette-5-premium-line\/#primaryimage"},"image":{"@id":"https:\/\/webdesi-gn.fr\/dev_deltalabo\/produits\/cat-produit\/broyeur-planetaire-fritsch-pulverisette-5-premium-line\/#primaryimage"},"thumbnailUrl":"https:\/\/webdesi-gn.fr\/dev_deltalabo\/wp-content\/uploads\/2025\/11\/DELTA-LABO-P5-broyeur-planetaire-premium-line.png","datePublished":"2025-11-24T14:21:40+00:00","dateModified":"2025-11-24T14:23:57+00:00","breadcrumb":{"@id":"https:\/\/webdesi-gn.fr\/dev_deltalabo\/produits\/cat-produit\/broyeur-planetaire-fritsch-pulverisette-5-premium-line\/#breadcrumb"},"inLanguage":"fr-FR","potentialAction":[{"@type":"ReadAction","target":["https:\/\/webdesi-gn.fr\/dev_deltalabo\/produits\/cat-produit\/broyeur-planetaire-fritsch-pulverisette-5-premium-line\/"]}]},{"@type":"ImageObject","inLanguage":"fr-FR","@id":"https:\/\/webdesi-gn.fr\/dev_deltalabo\/produits\/cat-produit\/broyeur-planetaire-fritsch-pulverisette-5-premium-line\/#primaryimage","url":"https:\/\/webdesi-gn.fr\/dev_deltalabo\/wp-content\/uploads\/2025\/11\/DELTA-LABO-P5-broyeur-planetaire-premium-line.png","contentUrl":"https:\/\/webdesi-gn.fr\/dev_deltalabo\/wp-content\/uploads\/2025\/11\/DELTA-LABO-P5-broyeur-planetaire-premium-line.png","width":780,"height":435},{"@type":"BreadcrumbList","@id":"https:\/\/webdesi-gn.fr\/dev_deltalabo\/produits\/cat-produit\/broyeur-planetaire-fritsch-pulverisette-5-premium-line\/#breadcrumb","itemListElement":[{"@type":"ListItem","position":1,"name":"Accueil","item":"https:\/\/webdesi-gn.fr\/dev_deltalabo\/"},{"@type":"ListItem","position":2,"name":"Produits","item":"https:\/\/webdesi-gn.fr\/dev_deltalabo\/produits\/"},{"@type":"ListItem","position":3,"name":"Broyeur plan\u00e9taire FRITSCH Pulv\u00e9risette 5 premium line"}]},{"@type":"WebSite","@id":"https:\/\/webdesi-gn.fr\/dev_deltalabo\/#website","url":"https:\/\/webdesi-gn.fr\/dev_deltalabo\/","name":"Delta Labo","description":"Un site utilisant WordPress","publisher":{"@id":"https:\/\/webdesi-gn.fr\/dev_deltalabo\/#organization"},"alternateName":"Delta Labo","potentialAction":[{"@type":"SearchAction","target":{"@type":"EntryPoint","urlTemplate":"https:\/\/webdesi-gn.fr\/dev_deltalabo\/?s={search_term_string}"},"query-input":{"@type":"PropertyValueSpecification","valueRequired":true,"valueName":"search_term_string"}}],"inLanguage":"fr-FR"},{"@type":"Organization","@id":"https:\/\/webdesi-gn.fr\/dev_deltalabo\/#organization","name":"DeltaLabo","url":"https:\/\/webdesi-gn.fr\/dev_deltalabo\/","logo":{"@type":"ImageObject","inLanguage":"fr-FR","@id":"https:\/\/webdesi-gn.fr\/dev_deltalabo\/#\/schema\/logo\/image\/","url":"https:\/\/webdesi-gn.fr\/dev_deltalabo\/wp-content\/uploads\/2022\/07\/logo-deltalabo.png","contentUrl":"https:\/\/webdesi-gn.fr\/dev_deltalabo\/wp-content\/uploads\/2022\/07\/logo-deltalabo.png","width":694,"height":306,"caption":"DeltaLabo"},"image":{"@id":"https:\/\/webdesi-gn.fr\/dev_deltalabo\/#\/schema\/logo\/image\/"}}]}},"_links":{"self":[{"href":"https:\/\/webdesi-gn.fr\/dev_deltalabo\/wp-json\/wp\/v2\/product\/262824","targetHints":{"allow":["GET"]}}],"collection":[{"href":"https:\/\/webdesi-gn.fr\/dev_deltalabo\/wp-json\/wp\/v2\/product"}],"about":[{"href":"https:\/\/webdesi-gn.fr\/dev_deltalabo\/wp-json\/wp\/v2\/types\/product"}],"wp:featuredmedia":[{"embeddable":true,"href":"https:\/\/webdesi-gn.fr\/dev_deltalabo\/wp-json\/wp\/v2\/media\/262870"}],"wp:attachment":[{"href":"https:\/\/webdesi-gn.fr\/dev_deltalabo\/wp-json\/wp\/v2\/media?parent=262824"}],"wp:term":[{"taxonomy":"domaine","embeddable":true,"href":"https:\/\/webdesi-gn.fr\/dev_deltalabo\/wp-json\/wp\/v2\/domaine?post=262824"},{"taxonomy":"normes","embeddable":true,"href":"https:\/\/webdesi-gn.fr\/dev_deltalabo\/wp-json\/wp\/v2\/normes?post=262824"},{"taxonomy":"product_brand","embeddable":true,"href":"https:\/\/webdesi-gn.fr\/dev_deltalabo\/wp-json\/wp\/v2\/product_brand?post=262824"},{"taxonomy":"product_cat","embeddable":true,"href":"https:\/\/webdesi-gn.fr\/dev_deltalabo\/wp-json\/wp\/v2\/product_cat?post=262824"},{"taxonomy":"product_tag","embeddable":true,"href":"https:\/\/webdesi-gn.fr\/dev_deltalabo\/wp-json\/wp\/v2\/product_tag?post=262824"}],"curies":[{"name":"wp","href":"https:\/\/api.w.org\/{rel}","templated":true}]}}