{"id":262827,"date":"2025-11-24T15:21:41","date_gmt":"2025-11-24T14:21:41","guid":{"rendered":"https:\/\/webdesi-gn.fr\/dev_deltalabo\/?post_type=product&#038;p=262827"},"modified":"2026-01-22T15:35:28","modified_gmt":"2026-01-22T14:35:28","slug":"systeme-de-reduction-des-risques-setafuge-hazard-reduction-system","status":"publish","type":"product","link":"https:\/\/webdesi-gn.fr\/dev_deltalabo\/produits\/metallurgie-siderurgie\/broyage-metallurgie-siderurgie\/systeme-de-reduction-des-risques-setafuge-hazard-reduction-system\/","title":{"rendered":"Syst\u00e8me de r\u00e9duction des risques \u00ab\u00a0Setafuge Hazard Reduction System\u00a0\u00bb"},"content":{"rendered":"","protected":false},"excerpt":{"rendered":"<p><strong>Syst\u00e8me de r\u00e9duction des risques \u00ab\u00a0Setafuge Hazard Reduction System\u00a0\u00bb :<\/strong><\/p>\n<p>L&rsquo;utilisation d&rsquo;une centrifugeuse avec des \u00e9chantillons volatiles, \u00e0 des temp\u00e9ratures \u00e9lev\u00e9es, peut entra\u00eener la production de vapeurs qui peuvent \u00eatre dangereuses (inflammables et\/ou toxiques). En g\u00e9n\u00e9ral, la pression de vapeur des hydrocarbures \u00e0 60\u00b0C est environ le double de celle \u00e0 40\u00b0C.<\/p>\n<p>Le syst\u00e8me \u00ab\u00a0Setafuge Hazard Reduction System\u00a0\u00bb r\u00e9duit consid\u00e9rablement les risques associ\u00e9s aux vapeurs et aux gaz lib\u00e9r\u00e9s par les \u00e9chantillons \u00e0 des temp\u00e9ratures \u00e9lev\u00e9es.<\/p>\n<p>Les vapeurs sont extraites pr\u00e8s du sommet de la chambre, dilu\u00e9es avec de l&rsquo;air et \u00e9vacu\u00e9es en toute s\u00e9curit\u00e9, via un tube, vers une zone non dangereuse. En maintenant la chambre \u00e0 une pression l\u00e9g\u00e8rement inf\u00e9rieure \u00e0 la pression atmosph\u00e9rique, on emp\u00eache les vapeurs de s&rsquo;\u00e9chapper dans l&rsquo;environnement du laboratoire.<\/p>\n<p>Le syst\u00e8me \u00ab\u00a0Setafuge Hazard Reduction System\u00a0\u00bb se monte rapidement sur la centrifugeuse et se connecte \u00e0 une alimentation en air comprim\u00e9 externe.<\/p>\n","protected":false},"featured_media":262879,"template":"","meta":{"_acf_changed":false,"site-sidebar-layout":"default","site-content-layout":"","ast-site-content-layout":"default","site-content-style":"default","site-sidebar-style":"default","ast-global-header-display":"","ast-banner-title-visibility":"","ast-main-header-display":"","ast-hfb-above-header-display":"","ast-hfb-below-header-display":"","ast-hfb-mobile-header-display":"","site-post-title":"","ast-breadcrumbs-content":"","ast-featured-img":"","footer-sml-layout":"","ast-disable-related-posts":"","theme-transparent-header-meta":"default","adv-header-id-meta":"","stick-header-meta":"","header-above-stick-meta":"","header-main-stick-meta":"","header-below-stick-meta":"","astra-migrate-meta-layouts":"set","ast-page-background-enabled":"default","ast-page-background-meta":{"desktop":{"background-color":"var(--ast-global-color-5)","background-image":"","background-repeat":"repeat","background-position":"center center","background-size":"auto","background-attachment":"scroll","background-type":"","background-media":"","overlay-type":"","overlay-color":"","overlay-opacity":"","overlay-gradient":""},"tablet":{"background-color":"","background-image":"","background-repeat":"repeat","background-position":"center center","background-size":"auto","background-attachment":"scroll","background-type":"","background-media":"","overlay-type":"","overlay-color":"","overlay-opacity":"","overlay-gradient":""},"mobile":{"background-color":"","background-image":"","background-repeat":"repeat","background-position":"center center","background-size":"auto","background-attachment":"scroll","background-type":"","background-media":"","overlay-type":"","overlay-color":"","overlay-opacity":"","overlay-gradient":""}},"ast-content-background-meta":{"desktop":{"background-color":"var(--ast-global-color-4)","background-image":"","background-repeat":"repeat","background-position":"center center","background-size":"auto","background-attachment":"scroll","background-type":"","background-media":"","overlay-type":"","overlay-color":"","overlay-opacity":"","overlay-gradient":""},"tablet":{"background-color":"var(--ast-global-color-4)","background-image":"","background-repeat":"repeat","background-position":"center center","background-size":"auto","background-attachment":"scroll","background-type":"","background-media":"","overlay-type":"","overlay-color":"","overlay-opacity":"","overlay-gradient":""},"mobile":{"background-color":"var(--ast-global-color-4)","background-image":"","background-repeat":"repeat","background-position":"center center","background-size":"auto","background-attachment":"scroll","background-type":"","background-media":"","overlay-type":"","overlay-color":"","overlay-opacity":"","overlay-gradient":""}}},"domaine":[],"normes":[3295,3308,3314,3320,3321,3331,3394,3395,17111,17124],"product_brand":[],"product_cat":[17914,15],"product_tag":[],"class_list":{"0":"post-262827","1":"product","2":"type-product","3":"status-publish","4":"has-post-thumbnail","6":"normes-d1290","7":"normes-d1796","8":"normes-d2273","9":"normes-d2709","10":"normes-d2711","11":"normes-d4007","12":"normes-d893","13":"normes-d91","14":"normes-iso-3734","15":"normes-iso-9030","16":"product_cat-broyage-metallurgie-siderurgie","17":"product_cat-cat-produit","18":"desktop-align-left","19":"tablet-align-left","20":"mobile-align-left","22":"first","23":"instock","24":"shipping-taxable","25":"purchasable","26":"product-type-simple"},"acf":[],"yoast_head":"<!-- This site is optimized with the Yoast SEO plugin v27.4 - https:\/\/yoast.com\/product\/yoast-seo-wordpress\/ -->\n<title>Syst\u00e8me de r\u00e9duction des risques &quot;Setafuge Hazard Reduction System&quot; | DeltaLabo<\/title>\n<meta name=\"robots\" content=\"noindex, follow, max-snippet:-1, max-image-preview:large, max-video-preview:-1\" \/>\n<meta property=\"og:locale\" content=\"fr_FR\" \/>\n<meta property=\"og:type\" content=\"article\" \/>\n<meta property=\"og:title\" content=\"Syst\u00e8me de r\u00e9duction des risques &quot;Setafuge Hazard Reduction System&quot; | DeltaLabo\" \/>\n<meta property=\"og:description\" content=\"Syst\u00e8me de r\u00e9duction des risques &quot;Setafuge Hazard Reduction System&quot; :  L&#039;utilisation d&#039;une centrifugeuse avec des \u00e9chantillons volatiles, \u00e0 des temp\u00e9ratures \u00e9lev\u00e9es, peut entra\u00eener la production de vapeurs qui peuvent \u00eatre dangereuses (inflammables et\/ou toxiques). En g\u00e9n\u00e9ral, la pression de vapeur des hydrocarbures \u00e0 60\u00b0C est environ le double de celle \u00e0 40\u00b0C.  Le syst\u00e8me &quot;Setafuge Hazard Reduction System&quot; r\u00e9duit consid\u00e9rablement les risques associ\u00e9s aux vapeurs et aux gaz lib\u00e9r\u00e9s par les \u00e9chantillons \u00e0 des temp\u00e9ratures \u00e9lev\u00e9es.  Les vapeurs sont extraites pr\u00e8s du sommet de la chambre, dilu\u00e9es avec de l&#039;air et \u00e9vacu\u00e9es en toute s\u00e9curit\u00e9, via un tube, vers une zone non dangereuse. En maintenant la chambre \u00e0 une pression l\u00e9g\u00e8rement inf\u00e9rieure \u00e0 la pression atmosph\u00e9rique, on emp\u00eache les vapeurs de s&#039;\u00e9chapper dans l&#039;environnement du laboratoire.  Le syst\u00e8me &quot;Setafuge Hazard Reduction System&quot; se monte rapidement sur la centrifugeuse et se connecte \u00e0 une alimentation en air comprim\u00e9 externe.\" \/>\n<meta property=\"og:url\" content=\"https:\/\/webdesi-gn.fr\/dev_deltalabo\/produits\/metallurgie-siderurgie\/broyage-metallurgie-siderurgie\/systeme-de-reduction-des-risques-setafuge-hazard-reduction-system\/\" \/>\n<meta property=\"og:site_name\" content=\"DeltaLabo\" \/>\n<meta property=\"article:modified_time\" content=\"2026-01-22T14:35:28+00:00\" \/>\n<meta property=\"og:image\" content=\"https:\/\/webdesi-gn.fr\/dev_deltalabo\/wp-content\/uploads\/2025\/11\/DELTA-LABO-accessoire-pour-centrifugeuse-4-et-6-positions.webp\" \/>\n\t<meta property=\"og:image:width\" content=\"800\" \/>\n\t<meta property=\"og:image:height\" content=\"800\" \/>\n\t<meta property=\"og:image:type\" content=\"image\/webp\" \/>\n<meta name=\"twitter:card\" content=\"summary_large_image\" \/>\n<meta name=\"twitter:label1\" content=\"Dur\u00e9e de lecture estim\u00e9e\" \/>\n\t<meta name=\"twitter:data1\" content=\"1 minute\" \/>\n<script type=\"application\/ld+json\" class=\"yoast-schema-graph\">{\"@context\":\"https:\\\/\\\/schema.org\",\"@graph\":[{\"@type\":\"WebPage\",\"@id\":\"https:\\\/\\\/webdesi-gn.fr\\\/dev_deltalabo\\\/produits\\\/metallurgie-siderurgie\\\/broyage-metallurgie-siderurgie\\\/systeme-de-reduction-des-risques-setafuge-hazard-reduction-system\\\/\",\"url\":\"https:\\\/\\\/webdesi-gn.fr\\\/dev_deltalabo\\\/produits\\\/metallurgie-siderurgie\\\/broyage-metallurgie-siderurgie\\\/systeme-de-reduction-des-risques-setafuge-hazard-reduction-system\\\/\",\"name\":\"Syst\u00e8me de r\u00e9duction des risques \\\"Setafuge Hazard Reduction System\\\" | DeltaLabo\",\"isPartOf\":{\"@id\":\"https:\\\/\\\/webdesi-gn.fr\\\/dev_deltalabo\\\/#website\"},\"primaryImageOfPage\":{\"@id\":\"https:\\\/\\\/webdesi-gn.fr\\\/dev_deltalabo\\\/produits\\\/metallurgie-siderurgie\\\/broyage-metallurgie-siderurgie\\\/systeme-de-reduction-des-risques-setafuge-hazard-reduction-system\\\/#primaryimage\"},\"image\":{\"@id\":\"https:\\\/\\\/webdesi-gn.fr\\\/dev_deltalabo\\\/produits\\\/metallurgie-siderurgie\\\/broyage-metallurgie-siderurgie\\\/systeme-de-reduction-des-risques-setafuge-hazard-reduction-system\\\/#primaryimage\"},\"thumbnailUrl\":\"https:\\\/\\\/webdesi-gn.fr\\\/dev_deltalabo\\\/wp-content\\\/uploads\\\/2025\\\/11\\\/DELTA-LABO-accessoire-pour-centrifugeuse-4-et-6-positions.webp\",\"datePublished\":\"2025-11-24T14:21:41+00:00\",\"dateModified\":\"2026-01-22T14:35:28+00:00\",\"breadcrumb\":{\"@id\":\"https:\\\/\\\/webdesi-gn.fr\\\/dev_deltalabo\\\/produits\\\/metallurgie-siderurgie\\\/broyage-metallurgie-siderurgie\\\/systeme-de-reduction-des-risques-setafuge-hazard-reduction-system\\\/#breadcrumb\"},\"inLanguage\":\"fr-FR\",\"potentialAction\":[{\"@type\":\"ReadAction\",\"target\":[\"https:\\\/\\\/webdesi-gn.fr\\\/dev_deltalabo\\\/produits\\\/metallurgie-siderurgie\\\/broyage-metallurgie-siderurgie\\\/systeme-de-reduction-des-risques-setafuge-hazard-reduction-system\\\/\"]}]},{\"@type\":\"ImageObject\",\"inLanguage\":\"fr-FR\",\"@id\":\"https:\\\/\\\/webdesi-gn.fr\\\/dev_deltalabo\\\/produits\\\/metallurgie-siderurgie\\\/broyage-metallurgie-siderurgie\\\/systeme-de-reduction-des-risques-setafuge-hazard-reduction-system\\\/#primaryimage\",\"url\":\"https:\\\/\\\/webdesi-gn.fr\\\/dev_deltalabo\\\/wp-content\\\/uploads\\\/2025\\\/11\\\/DELTA-LABO-accessoire-pour-centrifugeuse-4-et-6-positions.webp\",\"contentUrl\":\"https:\\\/\\\/webdesi-gn.fr\\\/dev_deltalabo\\\/wp-content\\\/uploads\\\/2025\\\/11\\\/DELTA-LABO-accessoire-pour-centrifugeuse-4-et-6-positions.webp\",\"width\":800,\"height\":800},{\"@type\":\"BreadcrumbList\",\"@id\":\"https:\\\/\\\/webdesi-gn.fr\\\/dev_deltalabo\\\/produits\\\/metallurgie-siderurgie\\\/broyage-metallurgie-siderurgie\\\/systeme-de-reduction-des-risques-setafuge-hazard-reduction-system\\\/#breadcrumb\",\"itemListElement\":[{\"@type\":\"ListItem\",\"position\":1,\"name\":\"Accueil\",\"item\":\"https:\\\/\\\/webdesi-gn.fr\\\/dev_deltalabo\\\/\"},{\"@type\":\"ListItem\",\"position\":2,\"name\":\"Produits\",\"item\":\"https:\\\/\\\/webdesi-gn.fr\\\/dev_deltalabo\\\/produits\\\/\"},{\"@type\":\"ListItem\",\"position\":3,\"name\":\"Syst\u00e8me de r\u00e9duction des risques \u00ab\u00a0Setafuge Hazard Reduction System\u00a0\u00bb\"}]},{\"@type\":\"WebSite\",\"@id\":\"https:\\\/\\\/webdesi-gn.fr\\\/dev_deltalabo\\\/#website\",\"url\":\"https:\\\/\\\/webdesi-gn.fr\\\/dev_deltalabo\\\/\",\"name\":\"Delta Labo\",\"description\":\"Un site utilisant WordPress\",\"publisher\":{\"@id\":\"https:\\\/\\\/webdesi-gn.fr\\\/dev_deltalabo\\\/#organization\"},\"alternateName\":\"Delta Labo\",\"potentialAction\":[{\"@type\":\"SearchAction\",\"target\":{\"@type\":\"EntryPoint\",\"urlTemplate\":\"https:\\\/\\\/webdesi-gn.fr\\\/dev_deltalabo\\\/?s={search_term_string}\"},\"query-input\":{\"@type\":\"PropertyValueSpecification\",\"valueRequired\":true,\"valueName\":\"search_term_string\"}}],\"inLanguage\":\"fr-FR\"},{\"@type\":\"Organization\",\"@id\":\"https:\\\/\\\/webdesi-gn.fr\\\/dev_deltalabo\\\/#organization\",\"name\":\"DeltaLabo\",\"url\":\"https:\\\/\\\/webdesi-gn.fr\\\/dev_deltalabo\\\/\",\"logo\":{\"@type\":\"ImageObject\",\"inLanguage\":\"fr-FR\",\"@id\":\"https:\\\/\\\/webdesi-gn.fr\\\/dev_deltalabo\\\/#\\\/schema\\\/logo\\\/image\\\/\",\"url\":\"https:\\\/\\\/webdesi-gn.fr\\\/dev_deltalabo\\\/wp-content\\\/uploads\\\/2022\\\/07\\\/logo-deltalabo.png\",\"contentUrl\":\"https:\\\/\\\/webdesi-gn.fr\\\/dev_deltalabo\\\/wp-content\\\/uploads\\\/2022\\\/07\\\/logo-deltalabo.png\",\"width\":694,\"height\":306,\"caption\":\"DeltaLabo\"},\"image\":{\"@id\":\"https:\\\/\\\/webdesi-gn.fr\\\/dev_deltalabo\\\/#\\\/schema\\\/logo\\\/image\\\/\"}}]}<\/script>\n<!-- \/ Yoast SEO plugin. -->","yoast_head_json":{"title":"Syst\u00e8me de r\u00e9duction des risques \"Setafuge Hazard Reduction System\" | DeltaLabo","robots":{"index":"noindex","follow":"follow","max-snippet":"max-snippet:-1","max-image-preview":"max-image-preview:large","max-video-preview":"max-video-preview:-1"},"og_locale":"fr_FR","og_type":"article","og_title":"Syst\u00e8me de r\u00e9duction des risques \"Setafuge Hazard Reduction System\" | DeltaLabo","og_description":"Syst\u00e8me de r\u00e9duction des risques \"Setafuge Hazard Reduction System\" :  L'utilisation d'une centrifugeuse avec des \u00e9chantillons volatiles, \u00e0 des temp\u00e9ratures \u00e9lev\u00e9es, peut entra\u00eener la production de vapeurs qui peuvent \u00eatre dangereuses (inflammables et\/ou toxiques). En g\u00e9n\u00e9ral, la pression de vapeur des hydrocarbures \u00e0 60\u00b0C est environ le double de celle \u00e0 40\u00b0C.  Le syst\u00e8me \"Setafuge Hazard Reduction System\" r\u00e9duit consid\u00e9rablement les risques associ\u00e9s aux vapeurs et aux gaz lib\u00e9r\u00e9s par les \u00e9chantillons \u00e0 des temp\u00e9ratures \u00e9lev\u00e9es.  Les vapeurs sont extraites pr\u00e8s du sommet de la chambre, dilu\u00e9es avec de l'air et \u00e9vacu\u00e9es en toute s\u00e9curit\u00e9, via un tube, vers une zone non dangereuse. En maintenant la chambre \u00e0 une pression l\u00e9g\u00e8rement inf\u00e9rieure \u00e0 la pression atmosph\u00e9rique, on emp\u00eache les vapeurs de s'\u00e9chapper dans l'environnement du laboratoire.  Le syst\u00e8me \"Setafuge Hazard Reduction System\" se monte rapidement sur la centrifugeuse et se connecte \u00e0 une alimentation en air comprim\u00e9 externe.","og_url":"https:\/\/webdesi-gn.fr\/dev_deltalabo\/produits\/metallurgie-siderurgie\/broyage-metallurgie-siderurgie\/systeme-de-reduction-des-risques-setafuge-hazard-reduction-system\/","og_site_name":"DeltaLabo","article_modified_time":"2026-01-22T14:35:28+00:00","og_image":[{"width":800,"height":800,"url":"https:\/\/webdesi-gn.fr\/dev_deltalabo\/wp-content\/uploads\/2025\/11\/DELTA-LABO-accessoire-pour-centrifugeuse-4-et-6-positions.webp","type":"image\/webp"}],"twitter_card":"summary_large_image","twitter_misc":{"Dur\u00e9e de lecture estim\u00e9e":"1 minute"},"schema":{"@context":"https:\/\/schema.org","@graph":[{"@type":"WebPage","@id":"https:\/\/webdesi-gn.fr\/dev_deltalabo\/produits\/metallurgie-siderurgie\/broyage-metallurgie-siderurgie\/systeme-de-reduction-des-risques-setafuge-hazard-reduction-system\/","url":"https:\/\/webdesi-gn.fr\/dev_deltalabo\/produits\/metallurgie-siderurgie\/broyage-metallurgie-siderurgie\/systeme-de-reduction-des-risques-setafuge-hazard-reduction-system\/","name":"Syst\u00e8me de r\u00e9duction des risques \"Setafuge Hazard Reduction System\" | DeltaLabo","isPartOf":{"@id":"https:\/\/webdesi-gn.fr\/dev_deltalabo\/#website"},"primaryImageOfPage":{"@id":"https:\/\/webdesi-gn.fr\/dev_deltalabo\/produits\/metallurgie-siderurgie\/broyage-metallurgie-siderurgie\/systeme-de-reduction-des-risques-setafuge-hazard-reduction-system\/#primaryimage"},"image":{"@id":"https:\/\/webdesi-gn.fr\/dev_deltalabo\/produits\/metallurgie-siderurgie\/broyage-metallurgie-siderurgie\/systeme-de-reduction-des-risques-setafuge-hazard-reduction-system\/#primaryimage"},"thumbnailUrl":"https:\/\/webdesi-gn.fr\/dev_deltalabo\/wp-content\/uploads\/2025\/11\/DELTA-LABO-accessoire-pour-centrifugeuse-4-et-6-positions.webp","datePublished":"2025-11-24T14:21:41+00:00","dateModified":"2026-01-22T14:35:28+00:00","breadcrumb":{"@id":"https:\/\/webdesi-gn.fr\/dev_deltalabo\/produits\/metallurgie-siderurgie\/broyage-metallurgie-siderurgie\/systeme-de-reduction-des-risques-setafuge-hazard-reduction-system\/#breadcrumb"},"inLanguage":"fr-FR","potentialAction":[{"@type":"ReadAction","target":["https:\/\/webdesi-gn.fr\/dev_deltalabo\/produits\/metallurgie-siderurgie\/broyage-metallurgie-siderurgie\/systeme-de-reduction-des-risques-setafuge-hazard-reduction-system\/"]}]},{"@type":"ImageObject","inLanguage":"fr-FR","@id":"https:\/\/webdesi-gn.fr\/dev_deltalabo\/produits\/metallurgie-siderurgie\/broyage-metallurgie-siderurgie\/systeme-de-reduction-des-risques-setafuge-hazard-reduction-system\/#primaryimage","url":"https:\/\/webdesi-gn.fr\/dev_deltalabo\/wp-content\/uploads\/2025\/11\/DELTA-LABO-accessoire-pour-centrifugeuse-4-et-6-positions.webp","contentUrl":"https:\/\/webdesi-gn.fr\/dev_deltalabo\/wp-content\/uploads\/2025\/11\/DELTA-LABO-accessoire-pour-centrifugeuse-4-et-6-positions.webp","width":800,"height":800},{"@type":"BreadcrumbList","@id":"https:\/\/webdesi-gn.fr\/dev_deltalabo\/produits\/metallurgie-siderurgie\/broyage-metallurgie-siderurgie\/systeme-de-reduction-des-risques-setafuge-hazard-reduction-system\/#breadcrumb","itemListElement":[{"@type":"ListItem","position":1,"name":"Accueil","item":"https:\/\/webdesi-gn.fr\/dev_deltalabo\/"},{"@type":"ListItem","position":2,"name":"Produits","item":"https:\/\/webdesi-gn.fr\/dev_deltalabo\/produits\/"},{"@type":"ListItem","position":3,"name":"Syst\u00e8me de r\u00e9duction des risques \u00ab\u00a0Setafuge Hazard Reduction System\u00a0\u00bb"}]},{"@type":"WebSite","@id":"https:\/\/webdesi-gn.fr\/dev_deltalabo\/#website","url":"https:\/\/webdesi-gn.fr\/dev_deltalabo\/","name":"Delta Labo","description":"Un site utilisant WordPress","publisher":{"@id":"https:\/\/webdesi-gn.fr\/dev_deltalabo\/#organization"},"alternateName":"Delta Labo","potentialAction":[{"@type":"SearchAction","target":{"@type":"EntryPoint","urlTemplate":"https:\/\/webdesi-gn.fr\/dev_deltalabo\/?s={search_term_string}"},"query-input":{"@type":"PropertyValueSpecification","valueRequired":true,"valueName":"search_term_string"}}],"inLanguage":"fr-FR"},{"@type":"Organization","@id":"https:\/\/webdesi-gn.fr\/dev_deltalabo\/#organization","name":"DeltaLabo","url":"https:\/\/webdesi-gn.fr\/dev_deltalabo\/","logo":{"@type":"ImageObject","inLanguage":"fr-FR","@id":"https:\/\/webdesi-gn.fr\/dev_deltalabo\/#\/schema\/logo\/image\/","url":"https:\/\/webdesi-gn.fr\/dev_deltalabo\/wp-content\/uploads\/2022\/07\/logo-deltalabo.png","contentUrl":"https:\/\/webdesi-gn.fr\/dev_deltalabo\/wp-content\/uploads\/2022\/07\/logo-deltalabo.png","width":694,"height":306,"caption":"DeltaLabo"},"image":{"@id":"https:\/\/webdesi-gn.fr\/dev_deltalabo\/#\/schema\/logo\/image\/"}}]}},"_links":{"self":[{"href":"https:\/\/webdesi-gn.fr\/dev_deltalabo\/wp-json\/wp\/v2\/product\/262827","targetHints":{"allow":["GET"]}}],"collection":[{"href":"https:\/\/webdesi-gn.fr\/dev_deltalabo\/wp-json\/wp\/v2\/product"}],"about":[{"href":"https:\/\/webdesi-gn.fr\/dev_deltalabo\/wp-json\/wp\/v2\/types\/product"}],"wp:featuredmedia":[{"embeddable":true,"href":"https:\/\/webdesi-gn.fr\/dev_deltalabo\/wp-json\/wp\/v2\/media\/262879"}],"wp:attachment":[{"href":"https:\/\/webdesi-gn.fr\/dev_deltalabo\/wp-json\/wp\/v2\/media?parent=262827"}],"wp:term":[{"taxonomy":"domaine","embeddable":true,"href":"https:\/\/webdesi-gn.fr\/dev_deltalabo\/wp-json\/wp\/v2\/domaine?post=262827"},{"taxonomy":"normes","embeddable":true,"href":"https:\/\/webdesi-gn.fr\/dev_deltalabo\/wp-json\/wp\/v2\/normes?post=262827"},{"taxonomy":"product_brand","embeddable":true,"href":"https:\/\/webdesi-gn.fr\/dev_deltalabo\/wp-json\/wp\/v2\/product_brand?post=262827"},{"taxonomy":"product_cat","embeddable":true,"href":"https:\/\/webdesi-gn.fr\/dev_deltalabo\/wp-json\/wp\/v2\/product_cat?post=262827"},{"taxonomy":"product_tag","embeddable":true,"href":"https:\/\/webdesi-gn.fr\/dev_deltalabo\/wp-json\/wp\/v2\/product_tag?post=262827"}],"curies":[{"name":"wp","href":"https:\/\/api.w.org\/{rel}","templated":true}]}}