{"id":263478,"date":"2026-03-31T13:27:50","date_gmt":"2026-03-31T11:27:50","guid":{"rendered":"https:\/\/webdesi-gn.fr\/dev_deltalabo\/?post_type=product&#038;p=263478"},"modified":"2026-03-31T13:27:50","modified_gmt":"2026-03-31T11:27:50","slug":"bain-dessai-de-corrosion-stanhope-seta-22220-5-2","status":"publish","type":"product","link":"https:\/\/webdesi-gn.fr\/dev_deltalabo\/produits\/cat-produit\/bain-dessai-de-corrosion-stanhope-seta-22220-5-2\/","title":{"rendered":"Bain d\u2019essai de corrosion Stanhope Seta \u2013 22220-5"},"content":{"rendered":"","protected":false},"excerpt":{"rendered":"<p><strong>Bain d&rsquo;essai de corrosion Stanhope Seta &#8211; 22220-5 :<\/strong><\/p>\n<p>Le bain d&rsquo;essai de corrosion Stanhope Seta &#8211; 22220-5 est\u00a0un bain-marie en acier inoxydable pouvant accueillir jusqu&rsquo;\u00e0 3 r\u00e9cipients sous pression. Il est \u00e9quip\u00e9 d&rsquo;un syst\u00e8me de chauffage, d&rsquo;un r\u00e9gulateur de temp\u00e9rature thermostatique avec circulateur int\u00e9gr\u00e9 et d&rsquo;un affichage LED.<\/p>\n<p>Le bain d&rsquo;essai de corrosion Stanhope Seta &#8211; 22220-5 est conforme aux normes ASTM D1838, IP 411 et ISO 6251.<\/p>\n<p>Caract\u00e9ristiques :<\/p>\n<ul>\n<li>Plage de temp\u00e9rature : ambiante +5\u00b0C \u00e0 120\u00b0C (\u00e0 compl\u00e9ter par fluide caloporteur adapt\u00e9)<\/li>\n<li>Stabilit\u00e9 : +\/-0.2\u00b0C<\/li>\n<li>Capacit\u00e9 : 35 litres<\/li>\n<\/ul>\n<p><strong>T\u00e9l\u00e9charger la brochure produit :<\/strong> <a href=\"https:\/\/www.deltalabo.fr\/wp-content\/uploads\/2025\/10\/Doc-corrosion-LPG-D1838-engl-DL-2021.pdf\">Bain d&rsquo;essai de corrosion Stanhope Seta &#8211; 22220-5<\/a><\/p>\n","protected":false},"featured_media":262467,"template":"","meta":{"_acf_changed":false,"site-sidebar-layout":"default","site-content-layout":"","ast-site-content-layout":"default","site-content-style":"default","site-sidebar-style":"default","ast-global-header-display":"","ast-banner-title-visibility":"","ast-main-header-display":"","ast-hfb-above-header-display":"","ast-hfb-below-header-display":"","ast-hfb-mobile-header-display":"","site-post-title":"","ast-breadcrumbs-content":"","ast-featured-img":"","footer-sml-layout":"","ast-disable-related-posts":"","theme-transparent-header-meta":"default","adv-header-id-meta":"","stick-header-meta":"","header-above-stick-meta":"","header-main-stick-meta":"","header-below-stick-meta":"","astra-migrate-meta-layouts":"set","ast-page-background-enabled":"default","ast-page-background-meta":{"desktop":{"background-color":"var(--ast-global-color-5)","background-image":"","background-repeat":"repeat","background-position":"center center","background-size":"auto","background-attachment":"scroll","background-type":"","background-media":"","overlay-type":"","overlay-color":"","overlay-opacity":"","overlay-gradient":""},"tablet":{"background-color":"","background-image":"","background-repeat":"repeat","background-position":"center center","background-size":"auto","background-attachment":"scroll","background-type":"","background-media":"","overlay-type":"","overlay-color":"","overlay-opacity":"","overlay-gradient":""},"mobile":{"background-color":"","background-image":"","background-repeat":"repeat","background-position":"center center","background-size":"auto","background-attachment":"scroll","background-type":"","background-media":"","overlay-type":"","overlay-color":"","overlay-opacity":"","overlay-gradient":""}},"ast-content-background-meta":{"desktop":{"background-color":"var(--ast-global-color-4)","background-image":"","background-repeat":"repeat","background-position":"center center","background-size":"auto","background-attachment":"scroll","background-type":"","background-media":"","overlay-type":"","overlay-color":"","overlay-opacity":"","overlay-gradient":""},"tablet":{"background-color":"var(--ast-global-color-4)","background-image":"","background-repeat":"repeat","background-position":"center center","background-size":"auto","background-attachment":"scroll","background-type":"","background-media":"","overlay-type":"","overlay-color":"","overlay-opacity":"","overlay-gradient":""},"mobile":{"background-color":"var(--ast-global-color-4)","background-image":"","background-repeat":"repeat","background-position":"center center","background-size":"auto","background-attachment":"scroll","background-type":"","background-media":"","overlay-type":"","overlay-color":"","overlay-opacity":"","overlay-gradient":""}}},"domaine":[],"normes":[17677,17678,17846],"product_brand":[],"product_cat":[15],"product_tag":[],"class_list":{"0":"post-263478","1":"product","2":"type-product","3":"status-publish","4":"has-post-thumbnail","6":"normes-d1838","7":"normes-ip-411","8":"normes-iso-6251","9":"product_cat-cat-produit","10":"desktop-align-left","11":"tablet-align-left","12":"mobile-align-left","14":"first","15":"instock","16":"shipping-taxable","17":"product-type-simple"},"acf":[],"yoast_head":"<!-- This site is optimized with the Yoast SEO plugin v27.4 - https:\/\/yoast.com\/product\/yoast-seo-wordpress\/ -->\n<title>Bain d\u2019essai de corrosion Stanhope Seta \u2013 22220-5 | DeltaLabo<\/title>\n<meta name=\"robots\" content=\"noindex, follow, max-snippet:-1, max-image-preview:large, max-video-preview:-1\" \/>\n<meta property=\"og:locale\" content=\"fr_FR\" \/>\n<meta property=\"og:type\" content=\"article\" \/>\n<meta property=\"og:title\" content=\"Bain d\u2019essai de corrosion Stanhope Seta \u2013 22220-5 | DeltaLabo\" \/>\n<meta property=\"og:description\" content=\"Bain d&#039;essai de corrosion Stanhope Seta - 22220-5 :  Le bain d&#039;essai de corrosion Stanhope Seta - 22220-5 est\u00a0un bain-marie en acier inoxydable pouvant accueillir jusqu&#039;\u00e0 3 r\u00e9cipients sous pression. Il est \u00e9quip\u00e9 d&#039;un syst\u00e8me de chauffage, d&#039;un r\u00e9gulateur de temp\u00e9rature thermostatique avec circulateur int\u00e9gr\u00e9 et d&#039;un affichage LED.  Le bain d&#039;essai de corrosion Stanhope Seta - 22220-5 est conforme aux normes ASTM D1838, IP 411 et ISO 6251.  Caract\u00e9ristiques :   Plage de temp\u00e9rature : ambiante +5\u00b0C \u00e0 120\u00b0C (\u00e0 compl\u00e9ter par fluide caloporteur adapt\u00e9)  Stabilit\u00e9 : +\/-0.2\u00b0C  Capacit\u00e9 : 35 litres  T\u00e9l\u00e9charger la brochure produit : Bain d&#039;essai de corrosion Stanhope Seta - 22220-5\" \/>\n<meta property=\"og:url\" content=\"https:\/\/webdesi-gn.fr\/dev_deltalabo\/produits\/cat-produit\/bain-dessai-de-corrosion-stanhope-seta-22220-5-2\/\" \/>\n<meta property=\"og:site_name\" content=\"DeltaLabo\" \/>\n<meta property=\"og:image\" content=\"https:\/\/webdesi-gn.fr\/dev_deltalabo\/wp-content\/uploads\/2025\/11\/22220-5_Corrosion_Test_Bath.jpg.webp\" \/>\n\t<meta property=\"og:image:width\" content=\"800\" \/>\n\t<meta property=\"og:image:height\" content=\"800\" \/>\n\t<meta property=\"og:image:type\" content=\"image\/webp\" \/>\n<meta name=\"twitter:card\" content=\"summary_large_image\" \/>\n<meta name=\"twitter:label1\" content=\"Dur\u00e9e de lecture estim\u00e9e\" \/>\n\t<meta name=\"twitter:data1\" content=\"1 minute\" \/>\n<script type=\"application\/ld+json\" class=\"yoast-schema-graph\">{\"@context\":\"https:\\\/\\\/schema.org\",\"@graph\":[{\"@type\":\"WebPage\",\"@id\":\"https:\\\/\\\/webdesi-gn.fr\\\/dev_deltalabo\\\/produits\\\/cat-produit\\\/bain-dessai-de-corrosion-stanhope-seta-22220-5-2\\\/\",\"url\":\"https:\\\/\\\/webdesi-gn.fr\\\/dev_deltalabo\\\/produits\\\/cat-produit\\\/bain-dessai-de-corrosion-stanhope-seta-22220-5-2\\\/\",\"name\":\"Bain d\u2019essai de corrosion Stanhope Seta \u2013 22220-5 | DeltaLabo\",\"isPartOf\":{\"@id\":\"https:\\\/\\\/webdesi-gn.fr\\\/dev_deltalabo\\\/#website\"},\"primaryImageOfPage\":{\"@id\":\"https:\\\/\\\/webdesi-gn.fr\\\/dev_deltalabo\\\/produits\\\/cat-produit\\\/bain-dessai-de-corrosion-stanhope-seta-22220-5-2\\\/#primaryimage\"},\"image\":{\"@id\":\"https:\\\/\\\/webdesi-gn.fr\\\/dev_deltalabo\\\/produits\\\/cat-produit\\\/bain-dessai-de-corrosion-stanhope-seta-22220-5-2\\\/#primaryimage\"},\"thumbnailUrl\":\"https:\\\/\\\/webdesi-gn.fr\\\/dev_deltalabo\\\/wp-content\\\/uploads\\\/2025\\\/11\\\/22220-5_Corrosion_Test_Bath.jpg.webp\",\"datePublished\":\"2026-03-31T11:27:50+00:00\",\"breadcrumb\":{\"@id\":\"https:\\\/\\\/webdesi-gn.fr\\\/dev_deltalabo\\\/produits\\\/cat-produit\\\/bain-dessai-de-corrosion-stanhope-seta-22220-5-2\\\/#breadcrumb\"},\"inLanguage\":\"fr-FR\",\"potentialAction\":[{\"@type\":\"ReadAction\",\"target\":[\"https:\\\/\\\/webdesi-gn.fr\\\/dev_deltalabo\\\/produits\\\/cat-produit\\\/bain-dessai-de-corrosion-stanhope-seta-22220-5-2\\\/\"]}]},{\"@type\":\"ImageObject\",\"inLanguage\":\"fr-FR\",\"@id\":\"https:\\\/\\\/webdesi-gn.fr\\\/dev_deltalabo\\\/produits\\\/cat-produit\\\/bain-dessai-de-corrosion-stanhope-seta-22220-5-2\\\/#primaryimage\",\"url\":\"https:\\\/\\\/webdesi-gn.fr\\\/dev_deltalabo\\\/wp-content\\\/uploads\\\/2025\\\/11\\\/22220-5_Corrosion_Test_Bath.jpg.webp\",\"contentUrl\":\"https:\\\/\\\/webdesi-gn.fr\\\/dev_deltalabo\\\/wp-content\\\/uploads\\\/2025\\\/11\\\/22220-5_Corrosion_Test_Bath.jpg.webp\",\"width\":800,\"height\":800},{\"@type\":\"BreadcrumbList\",\"@id\":\"https:\\\/\\\/webdesi-gn.fr\\\/dev_deltalabo\\\/produits\\\/cat-produit\\\/bain-dessai-de-corrosion-stanhope-seta-22220-5-2\\\/#breadcrumb\",\"itemListElement\":[{\"@type\":\"ListItem\",\"position\":1,\"name\":\"Accueil\",\"item\":\"https:\\\/\\\/webdesi-gn.fr\\\/dev_deltalabo\\\/\"},{\"@type\":\"ListItem\",\"position\":2,\"name\":\"Produits\",\"item\":\"https:\\\/\\\/webdesi-gn.fr\\\/dev_deltalabo\\\/produits\\\/\"},{\"@type\":\"ListItem\",\"position\":3,\"name\":\"Bain d\u2019essai de corrosion Stanhope Seta \u2013 22220-5\"}]},{\"@type\":\"WebSite\",\"@id\":\"https:\\\/\\\/webdesi-gn.fr\\\/dev_deltalabo\\\/#website\",\"url\":\"https:\\\/\\\/webdesi-gn.fr\\\/dev_deltalabo\\\/\",\"name\":\"Delta Labo\",\"description\":\"Un site utilisant WordPress\",\"publisher\":{\"@id\":\"https:\\\/\\\/webdesi-gn.fr\\\/dev_deltalabo\\\/#organization\"},\"alternateName\":\"Delta Labo\",\"potentialAction\":[{\"@type\":\"SearchAction\",\"target\":{\"@type\":\"EntryPoint\",\"urlTemplate\":\"https:\\\/\\\/webdesi-gn.fr\\\/dev_deltalabo\\\/?s={search_term_string}\"},\"query-input\":{\"@type\":\"PropertyValueSpecification\",\"valueRequired\":true,\"valueName\":\"search_term_string\"}}],\"inLanguage\":\"fr-FR\"},{\"@type\":\"Organization\",\"@id\":\"https:\\\/\\\/webdesi-gn.fr\\\/dev_deltalabo\\\/#organization\",\"name\":\"DeltaLabo\",\"url\":\"https:\\\/\\\/webdesi-gn.fr\\\/dev_deltalabo\\\/\",\"logo\":{\"@type\":\"ImageObject\",\"inLanguage\":\"fr-FR\",\"@id\":\"https:\\\/\\\/webdesi-gn.fr\\\/dev_deltalabo\\\/#\\\/schema\\\/logo\\\/image\\\/\",\"url\":\"https:\\\/\\\/webdesi-gn.fr\\\/dev_deltalabo\\\/wp-content\\\/uploads\\\/2022\\\/07\\\/logo-deltalabo.png\",\"contentUrl\":\"https:\\\/\\\/webdesi-gn.fr\\\/dev_deltalabo\\\/wp-content\\\/uploads\\\/2022\\\/07\\\/logo-deltalabo.png\",\"width\":694,\"height\":306,\"caption\":\"DeltaLabo\"},\"image\":{\"@id\":\"https:\\\/\\\/webdesi-gn.fr\\\/dev_deltalabo\\\/#\\\/schema\\\/logo\\\/image\\\/\"}}]}<\/script>\n<!-- \/ Yoast SEO plugin. -->","yoast_head_json":{"title":"Bain d\u2019essai de corrosion Stanhope Seta \u2013 22220-5 | DeltaLabo","robots":{"index":"noindex","follow":"follow","max-snippet":"max-snippet:-1","max-image-preview":"max-image-preview:large","max-video-preview":"max-video-preview:-1"},"og_locale":"fr_FR","og_type":"article","og_title":"Bain d\u2019essai de corrosion Stanhope Seta \u2013 22220-5 | DeltaLabo","og_description":"Bain d'essai de corrosion Stanhope Seta - 22220-5 :  Le bain d'essai de corrosion Stanhope Seta - 22220-5 est\u00a0un bain-marie en acier inoxydable pouvant accueillir jusqu'\u00e0 3 r\u00e9cipients sous pression. Il est \u00e9quip\u00e9 d'un syst\u00e8me de chauffage, d'un r\u00e9gulateur de temp\u00e9rature thermostatique avec circulateur int\u00e9gr\u00e9 et d'un affichage LED.  Le bain d'essai de corrosion Stanhope Seta - 22220-5 est conforme aux normes ASTM D1838, IP 411 et ISO 6251.  Caract\u00e9ristiques :   Plage de temp\u00e9rature : ambiante +5\u00b0C \u00e0 120\u00b0C (\u00e0 compl\u00e9ter par fluide caloporteur adapt\u00e9)  Stabilit\u00e9 : +\/-0.2\u00b0C  Capacit\u00e9 : 35 litres  T\u00e9l\u00e9charger la brochure produit : Bain d'essai de corrosion Stanhope Seta - 22220-5","og_url":"https:\/\/webdesi-gn.fr\/dev_deltalabo\/produits\/cat-produit\/bain-dessai-de-corrosion-stanhope-seta-22220-5-2\/","og_site_name":"DeltaLabo","og_image":[{"width":800,"height":800,"url":"https:\/\/webdesi-gn.fr\/dev_deltalabo\/wp-content\/uploads\/2025\/11\/22220-5_Corrosion_Test_Bath.jpg.webp","type":"image\/webp"}],"twitter_card":"summary_large_image","twitter_misc":{"Dur\u00e9e de lecture estim\u00e9e":"1 minute"},"schema":{"@context":"https:\/\/schema.org","@graph":[{"@type":"WebPage","@id":"https:\/\/webdesi-gn.fr\/dev_deltalabo\/produits\/cat-produit\/bain-dessai-de-corrosion-stanhope-seta-22220-5-2\/","url":"https:\/\/webdesi-gn.fr\/dev_deltalabo\/produits\/cat-produit\/bain-dessai-de-corrosion-stanhope-seta-22220-5-2\/","name":"Bain d\u2019essai de corrosion Stanhope Seta \u2013 22220-5 | DeltaLabo","isPartOf":{"@id":"https:\/\/webdesi-gn.fr\/dev_deltalabo\/#website"},"primaryImageOfPage":{"@id":"https:\/\/webdesi-gn.fr\/dev_deltalabo\/produits\/cat-produit\/bain-dessai-de-corrosion-stanhope-seta-22220-5-2\/#primaryimage"},"image":{"@id":"https:\/\/webdesi-gn.fr\/dev_deltalabo\/produits\/cat-produit\/bain-dessai-de-corrosion-stanhope-seta-22220-5-2\/#primaryimage"},"thumbnailUrl":"https:\/\/webdesi-gn.fr\/dev_deltalabo\/wp-content\/uploads\/2025\/11\/22220-5_Corrosion_Test_Bath.jpg.webp","datePublished":"2026-03-31T11:27:50+00:00","breadcrumb":{"@id":"https:\/\/webdesi-gn.fr\/dev_deltalabo\/produits\/cat-produit\/bain-dessai-de-corrosion-stanhope-seta-22220-5-2\/#breadcrumb"},"inLanguage":"fr-FR","potentialAction":[{"@type":"ReadAction","target":["https:\/\/webdesi-gn.fr\/dev_deltalabo\/produits\/cat-produit\/bain-dessai-de-corrosion-stanhope-seta-22220-5-2\/"]}]},{"@type":"ImageObject","inLanguage":"fr-FR","@id":"https:\/\/webdesi-gn.fr\/dev_deltalabo\/produits\/cat-produit\/bain-dessai-de-corrosion-stanhope-seta-22220-5-2\/#primaryimage","url":"https:\/\/webdesi-gn.fr\/dev_deltalabo\/wp-content\/uploads\/2025\/11\/22220-5_Corrosion_Test_Bath.jpg.webp","contentUrl":"https:\/\/webdesi-gn.fr\/dev_deltalabo\/wp-content\/uploads\/2025\/11\/22220-5_Corrosion_Test_Bath.jpg.webp","width":800,"height":800},{"@type":"BreadcrumbList","@id":"https:\/\/webdesi-gn.fr\/dev_deltalabo\/produits\/cat-produit\/bain-dessai-de-corrosion-stanhope-seta-22220-5-2\/#breadcrumb","itemListElement":[{"@type":"ListItem","position":1,"name":"Accueil","item":"https:\/\/webdesi-gn.fr\/dev_deltalabo\/"},{"@type":"ListItem","position":2,"name":"Produits","item":"https:\/\/webdesi-gn.fr\/dev_deltalabo\/produits\/"},{"@type":"ListItem","position":3,"name":"Bain d\u2019essai de corrosion Stanhope Seta \u2013 22220-5"}]},{"@type":"WebSite","@id":"https:\/\/webdesi-gn.fr\/dev_deltalabo\/#website","url":"https:\/\/webdesi-gn.fr\/dev_deltalabo\/","name":"Delta Labo","description":"Un site utilisant WordPress","publisher":{"@id":"https:\/\/webdesi-gn.fr\/dev_deltalabo\/#organization"},"alternateName":"Delta Labo","potentialAction":[{"@type":"SearchAction","target":{"@type":"EntryPoint","urlTemplate":"https:\/\/webdesi-gn.fr\/dev_deltalabo\/?s={search_term_string}"},"query-input":{"@type":"PropertyValueSpecification","valueRequired":true,"valueName":"search_term_string"}}],"inLanguage":"fr-FR"},{"@type":"Organization","@id":"https:\/\/webdesi-gn.fr\/dev_deltalabo\/#organization","name":"DeltaLabo","url":"https:\/\/webdesi-gn.fr\/dev_deltalabo\/","logo":{"@type":"ImageObject","inLanguage":"fr-FR","@id":"https:\/\/webdesi-gn.fr\/dev_deltalabo\/#\/schema\/logo\/image\/","url":"https:\/\/webdesi-gn.fr\/dev_deltalabo\/wp-content\/uploads\/2022\/07\/logo-deltalabo.png","contentUrl":"https:\/\/webdesi-gn.fr\/dev_deltalabo\/wp-content\/uploads\/2022\/07\/logo-deltalabo.png","width":694,"height":306,"caption":"DeltaLabo"},"image":{"@id":"https:\/\/webdesi-gn.fr\/dev_deltalabo\/#\/schema\/logo\/image\/"}}]}},"_links":{"self":[{"href":"https:\/\/webdesi-gn.fr\/dev_deltalabo\/wp-json\/wp\/v2\/product\/263478","targetHints":{"allow":["GET"]}}],"collection":[{"href":"https:\/\/webdesi-gn.fr\/dev_deltalabo\/wp-json\/wp\/v2\/product"}],"about":[{"href":"https:\/\/webdesi-gn.fr\/dev_deltalabo\/wp-json\/wp\/v2\/types\/product"}],"wp:featuredmedia":[{"embeddable":true,"href":"https:\/\/webdesi-gn.fr\/dev_deltalabo\/wp-json\/wp\/v2\/media\/262467"}],"wp:attachment":[{"href":"https:\/\/webdesi-gn.fr\/dev_deltalabo\/wp-json\/wp\/v2\/media?parent=263478"}],"wp:term":[{"taxonomy":"domaine","embeddable":true,"href":"https:\/\/webdesi-gn.fr\/dev_deltalabo\/wp-json\/wp\/v2\/domaine?post=263478"},{"taxonomy":"normes","embeddable":true,"href":"https:\/\/webdesi-gn.fr\/dev_deltalabo\/wp-json\/wp\/v2\/normes?post=263478"},{"taxonomy":"product_brand","embeddable":true,"href":"https:\/\/webdesi-gn.fr\/dev_deltalabo\/wp-json\/wp\/v2\/product_brand?post=263478"},{"taxonomy":"product_cat","embeddable":true,"href":"https:\/\/webdesi-gn.fr\/dev_deltalabo\/wp-json\/wp\/v2\/product_cat?post=263478"},{"taxonomy":"product_tag","embeddable":true,"href":"https:\/\/webdesi-gn.fr\/dev_deltalabo\/wp-json\/wp\/v2\/product_tag?post=263478"}],"curies":[{"name":"wp","href":"https:\/\/api.w.org\/{rel}","templated":true}]}}