{"id":263507,"date":"2026-04-07T16:27:40","date_gmt":"2026-04-07T14:27:40","guid":{"rendered":"https:\/\/webdesi-gn.fr\/dev_deltalabo\/?post_type=product&#038;p=263507"},"modified":"2026-04-07T16:27:41","modified_gmt":"2026-04-07T14:27:41","slug":"fusionneuse-electrique-xrf-xrfuse-1","status":"publish","type":"product","link":"https:\/\/webdesi-gn.fr\/dev_deltalabo\/produits\/cimenterie-materiaux\/fusionneuse\/fusionneuse-electrique-xrf-xrfuse-1\/","title":{"rendered":"Fusionneuse \u00e9lectrique XRF &#8211; xrFuse 1"},"content":{"rendered":"","protected":false},"excerpt":{"rendered":"<p><strong>Fusionneuse \u00e9lectrique XRF &#8211; xrFuse 1 :<\/strong><\/p>\n<p><span dir=\"auto\">La fusionneuse \u00e9lectrique XRF &#8211; xrFuse 1 est un instrument compact permettant la pr\u00e9paration de perles destin\u00e9es aux analyses XRF et de fusions liquides destin\u00e9es aux applications d&rsquo;ICP.\u00a0<\/span><\/p>\n<p><span dir=\"auto\">Gr\u00e2ce au syst\u00e8me de changement rapide exclusif, les utilisateurs peuvent passer de la pr\u00e9paration de perles pour XRF \u00e0 la fusion alcaline pour l&rsquo;ICP en quelques secondes. <\/span><\/p>\n<p><span dir=\"auto\">La fusionneuse \u00e9lectrique xrFuse 1 peut \u00e9voluer vers une machine \u00e0 2 positions, selon les besoins. Par ailleurs, la nature des supports de creusets et des supports de moules garantit un environnement de travail sans contamination. De conception robuste, la fusionneuse \u00e9lectrique xrFuse 1 comprend tr\u00e8s peu de pi\u00e8ces mobiles et permet une utilisation dans des conditions intensives.<\/span><\/p>\n<p><span dir=\"auto\">L&rsquo;instrument garantit un fonctionnement avec une chaleur radiante tr\u00e8s faible pour plus de s\u00e9curit\u00e9 des op\u00e9rateurs.\u00a0<\/span><\/p>\n","protected":false},"featured_media":263512,"template":"","meta":{"_acf_changed":false,"site-sidebar-layout":"default","site-content-layout":"","ast-site-content-layout":"default","site-content-style":"default","site-sidebar-style":"default","ast-global-header-display":"","ast-banner-title-visibility":"","ast-main-header-display":"","ast-hfb-above-header-display":"","ast-hfb-below-header-display":"","ast-hfb-mobile-header-display":"","site-post-title":"","ast-breadcrumbs-content":"","ast-featured-img":"","footer-sml-layout":"","ast-disable-related-posts":"","theme-transparent-header-meta":"default","adv-header-id-meta":"","stick-header-meta":"","header-above-stick-meta":"","header-main-stick-meta":"","header-below-stick-meta":"","astra-migrate-meta-layouts":"set","ast-page-background-enabled":"default","ast-page-background-meta":{"desktop":{"background-color":"var(--ast-global-color-5)","background-image":"","background-repeat":"repeat","background-position":"center center","background-size":"auto","background-attachment":"scroll","background-type":"","background-media":"","overlay-type":"","overlay-color":"","overlay-opacity":"","overlay-gradient":""},"tablet":{"background-color":"","background-image":"","background-repeat":"repeat","background-position":"center center","background-size":"auto","background-attachment":"scroll","background-type":"","background-media":"","overlay-type":"","overlay-color":"","overlay-opacity":"","overlay-gradient":""},"mobile":{"background-color":"","background-image":"","background-repeat":"repeat","background-position":"center center","background-size":"auto","background-attachment":"scroll","background-type":"","background-media":"","overlay-type":"","overlay-color":"","overlay-opacity":"","overlay-gradient":""}},"ast-content-background-meta":{"desktop":{"background-color":"var(--ast-global-color-4)","background-image":"","background-repeat":"repeat","background-position":"center center","background-size":"auto","background-attachment":"scroll","background-type":"","background-media":"","overlay-type":"","overlay-color":"","overlay-opacity":"","overlay-gradient":""},"tablet":{"background-color":"var(--ast-global-color-4)","background-image":"","background-repeat":"repeat","background-position":"center center","background-size":"auto","background-attachment":"scroll","background-type":"","background-media":"","overlay-type":"","overlay-color":"","overlay-opacity":"","overlay-gradient":""},"mobile":{"background-color":"var(--ast-global-color-4)","background-image":"","background-repeat":"repeat","background-position":"center center","background-size":"auto","background-attachment":"scroll","background-type":"","background-media":"","overlay-type":"","overlay-color":"","overlay-opacity":"","overlay-gradient":""}}},"domaine":[],"normes":[],"product_brand":[],"product_cat":[17920,17206],"product_tag":[],"class_list":{"0":"post-263507","1":"product","2":"type-product","3":"status-publish","4":"has-post-thumbnail","6":"product_cat-fusionneuse-metallurgie-siderurgie","7":"product_cat-fusionneuse","8":"desktop-align-left","9":"tablet-align-left","10":"mobile-align-left","12":"first","13":"instock","14":"shipping-taxable","15":"product-type-simple"},"acf":[],"yoast_head":"<!-- This site is optimized with the Yoast SEO plugin v27.4 - https:\/\/yoast.com\/product\/yoast-seo-wordpress\/ -->\n<title>Fusionneuse \u00e9lectrique XRF - xrFuse 1 | DeltaLabo<\/title>\n<meta name=\"description\" content=\"La fusionneuse \u00e9lectrique XRF - xrfuse 1 permet la pr\u00e9paration simplifi\u00e9e d&#039;\u00e9chantillons de billes de verre pour les solutions XRF et ICP.\u00a0Devis sous 24h avec Delta Labo.\" \/>\n<meta name=\"robots\" content=\"noindex, follow, max-snippet:-1, max-image-preview:large, max-video-preview:-1\" \/>\n<meta property=\"og:locale\" content=\"fr_FR\" \/>\n<meta property=\"og:type\" content=\"article\" \/>\n<meta property=\"og:title\" content=\"Fusionneuse \u00e9lectrique XRF - xrFuse 1 | DeltaLabo\" \/>\n<meta property=\"og:description\" content=\"La fusionneuse \u00e9lectrique XRF - xrfuse 1 permet la pr\u00e9paration simplifi\u00e9e d&#039;\u00e9chantillons de billes de verre pour les solutions XRF et ICP.\u00a0Devis sous 24h avec Delta Labo.\" \/>\n<meta property=\"og:url\" content=\"https:\/\/webdesi-gn.fr\/dev_deltalabo\/produits\/cimenterie-materiaux\/fusionneuse\/fusionneuse-electrique-xrf-xrfuse-1\/\" \/>\n<meta property=\"og:site_name\" content=\"DeltaLabo\" \/>\n<meta property=\"article:modified_time\" content=\"2026-04-07T14:27:41+00:00\" \/>\n<meta property=\"og:image\" content=\"https:\/\/webdesi-gn.fr\/dev_deltalabo\/wp-content\/uploads\/2026\/04\/Fusionneuse-xrfuse-1-xrf-scientific-vue-d-ensemble.webp\" \/>\n\t<meta property=\"og:image:width\" content=\"800\" \/>\n\t<meta property=\"og:image:height\" content=\"800\" \/>\n\t<meta property=\"og:image:type\" content=\"image\/webp\" \/>\n<meta name=\"twitter:card\" content=\"summary_large_image\" \/>\n<meta name=\"twitter:label1\" content=\"Dur\u00e9e de lecture estim\u00e9e\" \/>\n\t<meta name=\"twitter:data1\" content=\"1 minute\" \/>\n<script type=\"application\/ld+json\" class=\"yoast-schema-graph\">{\"@context\":\"https:\\\/\\\/schema.org\",\"@graph\":[{\"@type\":\"WebPage\",\"@id\":\"https:\\\/\\\/webdesi-gn.fr\\\/dev_deltalabo\\\/produits\\\/cimenterie-materiaux\\\/fusionneuse\\\/fusionneuse-electrique-xrf-xrfuse-1\\\/\",\"url\":\"https:\\\/\\\/webdesi-gn.fr\\\/dev_deltalabo\\\/produits\\\/cimenterie-materiaux\\\/fusionneuse\\\/fusionneuse-electrique-xrf-xrfuse-1\\\/\",\"name\":\"Fusionneuse \u00e9lectrique XRF - xrFuse 1 | DeltaLabo\",\"isPartOf\":{\"@id\":\"https:\\\/\\\/webdesi-gn.fr\\\/dev_deltalabo\\\/#website\"},\"primaryImageOfPage\":{\"@id\":\"https:\\\/\\\/webdesi-gn.fr\\\/dev_deltalabo\\\/produits\\\/cimenterie-materiaux\\\/fusionneuse\\\/fusionneuse-electrique-xrf-xrfuse-1\\\/#primaryimage\"},\"image\":{\"@id\":\"https:\\\/\\\/webdesi-gn.fr\\\/dev_deltalabo\\\/produits\\\/cimenterie-materiaux\\\/fusionneuse\\\/fusionneuse-electrique-xrf-xrfuse-1\\\/#primaryimage\"},\"thumbnailUrl\":\"https:\\\/\\\/webdesi-gn.fr\\\/dev_deltalabo\\\/wp-content\\\/uploads\\\/2026\\\/04\\\/Fusionneuse-xrfuse-1-xrf-scientific-vue-d-ensemble.webp\",\"datePublished\":\"2026-04-07T14:27:40+00:00\",\"dateModified\":\"2026-04-07T14:27:41+00:00\",\"description\":\"La fusionneuse \u00e9lectrique XRF - xrfuse 1 permet la pr\u00e9paration simplifi\u00e9e d'\u00e9chantillons de billes de verre pour les solutions XRF et ICP.\u00a0Devis sous 24h avec Delta Labo.\",\"breadcrumb\":{\"@id\":\"https:\\\/\\\/webdesi-gn.fr\\\/dev_deltalabo\\\/produits\\\/cimenterie-materiaux\\\/fusionneuse\\\/fusionneuse-electrique-xrf-xrfuse-1\\\/#breadcrumb\"},\"inLanguage\":\"fr-FR\",\"potentialAction\":[{\"@type\":\"ReadAction\",\"target\":[\"https:\\\/\\\/webdesi-gn.fr\\\/dev_deltalabo\\\/produits\\\/cimenterie-materiaux\\\/fusionneuse\\\/fusionneuse-electrique-xrf-xrfuse-1\\\/\"]}]},{\"@type\":\"ImageObject\",\"inLanguage\":\"fr-FR\",\"@id\":\"https:\\\/\\\/webdesi-gn.fr\\\/dev_deltalabo\\\/produits\\\/cimenterie-materiaux\\\/fusionneuse\\\/fusionneuse-electrique-xrf-xrfuse-1\\\/#primaryimage\",\"url\":\"https:\\\/\\\/webdesi-gn.fr\\\/dev_deltalabo\\\/wp-content\\\/uploads\\\/2026\\\/04\\\/Fusionneuse-xrfuse-1-xrf-scientific-vue-d-ensemble.webp\",\"contentUrl\":\"https:\\\/\\\/webdesi-gn.fr\\\/dev_deltalabo\\\/wp-content\\\/uploads\\\/2026\\\/04\\\/Fusionneuse-xrfuse-1-xrf-scientific-vue-d-ensemble.webp\",\"width\":800,\"height\":800},{\"@type\":\"BreadcrumbList\",\"@id\":\"https:\\\/\\\/webdesi-gn.fr\\\/dev_deltalabo\\\/produits\\\/cimenterie-materiaux\\\/fusionneuse\\\/fusionneuse-electrique-xrf-xrfuse-1\\\/#breadcrumb\",\"itemListElement\":[{\"@type\":\"ListItem\",\"position\":1,\"name\":\"Accueil\",\"item\":\"https:\\\/\\\/webdesi-gn.fr\\\/dev_deltalabo\\\/\"},{\"@type\":\"ListItem\",\"position\":2,\"name\":\"Produits\",\"item\":\"https:\\\/\\\/webdesi-gn.fr\\\/dev_deltalabo\\\/produits\\\/\"},{\"@type\":\"ListItem\",\"position\":3,\"name\":\"Fusionneuse \u00e9lectrique XRF &#8211; xrFuse 1\"}]},{\"@type\":\"WebSite\",\"@id\":\"https:\\\/\\\/webdesi-gn.fr\\\/dev_deltalabo\\\/#website\",\"url\":\"https:\\\/\\\/webdesi-gn.fr\\\/dev_deltalabo\\\/\",\"name\":\"Delta Labo\",\"description\":\"Un site utilisant WordPress\",\"publisher\":{\"@id\":\"https:\\\/\\\/webdesi-gn.fr\\\/dev_deltalabo\\\/#organization\"},\"alternateName\":\"Delta Labo\",\"potentialAction\":[{\"@type\":\"SearchAction\",\"target\":{\"@type\":\"EntryPoint\",\"urlTemplate\":\"https:\\\/\\\/webdesi-gn.fr\\\/dev_deltalabo\\\/?s={search_term_string}\"},\"query-input\":{\"@type\":\"PropertyValueSpecification\",\"valueRequired\":true,\"valueName\":\"search_term_string\"}}],\"inLanguage\":\"fr-FR\"},{\"@type\":\"Organization\",\"@id\":\"https:\\\/\\\/webdesi-gn.fr\\\/dev_deltalabo\\\/#organization\",\"name\":\"DeltaLabo\",\"url\":\"https:\\\/\\\/webdesi-gn.fr\\\/dev_deltalabo\\\/\",\"logo\":{\"@type\":\"ImageObject\",\"inLanguage\":\"fr-FR\",\"@id\":\"https:\\\/\\\/webdesi-gn.fr\\\/dev_deltalabo\\\/#\\\/schema\\\/logo\\\/image\\\/\",\"url\":\"https:\\\/\\\/webdesi-gn.fr\\\/dev_deltalabo\\\/wp-content\\\/uploads\\\/2022\\\/07\\\/logo-deltalabo.png\",\"contentUrl\":\"https:\\\/\\\/webdesi-gn.fr\\\/dev_deltalabo\\\/wp-content\\\/uploads\\\/2022\\\/07\\\/logo-deltalabo.png\",\"width\":694,\"height\":306,\"caption\":\"DeltaLabo\"},\"image\":{\"@id\":\"https:\\\/\\\/webdesi-gn.fr\\\/dev_deltalabo\\\/#\\\/schema\\\/logo\\\/image\\\/\"}}]}<\/script>\n<!-- \/ Yoast SEO plugin. -->","yoast_head_json":{"title":"Fusionneuse \u00e9lectrique XRF - xrFuse 1 | DeltaLabo","description":"La fusionneuse \u00e9lectrique XRF - xrfuse 1 permet la pr\u00e9paration simplifi\u00e9e d'\u00e9chantillons de billes de verre pour les solutions XRF et ICP.\u00a0Devis sous 24h avec Delta Labo.","robots":{"index":"noindex","follow":"follow","max-snippet":"max-snippet:-1","max-image-preview":"max-image-preview:large","max-video-preview":"max-video-preview:-1"},"og_locale":"fr_FR","og_type":"article","og_title":"Fusionneuse \u00e9lectrique XRF - xrFuse 1 | DeltaLabo","og_description":"La fusionneuse \u00e9lectrique XRF - xrfuse 1 permet la pr\u00e9paration simplifi\u00e9e d'\u00e9chantillons de billes de verre pour les solutions XRF et ICP.\u00a0Devis sous 24h avec Delta Labo.","og_url":"https:\/\/webdesi-gn.fr\/dev_deltalabo\/produits\/cimenterie-materiaux\/fusionneuse\/fusionneuse-electrique-xrf-xrfuse-1\/","og_site_name":"DeltaLabo","article_modified_time":"2026-04-07T14:27:41+00:00","og_image":[{"width":800,"height":800,"url":"https:\/\/webdesi-gn.fr\/dev_deltalabo\/wp-content\/uploads\/2026\/04\/Fusionneuse-xrfuse-1-xrf-scientific-vue-d-ensemble.webp","type":"image\/webp"}],"twitter_card":"summary_large_image","twitter_misc":{"Dur\u00e9e de lecture estim\u00e9e":"1 minute"},"schema":{"@context":"https:\/\/schema.org","@graph":[{"@type":"WebPage","@id":"https:\/\/webdesi-gn.fr\/dev_deltalabo\/produits\/cimenterie-materiaux\/fusionneuse\/fusionneuse-electrique-xrf-xrfuse-1\/","url":"https:\/\/webdesi-gn.fr\/dev_deltalabo\/produits\/cimenterie-materiaux\/fusionneuse\/fusionneuse-electrique-xrf-xrfuse-1\/","name":"Fusionneuse \u00e9lectrique XRF - xrFuse 1 | DeltaLabo","isPartOf":{"@id":"https:\/\/webdesi-gn.fr\/dev_deltalabo\/#website"},"primaryImageOfPage":{"@id":"https:\/\/webdesi-gn.fr\/dev_deltalabo\/produits\/cimenterie-materiaux\/fusionneuse\/fusionneuse-electrique-xrf-xrfuse-1\/#primaryimage"},"image":{"@id":"https:\/\/webdesi-gn.fr\/dev_deltalabo\/produits\/cimenterie-materiaux\/fusionneuse\/fusionneuse-electrique-xrf-xrfuse-1\/#primaryimage"},"thumbnailUrl":"https:\/\/webdesi-gn.fr\/dev_deltalabo\/wp-content\/uploads\/2026\/04\/Fusionneuse-xrfuse-1-xrf-scientific-vue-d-ensemble.webp","datePublished":"2026-04-07T14:27:40+00:00","dateModified":"2026-04-07T14:27:41+00:00","description":"La fusionneuse \u00e9lectrique XRF - xrfuse 1 permet la pr\u00e9paration simplifi\u00e9e d'\u00e9chantillons de billes de verre pour les solutions XRF et ICP.\u00a0Devis sous 24h avec Delta Labo.","breadcrumb":{"@id":"https:\/\/webdesi-gn.fr\/dev_deltalabo\/produits\/cimenterie-materiaux\/fusionneuse\/fusionneuse-electrique-xrf-xrfuse-1\/#breadcrumb"},"inLanguage":"fr-FR","potentialAction":[{"@type":"ReadAction","target":["https:\/\/webdesi-gn.fr\/dev_deltalabo\/produits\/cimenterie-materiaux\/fusionneuse\/fusionneuse-electrique-xrf-xrfuse-1\/"]}]},{"@type":"ImageObject","inLanguage":"fr-FR","@id":"https:\/\/webdesi-gn.fr\/dev_deltalabo\/produits\/cimenterie-materiaux\/fusionneuse\/fusionneuse-electrique-xrf-xrfuse-1\/#primaryimage","url":"https:\/\/webdesi-gn.fr\/dev_deltalabo\/wp-content\/uploads\/2026\/04\/Fusionneuse-xrfuse-1-xrf-scientific-vue-d-ensemble.webp","contentUrl":"https:\/\/webdesi-gn.fr\/dev_deltalabo\/wp-content\/uploads\/2026\/04\/Fusionneuse-xrfuse-1-xrf-scientific-vue-d-ensemble.webp","width":800,"height":800},{"@type":"BreadcrumbList","@id":"https:\/\/webdesi-gn.fr\/dev_deltalabo\/produits\/cimenterie-materiaux\/fusionneuse\/fusionneuse-electrique-xrf-xrfuse-1\/#breadcrumb","itemListElement":[{"@type":"ListItem","position":1,"name":"Accueil","item":"https:\/\/webdesi-gn.fr\/dev_deltalabo\/"},{"@type":"ListItem","position":2,"name":"Produits","item":"https:\/\/webdesi-gn.fr\/dev_deltalabo\/produits\/"},{"@type":"ListItem","position":3,"name":"Fusionneuse \u00e9lectrique XRF &#8211; xrFuse 1"}]},{"@type":"WebSite","@id":"https:\/\/webdesi-gn.fr\/dev_deltalabo\/#website","url":"https:\/\/webdesi-gn.fr\/dev_deltalabo\/","name":"Delta Labo","description":"Un site utilisant WordPress","publisher":{"@id":"https:\/\/webdesi-gn.fr\/dev_deltalabo\/#organization"},"alternateName":"Delta Labo","potentialAction":[{"@type":"SearchAction","target":{"@type":"EntryPoint","urlTemplate":"https:\/\/webdesi-gn.fr\/dev_deltalabo\/?s={search_term_string}"},"query-input":{"@type":"PropertyValueSpecification","valueRequired":true,"valueName":"search_term_string"}}],"inLanguage":"fr-FR"},{"@type":"Organization","@id":"https:\/\/webdesi-gn.fr\/dev_deltalabo\/#organization","name":"DeltaLabo","url":"https:\/\/webdesi-gn.fr\/dev_deltalabo\/","logo":{"@type":"ImageObject","inLanguage":"fr-FR","@id":"https:\/\/webdesi-gn.fr\/dev_deltalabo\/#\/schema\/logo\/image\/","url":"https:\/\/webdesi-gn.fr\/dev_deltalabo\/wp-content\/uploads\/2022\/07\/logo-deltalabo.png","contentUrl":"https:\/\/webdesi-gn.fr\/dev_deltalabo\/wp-content\/uploads\/2022\/07\/logo-deltalabo.png","width":694,"height":306,"caption":"DeltaLabo"},"image":{"@id":"https:\/\/webdesi-gn.fr\/dev_deltalabo\/#\/schema\/logo\/image\/"}}]}},"_links":{"self":[{"href":"https:\/\/webdesi-gn.fr\/dev_deltalabo\/wp-json\/wp\/v2\/product\/263507","targetHints":{"allow":["GET"]}}],"collection":[{"href":"https:\/\/webdesi-gn.fr\/dev_deltalabo\/wp-json\/wp\/v2\/product"}],"about":[{"href":"https:\/\/webdesi-gn.fr\/dev_deltalabo\/wp-json\/wp\/v2\/types\/product"}],"wp:featuredmedia":[{"embeddable":true,"href":"https:\/\/webdesi-gn.fr\/dev_deltalabo\/wp-json\/wp\/v2\/media\/263512"}],"wp:attachment":[{"href":"https:\/\/webdesi-gn.fr\/dev_deltalabo\/wp-json\/wp\/v2\/media?parent=263507"}],"wp:term":[{"taxonomy":"domaine","embeddable":true,"href":"https:\/\/webdesi-gn.fr\/dev_deltalabo\/wp-json\/wp\/v2\/domaine?post=263507"},{"taxonomy":"normes","embeddable":true,"href":"https:\/\/webdesi-gn.fr\/dev_deltalabo\/wp-json\/wp\/v2\/normes?post=263507"},{"taxonomy":"product_brand","embeddable":true,"href":"https:\/\/webdesi-gn.fr\/dev_deltalabo\/wp-json\/wp\/v2\/product_brand?post=263507"},{"taxonomy":"product_cat","embeddable":true,"href":"https:\/\/webdesi-gn.fr\/dev_deltalabo\/wp-json\/wp\/v2\/product_cat?post=263507"},{"taxonomy":"product_tag","embeddable":true,"href":"https:\/\/webdesi-gn.fr\/dev_deltalabo\/wp-json\/wp\/v2\/product_tag?post=263507"}],"curies":[{"name":"wp","href":"https:\/\/api.w.org\/{rel}","templated":true}]}}